{"id":21660,"date":"2025-01-18T13:10:09","date_gmt":"2025-01-18T13:10:09","guid":{"rendered":"https:\/\/effafood.com\/product\/eksi-kola-siseleri-jole\/"},"modified":"2025-01-18T19:07:59","modified_gmt":"2025-01-18T19:07:59","slug":"eksi-kola-siseleri-jole","status":"publish","type":"product","link":"https:\/\/effafood.com\/tr\/product\/eksi-kola-siseleri-jole\/","title":{"rendered":"Ek\u015fi Kola \u015ei\u015fe Jelly"},"content":{"rendered":"","protected":false},"excerpt":{"rendered":"<p>FINI EK\u015e\u0130 KOLA \u015e\u0130\u015eE JELLY<\/p>\n<p>Ek\u015fi Kola \u015ei\u015felerimiz ile b\u00fcy\u00fclenmeye haz\u0131r olun! Bu lezzetli, ek\u015fi \u015fekerli kola \u015fi\u015feleri, e\u015fsiz kola lezzetini aya\u011f\u0131n\u0131za getiriyor. Her \u0131s\u0131r\u0131k, hem \u00e7ocuklar\u0131 hem de yeti\u015fkinleri g\u00fcl\u00fcmsetecek gazl\u0131 bir deneyim sunar. FINI Ek\u015fi Kola \u015ei\u015felerimiz sadece lezzetli de\u011fil, ayn\u0131 zamanda unutulmaz bir lezzet deneyimi sa\u011flar. Tatl\u0131 ve ek\u015fi aras\u0131ndaki m\u00fckemmel denge sayesinde her keyif an\u0131 k\u00fc\u00e7\u00fck bir kutlamaya d\u00f6n\u00fc\u015f\u00fcr.<\/p>\n<p>Partiler i\u00e7in, arada at\u0131\u015ft\u0131rmal\u0131k olarak veya sadece arkada\u015flarla payla\u015fmak i\u00e7in ideal olan bu keyifli ikramlar, t\u00fcm kola severler i\u00e7in bir zorunluluktur!<\/p>\n","protected":false},"featured_media":21462,"template":"","meta":[],"product_brand":[2892],"product_cat":[3121],"product_tag":[],"class_list":{"0":"post-21660","1":"product","2":"type-product","3":"status-publish","4":"has-post-thumbnail","6":"product_brand-fini-tr","7":"product_cat-sekerleme","8":"pa_barcode-8410525116766-tr","9":"pa_brand-fini-tr","10":"pa_inbox-12-tr","11":"pa_pallet-378-tr","12":"pa_shelf-life-24-ay","13":"pa_weight-2-75-gr-tr","15":"first","16":"instock","17":"shipping-taxable","18":"product-type-simple"},"_links":{"self":[{"href":"https:\/\/effafood.com\/tr\/wp-json\/wp\/v2\/product\/21660","targetHints":{"allow":["GET"]}}],"collection":[{"href":"https:\/\/effafood.com\/tr\/wp-json\/wp\/v2\/product"}],"about":[{"href":"https:\/\/effafood.com\/tr\/wp-json\/wp\/v2\/types\/product"}],"version-history":[{"count":1,"href":"https:\/\/effafood.com\/tr\/wp-json\/wp\/v2\/product\/21660\/revisions"}],"predecessor-version":[{"id":21788,"href":"https:\/\/effafood.com\/tr\/wp-json\/wp\/v2\/product\/21660\/revisions\/21788"}],"wp:featuredmedia":[{"embeddable":true,"href":"https:\/\/effafood.com\/tr\/wp-json\/wp\/v2\/media\/21462"}],"wp:attachment":[{"href":"https:\/\/effafood.com\/tr\/wp-json\/wp\/v2\/media?parent=21660"}],"wp:term":[{"taxonomy":"product_brand","embeddable":true,"href":"https:\/\/effafood.com\/tr\/wp-json\/wp\/v2\/product_brand?post=21660"},{"taxonomy":"product_cat","embeddable":true,"href":"https:\/\/effafood.com\/tr\/wp-json\/wp\/v2\/product_cat?post=21660"},{"taxonomy":"product_tag","embeddable":true,"href":"https:\/\/effafood.com\/tr\/wp-json\/wp\/v2\/product_tag?post=21660"}],"curies":[{"name":"wp","href":"https:\/\/api.w.org\/{rel}","templated":true}]}}