{"id":21659,"date":"2025-01-18T13:15:36","date_gmt":"2025-01-18T13:15:36","guid":{"rendered":"https:\/\/effafood.com\/product\/jungle-ropes-spagetti\/"},"modified":"2025-01-18T19:05:28","modified_gmt":"2025-01-18T19:05:28","slug":"jungle-ropes-spagetti","status":"publish","type":"product","link":"https:\/\/effafood.com\/tr\/product\/jungle-ropes-spagetti\/","title":{"rendered":"Orman Meyveli Spagetti"},"content":{"rendered":"","protected":false},"excerpt":{"rendered":"<p>FINI HELAL EK\u015e\u0130 ORMAN MEYVEL\u0130 SPAGHETTI<\/p>\n<p>Lezzetli FINI HELAL EK\u015e\u0130 ORMAN MEYVEL\u0130 SPAGHETTI&#8217;yi ke\u015ffedin! Bu 75g&#8217;l\u0131k ince paketler, hem tatl\u0131 hem de ek\u015fi olan benzersiz bir tat deneyimi sunar. Her bir ip, duyular i\u00e7in ger\u00e7ek bir ikramd\u0131r ve sizi renkli bir meyveli lezzet d\u00fcnyas\u0131na ta\u015f\u0131yacakt\u0131r.<\/p>\n<p>Her durum i\u00e7in m\u00fckemmeldir &#8211; ister arada at\u0131\u015ft\u0131rmal\u0131k olarak, ister partiler i\u00e7in veya sadece kendinizi \u015f\u0131martmak i\u00e7in. Ve en iyi k\u0131sm\u0131: Bu ikramlar Helal sertifikal\u0131d\u0131r, b\u00f6ylece g\u00f6n\u00fcl rahatl\u0131\u011f\u0131yla tad\u0131n\u0131 \u00e7\u0131karabilirsiniz. FINI Ek\u015fi Orman Meyveli Spaghetti ile e\u011flence ve lezzetten pay\u0131n\u0131z\u0131 hemen al\u0131n!<\/p>\n","protected":false},"featured_media":21472,"template":"","meta":[],"product_brand":[2892],"product_cat":[3121],"product_tag":[],"class_list":{"0":"post-21659","1":"product","2":"type-product","3":"status-publish","4":"has-post-thumbnail","6":"product_brand-fini-tr","7":"product_cat-sekerleme","8":"pa_barcode-8410525232220-tr","9":"pa_brand-fini-tr","10":"pa_inbox-12-tr","11":"pa_pallet-378-tr","12":"pa_shelf-life-24-ay","13":"pa_weight-2-75-gr-tr","15":"first","16":"instock","17":"shipping-taxable","18":"product-type-simple"},"_links":{"self":[{"href":"https:\/\/effafood.com\/tr\/wp-json\/wp\/v2\/product\/21659","targetHints":{"allow":["GET"]}}],"collection":[{"href":"https:\/\/effafood.com\/tr\/wp-json\/wp\/v2\/product"}],"about":[{"href":"https:\/\/effafood.com\/tr\/wp-json\/wp\/v2\/types\/product"}],"version-history":[{"count":2,"href":"https:\/\/effafood.com\/tr\/wp-json\/wp\/v2\/product\/21659\/revisions"}],"predecessor-version":[{"id":21786,"href":"https:\/\/effafood.com\/tr\/wp-json\/wp\/v2\/product\/21659\/revisions\/21786"}],"wp:featuredmedia":[{"embeddable":true,"href":"https:\/\/effafood.com\/tr\/wp-json\/wp\/v2\/media\/21472"}],"wp:attachment":[{"href":"https:\/\/effafood.com\/tr\/wp-json\/wp\/v2\/media?parent=21659"}],"wp:term":[{"taxonomy":"product_brand","embeddable":true,"href":"https:\/\/effafood.com\/tr\/wp-json\/wp\/v2\/product_brand?post=21659"},{"taxonomy":"product_cat","embeddable":true,"href":"https:\/\/effafood.com\/tr\/wp-json\/wp\/v2\/product_cat?post=21659"},{"taxonomy":"product_tag","embeddable":true,"href":"https:\/\/effafood.com\/tr\/wp-json\/wp\/v2\/product_tag?post=21659"}],"curies":[{"name":"wp","href":"https:\/\/api.w.org\/{rel}","templated":true}]}}