{"id":21655,"date":"2025-01-18T13:12:45","date_gmt":"2025-01-18T13:12:45","guid":{"rendered":"https:\/\/effafood.com\/product\/yabani-cilekli-jole\/"},"modified":"2025-01-18T19:06:49","modified_gmt":"2025-01-18T19:06:49","slug":"yabani-cilekli-jole","status":"publish","type":"product","link":"https:\/\/effafood.com\/tr\/product\/yabani-cilekli-jole\/","title":{"rendered":"Yabani \u00c7ilekli Jelly"},"content":{"rendered":"","protected":false},"excerpt":{"rendered":"<p>FINI YABAN\u0130 \u00c7\u0130LEKL\u0130 JELLY<\/p>\n<p>Kar\u015f\u0131 konulmaz FINI HALAL YABAN\u0130 \u00c7\u0130LEKL\u0130 JELLY&#8217;yi ke\u015ffedin! Bu berrak, meyveli \u00e7ilekli jelly&#8217;ler t\u00fcm \u015feker severler i\u00e7in ger\u00e7ek bir ikramd\u0131r. Her \u0131s\u0131r\u0131kta olgun \u00e7ileklerin tatl\u0131, do\u011fal tad\u0131 aktar\u0131l\u0131r ve daha fazlas\u0131 i\u00e7in geri gelmenizi sa\u011flayacak bir lezzet deneyimi sunar.<\/p>\n<p>Bu lezzetli \u00e7ilekli jelly&#8217;ler sadece helal de\u011fil, ayn\u0131 zamanda son derece lezzetli! At\u0131\u015ft\u0131rmal\u0131k olarak, parti hediyesi olarak ya da sadece kendinizi \u015f\u0131martmak i\u00e7in m\u00fckemmeldir &#8211; s\u00fcper lezzetli \u00e7ilekli lokumumuz t\u00fcm aile i\u00e7in uygundur. Deneyin ve berrak, meyvemsi lezzetlerinin sizi ba\u015ftan \u00e7\u0131karmas\u0131na izin verin!<\/p>\n","protected":false},"featured_media":21467,"template":"","meta":[],"product_brand":[2892],"product_cat":[3121],"product_tag":[],"class_list":{"0":"post-21655","1":"product","2":"type-product","3":"status-publish","4":"has-post-thumbnail","6":"product_brand-fini-tr","7":"product_cat-sekerleme","8":"pa_barcode-8410525119019-tr","9":"pa_brand-fini-tr","10":"pa_inbox-12-tr","11":"pa_pallet-378-tr","12":"pa_shelf-life-12-ay","13":"pa_weight-2-75-gr-tr","15":"first","16":"instock","17":"shipping-taxable","18":"product-type-simple"},"_links":{"self":[{"href":"https:\/\/effafood.com\/tr\/wp-json\/wp\/v2\/product\/21655","targetHints":{"allow":["GET"]}}],"collection":[{"href":"https:\/\/effafood.com\/tr\/wp-json\/wp\/v2\/product"}],"about":[{"href":"https:\/\/effafood.com\/tr\/wp-json\/wp\/v2\/types\/product"}],"version-history":[{"count":1,"href":"https:\/\/effafood.com\/tr\/wp-json\/wp\/v2\/product\/21655\/revisions"}],"predecessor-version":[{"id":21787,"href":"https:\/\/effafood.com\/tr\/wp-json\/wp\/v2\/product\/21655\/revisions\/21787"}],"wp:featuredmedia":[{"embeddable":true,"href":"https:\/\/effafood.com\/tr\/wp-json\/wp\/v2\/media\/21467"}],"wp:attachment":[{"href":"https:\/\/effafood.com\/tr\/wp-json\/wp\/v2\/media?parent=21655"}],"wp:term":[{"taxonomy":"product_brand","embeddable":true,"href":"https:\/\/effafood.com\/tr\/wp-json\/wp\/v2\/product_brand?post=21655"},{"taxonomy":"product_cat","embeddable":true,"href":"https:\/\/effafood.com\/tr\/wp-json\/wp\/v2\/product_cat?post=21655"},{"taxonomy":"product_tag","embeddable":true,"href":"https:\/\/effafood.com\/tr\/wp-json\/wp\/v2\/product_tag?post=21655"}],"curies":[{"name":"wp","href":"https:\/\/api.w.org\/{rel}","templated":true}]}}