{"id":21652,"date":"2025-01-18T13:04:01","date_gmt":"2025-01-18T13:04:01","guid":{"rendered":"https:\/\/effafood.com\/product\/eksi-alti-renkli-kalem-meyankoku\/"},"modified":"2025-01-18T19:10:40","modified_gmt":"2025-01-18T19:10:40","slug":"eksi-alti-renkli-kalem-meyankoku","status":"publish","type":"product","link":"https:\/\/effafood.com\/tr\/product\/eksi-alti-renkli-kalem-meyankoku\/","title":{"rendered":"Ek\u015fi Alt\u0131 Renkli Dolgulu Licorice"},"content":{"rendered":"","protected":false},"excerpt":{"rendered":"<p>FINI SOUR 6 RENKL\u0130 DOLGULU LICORICE<\/p>\n<p>Her ya\u015ftan \u015feker sever i\u00e7in m\u00fckemmel ek\u015fi renk kar\u0131\u015f\u0131mlar\u0131 olan lezzetli FINI HALAL EKS\u0130L\u0130 LICORICE`i ke\u015ffedin! Ger\u00e7ek bir g\u00f6z al\u0131c\u0131! \u00c7ocuklar\u0131n do\u011fum g\u00fcn\u00fc partilerinden rahat film gecelerine kadar her durum i\u00e7in idealdir.<\/p>\n<p>FINI HALAL EKS\u0130L\u0130 LICORICE, kar\u015f\u0131 konulmaz ek\u015fi tatlar\u0131n\u0131n yan\u0131 s\u0131ra lezzetli ve helal bir \u015feylerin tad\u0131n\u0131 \u00e7\u0131karmak isteyenler i\u00e7in m\u00fckemmel bir se\u00e7imdir. Canl\u0131 renkleri ve heyecan verici lezzetiyle b\u00fcy\u00fclenmeye haz\u0131r olun \u2013 hemen deneyin!<\/p>\n","protected":false},"featured_media":21452,"template":"","meta":[],"product_brand":[2892],"product_cat":[3121],"product_tag":[],"class_list":{"0":"post-21652","1":"product","2":"type-product","3":"status-publish","4":"has-post-thumbnail","6":"product_brand-fini-tr","7":"product_cat-sekerleme","8":"pa_barcode-8410525206191-tr","9":"pa_brand-fini-tr","10":"pa_inbox-12-tr","11":"pa_pallet-378-tr","12":"pa_shelf-life-24-ay","13":"pa_weight-2-75-gr-tr","15":"first","16":"instock","17":"shipping-taxable","18":"product-type-simple"},"_links":{"self":[{"href":"https:\/\/effafood.com\/tr\/wp-json\/wp\/v2\/product\/21652","targetHints":{"allow":["GET"]}}],"collection":[{"href":"https:\/\/effafood.com\/tr\/wp-json\/wp\/v2\/product"}],"about":[{"href":"https:\/\/effafood.com\/tr\/wp-json\/wp\/v2\/types\/product"}],"version-history":[{"count":1,"href":"https:\/\/effafood.com\/tr\/wp-json\/wp\/v2\/product\/21652\/revisions"}],"predecessor-version":[{"id":21790,"href":"https:\/\/effafood.com\/tr\/wp-json\/wp\/v2\/product\/21652\/revisions\/21790"}],"wp:featuredmedia":[{"embeddable":true,"href":"https:\/\/effafood.com\/tr\/wp-json\/wp\/v2\/media\/21452"}],"wp:attachment":[{"href":"https:\/\/effafood.com\/tr\/wp-json\/wp\/v2\/media?parent=21652"}],"wp:term":[{"taxonomy":"product_brand","embeddable":true,"href":"https:\/\/effafood.com\/tr\/wp-json\/wp\/v2\/product_brand?post=21652"},{"taxonomy":"product_cat","embeddable":true,"href":"https:\/\/effafood.com\/tr\/wp-json\/wp\/v2\/product_cat?post=21652"},{"taxonomy":"product_tag","embeddable":true,"href":"https:\/\/effafood.com\/tr\/wp-json\/wp\/v2\/product_tag?post=21652"}],"curies":[{"name":"wp","href":"https:\/\/api.w.org\/{rel}","templated":true}]}}