{"id":21650,"date":"2025-01-18T12:53:20","date_gmt":"2025-01-18T12:53:20","guid":{"rendered":"https:\/\/effafood.com\/product\/eksi-seftali-halkali-jole\/"},"modified":"2025-01-18T19:16:08","modified_gmt":"2025-01-18T19:16:08","slug":"eksi-seftali-halkali-jole","status":"publish","type":"product","link":"https:\/\/effafood.com\/tr\/product\/eksi-seftali-halkali-jole\/","title":{"rendered":"Ek\u015fi \u015eeftali Halkas\u0131 Jelly"},"content":{"rendered":"","protected":false},"excerpt":{"rendered":"<p>FINI EK\u015e\u0130 \u015eEFTAL\u0130 HALKALARI JELLY<\/p>\n<p>T\u00fcm \u015feftali severler i\u00e7in s\u00fcper lezzetli m\u00fckemmel ikram\u0131 ke\u015ffedin! E\u015fsiz, keskin aromas\u0131yla bu meyveli halkalar, her an\u0131n\u0131za sizi memnun edecek ferahlat\u0131c\u0131 bir aroma katar.<\/p>\n<p>\u015eeftali halkalar\u0131m\u0131z sadece damak tad\u0131n\u0131za hitap etmekle kalmaz, ayn\u0131 zamanda hareket halindeyken veya arada tatl\u0131 bir at\u0131\u015ft\u0131rmal\u0131k olarak kullanmak i\u00e7in ideal olan 75 g&#8217;l\u0131k kullan\u0131\u015fl\u0131 paketlerde sevgiyle paketlenmi\u015ftir. \u0130ster ofiste, ister piknikte ya da sadece evde olsun, bu lezzetli halkalar e\u015fsiz \u015feftali lezzetini do\u011frudan size getirir.<\/p>\n","protected":false},"featured_media":21434,"template":"","meta":[],"product_brand":[2892],"product_cat":[3121],"product_tag":[],"class_list":{"0":"post-21650","1":"product","2":"type-product","3":"status-publish","4":"has-post-thumbnail","6":"product_brand-fini-tr","7":"product_cat-sekerleme","8":"pa_barcode-8410525116797-tr","9":"pa_brand-fini-tr","10":"pa_inbox-12-tr","11":"pa_pallet-378-tr","12":"pa_shelf-life-24-ay","13":"pa_weight-2-75-gr-tr","15":"first","16":"instock","17":"shipping-taxable","18":"product-type-simple"},"_links":{"self":[{"href":"https:\/\/effafood.com\/tr\/wp-json\/wp\/v2\/product\/21650","targetHints":{"allow":["GET"]}}],"collection":[{"href":"https:\/\/effafood.com\/tr\/wp-json\/wp\/v2\/product"}],"about":[{"href":"https:\/\/effafood.com\/tr\/wp-json\/wp\/v2\/types\/product"}],"version-history":[{"count":2,"href":"https:\/\/effafood.com\/tr\/wp-json\/wp\/v2\/product\/21650\/revisions"}],"predecessor-version":[{"id":21794,"href":"https:\/\/effafood.com\/tr\/wp-json\/wp\/v2\/product\/21650\/revisions\/21794"}],"wp:featuredmedia":[{"embeddable":true,"href":"https:\/\/effafood.com\/tr\/wp-json\/wp\/v2\/media\/21434"}],"wp:attachment":[{"href":"https:\/\/effafood.com\/tr\/wp-json\/wp\/v2\/media?parent=21650"}],"wp:term":[{"taxonomy":"product_brand","embeddable":true,"href":"https:\/\/effafood.com\/tr\/wp-json\/wp\/v2\/product_brand?post=21650"},{"taxonomy":"product_cat","embeddable":true,"href":"https:\/\/effafood.com\/tr\/wp-json\/wp\/v2\/product_cat?post=21650"},{"taxonomy":"product_tag","embeddable":true,"href":"https:\/\/effafood.com\/tr\/wp-json\/wp\/v2\/product_tag?post=21650"}],"curies":[{"name":"wp","href":"https:\/\/api.w.org\/{rel}","templated":true}]}}