{"id":21649,"date":"2025-01-18T13:00:11","date_gmt":"2025-01-18T13:00:11","guid":{"rendered":"https:\/\/effafood.com\/product\/muzlu-jole\/"},"modified":"2025-01-18T19:12:36","modified_gmt":"2025-01-18T19:12:36","slug":"muzlu-jole","status":"publish","type":"product","link":"https:\/\/effafood.com\/tr\/product\/muzlu-jole\/","title":{"rendered":"Muz Aromal\u0131 Jelly"},"content":{"rendered":"","protected":false},"excerpt":{"rendered":"<p>FINI MUZ AROMALI JELLY<\/p>\n<p>FINI MUZ AROMALI&#8217;n\u0131n lezzetli ikram\u0131n\u0131 ke\u015ffedin! Bu meyveli, yumu\u015fak, \u00e7i\u011fnenebilir \u015fekerler sadece damak tad\u0131n\u0131z i\u00e7in ger\u00e7ek bir zevk de\u011fil, ayn\u0131 zamanda bilin\u00e7li at\u0131\u015ft\u0131rmal\u0131k severler i\u00e7in de m\u00fckemmel bir se\u00e7imdir. 75 g a\u011f\u0131rl\u0131\u011f\u0131ndaki bu \u015fekerler, k\u00fc\u00e7\u00fck at\u0131\u015ft\u0131rmal\u0131klar i\u00e7in ideal bir porsiyon sunar.<\/p>\n<p>FINI MUZ AROMALI&#8217;n\u0131n meyvemsi tad\u0131n\u0131n sizi ba\u015ftan \u00e7\u0131karmas\u0131na izin verin ve bu k\u00fc\u00e7\u00fck, ay\u0131 \u015feklindeki arkada\u015flar\u0131n\u0131z\u0131n tad\u0131n\u0131 her f\u0131rsatta \u00e7\u0131kar\u0131n. \u0130ster hareket halindeyken at\u0131\u015ft\u0131rmal\u0131k olarak, ister tatl\u0131 b\u00fcfesinin bir par\u00e7as\u0131 olarak ya da sadece kendinizi \u015f\u0131martmak i\u00e7in &#8211; FINI MUZ AROMALI her zaman do\u011fru se\u00e7imdir!<\/p>\n","protected":false},"featured_media":21447,"template":"","meta":[],"product_brand":[2892],"product_cat":[3121],"product_tag":[],"class_list":{"0":"post-21649","1":"product","2":"type-product","3":"status-publish","4":"has-post-thumbnail","6":"product_brand-fini-tr","7":"product_cat-sekerleme","8":"pa_barcode-8410525116759-tr","9":"pa_brand-fini-tr","10":"pa_inbox-12-tr","11":"pa_pallet-378-tr","12":"pa_shelf-life-24-ay","13":"pa_weight-2-75-gr-tr","15":"first","16":"instock","17":"shipping-taxable","18":"product-type-simple"},"_links":{"self":[{"href":"https:\/\/effafood.com\/tr\/wp-json\/wp\/v2\/product\/21649","targetHints":{"allow":["GET"]}}],"collection":[{"href":"https:\/\/effafood.com\/tr\/wp-json\/wp\/v2\/product"}],"about":[{"href":"https:\/\/effafood.com\/tr\/wp-json\/wp\/v2\/types\/product"}],"version-history":[{"count":1,"href":"https:\/\/effafood.com\/tr\/wp-json\/wp\/v2\/product\/21649\/revisions"}],"predecessor-version":[{"id":21791,"href":"https:\/\/effafood.com\/tr\/wp-json\/wp\/v2\/product\/21649\/revisions\/21791"}],"wp:featuredmedia":[{"embeddable":true,"href":"https:\/\/effafood.com\/tr\/wp-json\/wp\/v2\/media\/21447"}],"wp:attachment":[{"href":"https:\/\/effafood.com\/tr\/wp-json\/wp\/v2\/media?parent=21649"}],"wp:term":[{"taxonomy":"product_brand","embeddable":true,"href":"https:\/\/effafood.com\/tr\/wp-json\/wp\/v2\/product_brand?post=21649"},{"taxonomy":"product_cat","embeddable":true,"href":"https:\/\/effafood.com\/tr\/wp-json\/wp\/v2\/product_cat?post=21649"},{"taxonomy":"product_tag","embeddable":true,"href":"https:\/\/effafood.com\/tr\/wp-json\/wp\/v2\/product_tag?post=21649"}],"curies":[{"name":"wp","href":"https:\/\/api.w.org\/{rel}","templated":true}]}}