{"id":21647,"date":"2025-01-18T12:47:23","date_gmt":"2025-01-18T12:47:23","guid":{"rendered":"https:\/\/effafood.com\/product\/eksi-karpuz-dilimli-jole\/"},"modified":"2025-01-18T19:17:12","modified_gmt":"2025-01-18T19:17:12","slug":"eksi-karpuz-dilimli-jole","status":"publish","type":"product","link":"https:\/\/effafood.com\/tr\/product\/eksi-karpuz-dilimli-jole\/","title":{"rendered":"Ek\u015fi Karpuz Dilimli Jelly"},"content":{"rendered":"","protected":false},"excerpt":{"rendered":"<p>FINI KARPUZ D\u0130L\u0130MLER\u0130 JELLY<\/p>\n<p>Lezzetli FINI HELAL Karpuz Dilimlerini ke\u015ffedin! 75 g a\u011f\u0131rl\u0131\u011f\u0131ndaki bu meyveli ikramlar, her durum i\u00e7in m\u00fckemmel bir at\u0131\u015ft\u0131rmal\u0131kt\u0131r. Sulu dilimler sadece lezzetli de\u011fil, ayn\u0131 zamanda HELAL sertifikal\u0131d\u0131r, b\u00f6ylece bilin\u00e7li bir se\u00e7im yapt\u0131\u011f\u0131n\u0131z i\u00e7in kendinizi iyi hissedebilirsiniz. T\u00fcm y\u0131l boyunca yaz\u0131n tatl\u0131 lezzetinin tad\u0131n\u0131 \u00e7\u0131kar\u0131n &#8211; ister hareket halindeyken at\u0131\u015ft\u0131rmal\u0131k olarak, ister beslenme \u00e7antas\u0131nda veya sadece her zaman i\u00e7in \u00f6zel bir ikram olarak. Arkada\u015flar\u0131n\u0131z\u0131 ve ailenizi bu meyveli lezzetlerle \u015fa\u015f\u0131rt\u0131n ve g\u00fcn\u00fcn\u00fcze tazelik kat\u0131n!<\/p>\n","protected":false},"featured_media":21429,"template":"","meta":[],"product_brand":[2892],"product_cat":[3121],"product_tag":[],"class_list":{"0":"post-21647","1":"product","2":"type-product","3":"status-publish","4":"has-post-thumbnail","6":"product_brand-fini-tr","7":"product_cat-sekerleme","8":"pa_barcode-8410525178085-tr","9":"pa_brand-fini-tr","10":"pa_inbox-12-tr","11":"pa_pallet-378-tr","12":"pa_shelf-life-24-ay","13":"pa_weight-2-75-gr-tr","15":"first","16":"instock","17":"shipping-taxable","18":"product-type-simple"},"_links":{"self":[{"href":"https:\/\/effafood.com\/tr\/wp-json\/wp\/v2\/product\/21647","targetHints":{"allow":["GET"]}}],"collection":[{"href":"https:\/\/effafood.com\/tr\/wp-json\/wp\/v2\/product"}],"about":[{"href":"https:\/\/effafood.com\/tr\/wp-json\/wp\/v2\/types\/product"}],"version-history":[{"count":1,"href":"https:\/\/effafood.com\/tr\/wp-json\/wp\/v2\/product\/21647\/revisions"}],"predecessor-version":[{"id":21795,"href":"https:\/\/effafood.com\/tr\/wp-json\/wp\/v2\/product\/21647\/revisions\/21795"}],"wp:featuredmedia":[{"embeddable":true,"href":"https:\/\/effafood.com\/tr\/wp-json\/wp\/v2\/media\/21429"}],"wp:attachment":[{"href":"https:\/\/effafood.com\/tr\/wp-json\/wp\/v2\/media?parent=21647"}],"wp:term":[{"taxonomy":"product_brand","embeddable":true,"href":"https:\/\/effafood.com\/tr\/wp-json\/wp\/v2\/product_brand?post=21647"},{"taxonomy":"product_cat","embeddable":true,"href":"https:\/\/effafood.com\/tr\/wp-json\/wp\/v2\/product_cat?post=21647"},{"taxonomy":"product_tag","embeddable":true,"href":"https:\/\/effafood.com\/tr\/wp-json\/wp\/v2\/product_tag?post=21647"}],"curies":[{"name":"wp","href":"https:\/\/api.w.org\/{rel}","templated":true}]}}