{"id":21644,"date":"2025-01-18T12:57:32","date_gmt":"2025-01-18T12:57:32","guid":{"rendered":"https:\/\/effafood.com\/product\/cilekli-opucuk-jolesi\/"},"modified":"2025-01-18T19:17:55","modified_gmt":"2025-01-18T19:17:55","slug":"cilekli-opucuk-jolesi","status":"publish","type":"product","link":"https:\/\/effafood.com\/tr\/product\/cilekli-opucuk-jolesi\/","title":{"rendered":"\u00c7ilekli \u00d6p\u00fcc\u00fck Jelly"},"content":{"rendered":"","protected":false},"excerpt":{"rendered":"<p>FINI \u00c7\u0130LEK AROMALI \u00d6P\u00dcC\u00dcK JELLY<\/p>\n<p>Lezzetli FINI HALAL \u00c7\u0130LEK AROMALI \u00d6P\u00dcC\u00dcK JELLY&#8217;yi ke\u015ffedin! Bu yumu\u015fak sak\u0131zl\u0131 \u015fekerler, taze \u00e7ileklerin tatl\u0131 ve cezbedici tad\u0131yla doludur ve kalbinizi k\u0131sa s\u00fcrede ele ge\u00e7irecektir. Her \u0131s\u0131r\u0131k, hem \u00e7ocuklar\u0131 hem de yeti\u015fkinleri memnun edecek meyveli bir deneyim sunar.<\/p>\n","protected":false},"featured_media":21442,"template":"","meta":[],"product_brand":[2892],"product_cat":[3121],"product_tag":[],"class_list":{"0":"post-21644","1":"product","2":"type-product","3":"status-publish","4":"has-post-thumbnail","6":"product_brand-fini-tr","7":"product_cat-sekerleme","8":"pa_barcode-8410525116704-tr","9":"pa_brand-fini-tr","10":"pa_inbox-12-tr","11":"pa_pallet-378-tr","12":"pa_shelf-life-24-ay","13":"pa_weight-2-75-gr-tr","15":"first","16":"instock","17":"shipping-taxable","18":"product-type-simple"},"_links":{"self":[{"href":"https:\/\/effafood.com\/tr\/wp-json\/wp\/v2\/product\/21644","targetHints":{"allow":["GET"]}}],"collection":[{"href":"https:\/\/effafood.com\/tr\/wp-json\/wp\/v2\/product"}],"about":[{"href":"https:\/\/effafood.com\/tr\/wp-json\/wp\/v2\/types\/product"}],"version-history":[{"count":2,"href":"https:\/\/effafood.com\/tr\/wp-json\/wp\/v2\/product\/21644\/revisions"}],"predecessor-version":[{"id":21796,"href":"https:\/\/effafood.com\/tr\/wp-json\/wp\/v2\/product\/21644\/revisions\/21796"}],"wp:featuredmedia":[{"embeddable":true,"href":"https:\/\/effafood.com\/tr\/wp-json\/wp\/v2\/media\/21442"}],"wp:attachment":[{"href":"https:\/\/effafood.com\/tr\/wp-json\/wp\/v2\/media?parent=21644"}],"wp:term":[{"taxonomy":"product_brand","embeddable":true,"href":"https:\/\/effafood.com\/tr\/wp-json\/wp\/v2\/product_brand?post=21644"},{"taxonomy":"product_cat","embeddable":true,"href":"https:\/\/effafood.com\/tr\/wp-json\/wp\/v2\/product_cat?post=21644"},{"taxonomy":"product_tag","embeddable":true,"href":"https:\/\/effafood.com\/tr\/wp-json\/wp\/v2\/product_tag?post=21644"}],"curies":[{"name":"wp","href":"https:\/\/api.w.org\/{rel}","templated":true}]}}