{"id":21642,"date":"2025-01-18T11:55:37","date_gmt":"2025-01-18T11:55:37","guid":{"rendered":"https:\/\/effafood.com\/product\/karpuzlu-sakiz-paketi\/"},"modified":"2025-01-18T19:20:11","modified_gmt":"2025-01-18T19:20:11","slug":"karpuzlu-sakiz-paketi","status":"publish","type":"product","link":"https:\/\/effafood.com\/tr\/product\/karpuzlu-sakiz-paketi\/","title":{"rendered":"Karpuzlu Sak\u0131z Display"},"content":{"rendered":"","protected":false},"excerpt":{"rendered":"<div class=\"flex-shrink-0 flex flex-col relative items-end\">\n<div>\n<div class=\"pt-0\">\n<div class=\"gizmo-bot-avatar flex h-8 w-8 items-center justify-center overflow-hidden rounded-full\"><\/div>\n<\/div>\n<\/div>\n<\/div>\n<div class=\"group\/conversation-turn relative flex w-full min-w-0 flex-col agent-turn\">\n<div class=\"flex-col gap-1 md:gap-3\">\n<div class=\"flex max-w-full flex-col flex-grow\">\n<div class=\"min-h-8 text-message flex w-full flex-col items-end gap-2 whitespace-normal break-words text-start [.text-message+&amp;]:mt-5\" dir=\"auto\" data-message-author-role=\"assistant\" data-message-id=\"e227115d-da55-475b-afb2-3f4792493b6f\" data-message-model-slug=\"gpt-4o-mini\">\n<div class=\"flex w-full flex-col gap-1 empty:hidden first:pt-[3px]\">\n<div class=\"markdown prose w-full break-words dark:prose-invert light\">\n<p>FINI KARPUZLU SAKIZ DISPLAY<\/p>\n<p>Ek\u015fi Karpuz Sak\u0131z ile tatl\u0131 ferahl\u0131\u011f\u0131 ke\u015ffedin! Bu karpuz dolgulu sak\u0131z toplar\u0131, damak tad\u0131n\u0131z\u0131 tazeleyecek. Fini Karpuz Sak\u0131z 75g po\u015feti, size lezzetli bir tat deneyimi sunar. Sulu karpuzla dolu bu sak\u0131z toplar\u0131n\u0131n her bir \u0131s\u0131r\u0131\u011f\u0131, hem gen\u00e7leri hem de ya\u015fl\u0131lar\u0131 heyecanland\u0131racak meyveli bir zevk patlamas\u0131d\u0131r. H\u0131zl\u0131 bir at\u0131\u015ft\u0131rmal\u0131k veya partilerde tatl\u0131 bir ikram i\u00e7in ideal olan bu sak\u0131zlar sadece lezzetli olmakla kalmaz, ayn\u0131 zamanda iyi hisler de verir! Fini Karpuzlu Sak\u0131z Toplar\u0131 ile g\u00fcn\u00fcn\u00fcze biraz renk ve ne\u015fe kat\u0131n. Deneyin ve ferahlat\u0131c\u0131 tad\u0131 ile ikna olun!<\/p>\n<\/div>\n<\/div>\n<\/div>\n<\/div>\n<\/div>\n<\/div>\n","protected":false},"featured_media":21424,"template":"","meta":[],"product_brand":[2892],"product_cat":[3121],"product_tag":[],"class_list":{"0":"post-21642","1":"product","2":"type-product","3":"status-publish","4":"has-post-thumbnail","6":"product_brand-fini-tr","7":"product_cat-sekerleme","8":"pa_barcode-8410525143403-tr","9":"pa_brand-fini-tr","10":"pa_inbox-12-tr","11":"pa_pallet-378-tr","12":"pa_shelf-life-24-ay","13":"pa_weight-2-75-gr-tr","15":"first","16":"instock","17":"shipping-taxable","18":"product-type-simple"},"_links":{"self":[{"href":"https:\/\/effafood.com\/tr\/wp-json\/wp\/v2\/product\/21642","targetHints":{"allow":["GET"]}}],"collection":[{"href":"https:\/\/effafood.com\/tr\/wp-json\/wp\/v2\/product"}],"about":[{"href":"https:\/\/effafood.com\/tr\/wp-json\/wp\/v2\/types\/product"}],"version-history":[{"count":1,"href":"https:\/\/effafood.com\/tr\/wp-json\/wp\/v2\/product\/21642\/revisions"}],"predecessor-version":[{"id":21797,"href":"https:\/\/effafood.com\/tr\/wp-json\/wp\/v2\/product\/21642\/revisions\/21797"}],"wp:featuredmedia":[{"embeddable":true,"href":"https:\/\/effafood.com\/tr\/wp-json\/wp\/v2\/media\/21424"}],"wp:attachment":[{"href":"https:\/\/effafood.com\/tr\/wp-json\/wp\/v2\/media?parent=21642"}],"wp:term":[{"taxonomy":"product_brand","embeddable":true,"href":"https:\/\/effafood.com\/tr\/wp-json\/wp\/v2\/product_brand?post=21642"},{"taxonomy":"product_cat","embeddable":true,"href":"https:\/\/effafood.com\/tr\/wp-json\/wp\/v2\/product_cat?post=21642"},{"taxonomy":"product_tag","embeddable":true,"href":"https:\/\/effafood.com\/tr\/wp-json\/wp\/v2\/product_tag?post=21642"}],"curies":[{"name":"wp","href":"https:\/\/api.w.org\/{rel}","templated":true}]}}