{"id":21640,"date":"2025-01-18T14:16:49","date_gmt":"2025-01-18T14:16:49","guid":{"rendered":"https:\/\/effafood.com\/product\/neon-ayilar-jole\/"},"modified":"2025-01-18T18:09:16","modified_gmt":"2025-01-18T18:09:16","slug":"neon-ayilar-jole","status":"publish","type":"product","link":"https:\/\/effafood.com\/tr\/product\/neon-ayilar-jole\/","title":{"rendered":"Neon Ay\u0131c\u0131k Jelly"},"content":{"rendered":"","protected":false},"excerpt":{"rendered":"<p>FINI HALAL NEON AYICIKLAR<\/p>\n<p>FINI HALAL NEON AYICIKLAR ile canl\u0131 bir lezzet d\u00fcnyas\u0131na ad\u0131m at\u0131n! Bu renkli ve lezzetli sak\u0131zl\u0131 ay\u0131c\u0131klar, sadece damak tad\u0131n\u0131za hitap etmekle kalmaz, ayn\u0131 zamanda her \u0131s\u0131r\u0131kta daha fazlas\u0131n\u0131 istemenize neden olacak neon renkli meyveli aromalarla doludur.<\/p>\n<p>Neon Ay\u0131c\u0131klar\u0131m\u0131z\u0131 \u00f6zel k\u0131lan nedir? Ya\u011fs\u0131z ve gl\u00fctensiz olmalar\u0131, onlar\u0131 diyetlerine dikkat eden ancak yine de tatl\u0131 bir keyif arayan herkes i\u00e7in m\u00fckemmel bir se\u00e7enek yapar. Her bir sak\u0131zl\u0131 ay\u0131c\u0131k, e\u011flenceli ve renkli bir pakete sar\u0131lm\u0131\u015f ferahlat\u0131c\u0131 ve meyveli bir lezzet patlamas\u0131 sunar.<\/p>\n<p>Bu tatl\u0131lar her ya\u015fa hitap eder ve her durum i\u00e7in idealdir: \u0130ster film izlerken at\u0131\u015ft\u0131rmal\u0131k olarak, ister bir tatl\u0131 ka\u00e7ama\u011f\u0131 olarak ya da partinize tatl\u0131 bir dokunu\u015f katmak i\u00e7in&#8230; FINI HALAL NEON AYICIKLAR, her an\u0131n\u0131za renk ve keyif katacak!<\/p>\n","protected":false},"featured_media":21559,"template":"","meta":[],"product_brand":[2892],"product_cat":[3121],"product_tag":[],"class_list":{"0":"post-21640","1":"product","2":"type-product","3":"status-publish","4":"has-post-thumbnail","6":"product_brand-fini-tr","7":"product_cat-sekerleme","8":"pa_barcode-8410525116728-tr","9":"pa_brand-fini-tr","10":"pa_inbox-12-tr","11":"pa_pallet-378-tr","12":"pa_shelf-life-12-ay","13":"pa_weight-2-75-gr-tr","15":"first","16":"instock","17":"shipping-taxable","18":"product-type-simple"},"_links":{"self":[{"href":"https:\/\/effafood.com\/tr\/wp-json\/wp\/v2\/product\/21640","targetHints":{"allow":["GET"]}}],"collection":[{"href":"https:\/\/effafood.com\/tr\/wp-json\/wp\/v2\/product"}],"about":[{"href":"https:\/\/effafood.com\/tr\/wp-json\/wp\/v2\/types\/product"}],"version-history":[{"count":1,"href":"https:\/\/effafood.com\/tr\/wp-json\/wp\/v2\/product\/21640\/revisions"}],"predecessor-version":[{"id":21767,"href":"https:\/\/effafood.com\/tr\/wp-json\/wp\/v2\/product\/21640\/revisions\/21767"}],"wp:featuredmedia":[{"embeddable":true,"href":"https:\/\/effafood.com\/tr\/wp-json\/wp\/v2\/media\/21559"}],"wp:attachment":[{"href":"https:\/\/effafood.com\/tr\/wp-json\/wp\/v2\/media?parent=21640"}],"wp:term":[{"taxonomy":"product_brand","embeddable":true,"href":"https:\/\/effafood.com\/tr\/wp-json\/wp\/v2\/product_brand?post=21640"},{"taxonomy":"product_cat","embeddable":true,"href":"https:\/\/effafood.com\/tr\/wp-json\/wp\/v2\/product_cat?post=21640"},{"taxonomy":"product_tag","embeddable":true,"href":"https:\/\/effafood.com\/tr\/wp-json\/wp\/v2\/product_tag?post=21640"}],"curies":[{"name":"wp","href":"https:\/\/api.w.org\/{rel}","templated":true}]}}