{"id":21639,"date":"2025-01-18T14:13:51","date_gmt":"2025-01-18T14:13:51","guid":{"rendered":"https:\/\/effafood.com\/product\/sihirli-halilar-meyan-koku\/"},"modified":"2025-01-18T18:10:22","modified_gmt":"2025-01-18T18:10:22","slug":"sihirli-halilar-meyan-koku","status":"publish","type":"product","link":"https:\/\/effafood.com\/tr\/product\/sihirli-halilar-meyan-koku\/","title":{"rendered":"Sihirli Hal\u0131 Licorice"},"content":{"rendered":"","protected":false},"excerpt":{"rendered":"<p>FINI HALAL S\u0130H\u0130RL\u0130 HALI<\/p>\n<p>FINI HALAL S\u0130H\u0130RL\u0130 HALI&#8217;n\u0131n b\u00fcy\u00fcleyici d\u00fcnyas\u0131na ad\u0131m at\u0131n &#8211; t\u00fcm \u015feker severler i\u00e7in nihai ek\u015fi \u015feritler! Alt\u0131 heyecan verici aromayla dolu bu e\u015fsiz \u015feritler, duyular\u0131n\u0131z\u0131 b\u00fcy\u00fcleyecek ve her \u0131s\u0131r\u0131kta sizi bamba\u015fka bir tat deneyimine s\u00fcr\u00fckleyecek.<\/p>\n<p>Her \u0131s\u0131r\u0131kta, ferahlat\u0131c\u0131 ek\u015filik ve meyveli tatl\u0131l\u0131\u011f\u0131n m\u00fckemmel dengesini ke\u015ffederek her an\u0131 unutulmaz k\u0131lacaks\u0131n\u0131z. Bu gl\u00fctensiz, vegan ve helal sertifikal\u0131 ikramlar, ister dinlendirici bir film gecesi, ister bir parti, isterse sadece meyveli bir at\u0131\u015ft\u0131rmal\u0131k olsun, her durum i\u00e7in m\u00fckemmel bir se\u00e7imdir.<\/p>\n<p>FINI HALAL S\u0130H\u0130RL\u0130 HALI&#8217;n\u0131n b\u00fcy\u00fcl\u00fc \u00e7e\u015fitlili\u011fi ve e\u015fsiz lezzetini deneyimleyin! Taze, ek\u015fi patlamalar\u0131n sizi heyecanland\u0131rmas\u0131na ve meyveli tatl\u0131l\u0131\u011f\u0131n damak tad\u0131n\u0131z\u0131 nas\u0131l memnun edece\u011fine kendinizi b\u0131rak\u0131n.<\/p>\n","protected":false},"featured_media":21553,"template":"","meta":[],"product_brand":[2892],"product_cat":[3121],"product_tag":[],"class_list":{"0":"post-21639","1":"product","2":"type-product","3":"status-publish","4":"has-post-thumbnail","6":"product_brand-fini-tr","7":"product_cat-sekerleme","8":"pa_barcode-8410525121500-tr","9":"pa_brand-fini-tr","10":"pa_inbox-12-tr","11":"pa_pallet-378-tr","12":"pa_shelf-life-24-ay","13":"pa_weight-2-75-gr-tr","15":"first","16":"instock","17":"shipping-taxable","18":"product-type-simple"},"_links":{"self":[{"href":"https:\/\/effafood.com\/tr\/wp-json\/wp\/v2\/product\/21639","targetHints":{"allow":["GET"]}}],"collection":[{"href":"https:\/\/effafood.com\/tr\/wp-json\/wp\/v2\/product"}],"about":[{"href":"https:\/\/effafood.com\/tr\/wp-json\/wp\/v2\/types\/product"}],"version-history":[{"count":1,"href":"https:\/\/effafood.com\/tr\/wp-json\/wp\/v2\/product\/21639\/revisions"}],"predecessor-version":[{"id":21768,"href":"https:\/\/effafood.com\/tr\/wp-json\/wp\/v2\/product\/21639\/revisions\/21768"}],"wp:featuredmedia":[{"embeddable":true,"href":"https:\/\/effafood.com\/tr\/wp-json\/wp\/v2\/media\/21553"}],"wp:attachment":[{"href":"https:\/\/effafood.com\/tr\/wp-json\/wp\/v2\/media?parent=21639"}],"wp:term":[{"taxonomy":"product_brand","embeddable":true,"href":"https:\/\/effafood.com\/tr\/wp-json\/wp\/v2\/product_brand?post=21639"},{"taxonomy":"product_cat","embeddable":true,"href":"https:\/\/effafood.com\/tr\/wp-json\/wp\/v2\/product_cat?post=21639"},{"taxonomy":"product_tag","embeddable":true,"href":"https:\/\/effafood.com\/tr\/wp-json\/wp\/v2\/product_tag?post=21639"}],"curies":[{"name":"wp","href":"https:\/\/api.w.org\/{rel}","templated":true}]}}