{"id":21636,"date":"2025-01-18T14:20:23","date_gmt":"2025-01-18T14:20:23","guid":{"rendered":"https:\/\/effafood.com\/product\/gokkusagi-kalem-ip-meyan-koku\/"},"modified":"2025-01-18T18:08:08","modified_gmt":"2025-01-18T18:08:08","slug":"gokkusagi-kalem-ip-meyan-koku","status":"publish","type":"product","link":"https:\/\/effafood.com\/tr\/product\/gokkusagi-kalem-ip-meyan-koku\/","title":{"rendered":"G\u00f6kku\u015fa\u011f\u0131 Yagli Licorice"},"content":{"rendered":"","protected":false},"excerpt":{"rendered":"<p>FINI G\u00d6KKU\u015eA\u011eI LICORICE<\/p>\n<p>\u015eeker severler i\u00e7in m\u00fckemmel bir ikram olan FINI G\u00d6KKU\u015eA\u011eI LICORICE ile canl\u0131 tatlar d\u00fcnyas\u0131na ad\u0131m at\u0131n! Bu renkli, \u00e7ok aromal\u0131 t\u00fcpler heyecan verici tatlarla doludur ve her durum i\u00e7in m\u00fckemmel bir at\u0131\u015ft\u0131rmal\u0131kt\u0131r. \u0130ster tek ba\u015f\u0131n\u0131za ister arkada\u015flar\u0131n\u0131zla payla\u015f\u0131yor olun, FINI G\u00d6KKU\u015eA\u011eI LICORICE her an\u0131n\u0131za ne\u015fe kataca\u011f\u0131ndan emin olabilirsiniz.<\/p>\n<p>Onlar\u0131 \u00f6zel k\u0131lan nedir? Canl\u0131 renkleriyle sadece g\u00f6zlere hitap etmekle kalmaz, ayn\u0131 zamanda hem \u00e7ocuklar hem de yeti\u015fkinler i\u00e7in unutulmaz bir \u015fekerleme deneyimi sunar. Bu g\u00f6kku\u015fa\u011f\u0131 renkli lik\u00f6rler, her \u0131s\u0131r\u0131kta e\u011flenceli bir tat ve keyifli bir an\u0131 garanti eder!<\/p>\n","protected":false},"featured_media":21564,"template":"","meta":[],"product_brand":[2892],"product_cat":[3121],"product_tag":[],"class_list":{"0":"post-21636","1":"product","2":"type-product","3":"status-publish","4":"has-post-thumbnail","6":"product_brand-fini-tr","7":"product_cat-sekerleme","8":"pa_barcode-8410525211096-tr","9":"pa_brand-fini-tr","10":"pa_inbox-12-tr","11":"pa_pallet-378-tr","12":"pa_shelf-life-24-ay","13":"pa_weight-2-75-gr-tr","15":"first","16":"instock","17":"shipping-taxable","18":"product-type-simple"},"_links":{"self":[{"href":"https:\/\/effafood.com\/tr\/wp-json\/wp\/v2\/product\/21636","targetHints":{"allow":["GET"]}}],"collection":[{"href":"https:\/\/effafood.com\/tr\/wp-json\/wp\/v2\/product"}],"about":[{"href":"https:\/\/effafood.com\/tr\/wp-json\/wp\/v2\/types\/product"}],"version-history":[{"count":1,"href":"https:\/\/effafood.com\/tr\/wp-json\/wp\/v2\/product\/21636\/revisions"}],"predecessor-version":[{"id":21766,"href":"https:\/\/effafood.com\/tr\/wp-json\/wp\/v2\/product\/21636\/revisions\/21766"}],"wp:featuredmedia":[{"embeddable":true,"href":"https:\/\/effafood.com\/tr\/wp-json\/wp\/v2\/media\/21564"}],"wp:attachment":[{"href":"https:\/\/effafood.com\/tr\/wp-json\/wp\/v2\/media?parent=21636"}],"wp:term":[{"taxonomy":"product_brand","embeddable":true,"href":"https:\/\/effafood.com\/tr\/wp-json\/wp\/v2\/product_brand?post=21636"},{"taxonomy":"product_cat","embeddable":true,"href":"https:\/\/effafood.com\/tr\/wp-json\/wp\/v2\/product_cat?post=21636"},{"taxonomy":"product_tag","embeddable":true,"href":"https:\/\/effafood.com\/tr\/wp-json\/wp\/v2\/product_tag?post=21636"}],"curies":[{"name":"wp","href":"https:\/\/api.w.org\/{rel}","templated":true}]}}