{"id":21635,"date":"2025-01-18T14:11:12","date_gmt":"2025-01-18T14:11:12","guid":{"rendered":"https:\/\/effafood.com\/product\/yagli-kurbaga-jolesi\/"},"modified":"2025-01-18T18:11:23","modified_gmt":"2025-01-18T18:11:23","slug":"yagli-kurbaga-jolesi","status":"publish","type":"product","link":"https:\/\/effafood.com\/tr\/product\/yagli-kurbaga-jolesi\/","title":{"rendered":"Ya\u011fl\u0131 Kurba\u011fa Jelly"},"content":{"rendered":"","protected":false},"excerpt":{"rendered":"<p>FINI JELLY KURBA\u011eA<\/p>\n<p>FINI JELLY KURBA\u011eA ile e\u011flenceli ve meyveli tatlar d\u00fcnyas\u0131na ad\u0131m at\u0131n! Bu renkli, sak\u0131zl\u0131 kurba\u011fa \u015fekilli ikramlar, hem \u00e7ocuklar\u0131 hem de yeti\u015fkinleri b\u00fcy\u00fcleyecek. Her bir \u00e7i\u011fneme, a\u011f\u0131zda eriyen tatl\u0131, meyveli bir patlama sunarak her \u0131s\u0131r\u0131\u011f\u0131 e\u011flenceli ve lezzetli bir deneyime d\u00f6n\u00fc\u015ft\u00fcr\u00fcr.<\/p>\n<p>FINI JELLY KURBA\u011eA, tatlar\u0131yla sadece damaklar\u0131 de\u011fil, ayn\u0131 zamanda g\u00f6zleri de \u015fenlendiren e\u011flenceli bir at\u0131\u015ft\u0131rmal\u0131kt\u0131r. Her \u0131s\u0131r\u0131kta g\u00fcl\u00fcmsemenizi garantileyen bu tatl\u0131 ikramla, g\u00fcn\u00fcn\u00fcze ne\u015fe kat\u0131n ve her an\u0131 renklendirin!<\/p>\n","protected":false},"featured_media":21548,"template":"","meta":[],"product_brand":[2892],"product_cat":[3121],"product_tag":[],"class_list":{"0":"post-21635","1":"product","2":"type-product","3":"status-publish","4":"has-post-thumbnail","6":"product_brand-fini-tr","7":"product_cat-sekerleme","8":"pa_barcode-8410525116681-tr","9":"pa_brand-fini-tr","10":"pa_inbox-12-tr","11":"pa_pallet-378-tr","12":"pa_shelf-life-24-ay","13":"pa_weight-2-75-gr-tr","15":"first","16":"instock","17":"shipping-taxable","18":"product-type-simple"},"_links":{"self":[{"href":"https:\/\/effafood.com\/tr\/wp-json\/wp\/v2\/product\/21635","targetHints":{"allow":["GET"]}}],"collection":[{"href":"https:\/\/effafood.com\/tr\/wp-json\/wp\/v2\/product"}],"about":[{"href":"https:\/\/effafood.com\/tr\/wp-json\/wp\/v2\/types\/product"}],"version-history":[{"count":1,"href":"https:\/\/effafood.com\/tr\/wp-json\/wp\/v2\/product\/21635\/revisions"}],"predecessor-version":[{"id":21769,"href":"https:\/\/effafood.com\/tr\/wp-json\/wp\/v2\/product\/21635\/revisions\/21769"}],"wp:featuredmedia":[{"embeddable":true,"href":"https:\/\/effafood.com\/tr\/wp-json\/wp\/v2\/media\/21548"}],"wp:attachment":[{"href":"https:\/\/effafood.com\/tr\/wp-json\/wp\/v2\/media?parent=21635"}],"wp:term":[{"taxonomy":"product_brand","embeddable":true,"href":"https:\/\/effafood.com\/tr\/wp-json\/wp\/v2\/product_brand?post=21635"},{"taxonomy":"product_cat","embeddable":true,"href":"https:\/\/effafood.com\/tr\/wp-json\/wp\/v2\/product_cat?post=21635"},{"taxonomy":"product_tag","embeddable":true,"href":"https:\/\/effafood.com\/tr\/wp-json\/wp\/v2\/product_tag?post=21635"}],"curies":[{"name":"wp","href":"https:\/\/api.w.org\/{rel}","templated":true}]}}