{"id":21633,"date":"2025-01-18T14:25:02","date_gmt":"2025-01-18T14:25:02","guid":{"rendered":"https:\/\/effafood.com\/product\/eksi-solucan-jolesi\/"},"modified":"2025-01-19T12:22:54","modified_gmt":"2025-01-19T12:22:54","slug":"eksi-solucan-jolesi","status":"publish","type":"product","link":"https:\/\/effafood.com\/tr\/product\/eksi-solucan-jolesi\/","title":{"rendered":"Ek\u015fi Solucan Jelly"},"content":{"rendered":"","protected":false},"excerpt":{"rendered":"<p>FINI EK\u015e\u0130 SOLUCANLAR<\/p>\n<p>Kar\u015f\u0131 konulmaz FINI EK\u015e\u0130 SOLUCANLAR ile tatl\u0131 ve ek\u015fi d\u00fcnyas\u0131na ad\u0131m atmaya haz\u0131r olun! Bu e\u011flenceli, renkli ve ek\u015fi solucanlar, her \u0131s\u0131r\u0131kta meyveli ve keskin bir lezzet patlamas\u0131yla damak tad\u0131n\u0131z\u0131 harekete ge\u00e7irecek. Tatl\u0131 ve ek\u015fi bir at\u0131\u015ft\u0131rmal\u0131k arayanlar i\u00e7in m\u00fckemmel bir se\u00e7enek olan bu solucanlar, her \u015feker severin mutlaka denemesi gereken bir lezzet!<\/p>\n<p>75g\u2019l\u0131k canl\u0131 bir pakette sunulan bu solucanlar, \u00e7i\u011fnenebilir dokusu ve a\u011f\u0131z suland\u0131ran ek\u015fi meyve tad\u0131yla m\u00fckemmel bir uyum yakalar. Canl\u0131 renkleriyle g\u00f6rsel olarak da dikkat \u00e7eker ve ayn\u0131 zamanda ya\u011fs\u0131z ve gl\u00fctensiz olmas\u0131yla kendinizi iyi hissederek t\u00fcketebilece\u011finiz bir at\u0131\u015ft\u0131rmal\u0131k sunar.<\/p>\n","protected":false},"featured_media":21572,"template":"","meta":[],"product_brand":[2892],"product_cat":[3121],"product_tag":[],"class_list":{"0":"post-21633","1":"product","2":"type-product","3":"status-publish","4":"has-post-thumbnail","6":"product_brand-fini-tr","7":"product_cat-sekerleme","8":"pa_barcode-8410525116711-tr","9":"pa_brand-fini-tr","10":"pa_inbox-12-tr","11":"pa_pallet-378-tr","12":"pa_shelf-life-24-ay","13":"pa_weight-2-75-gr-tr","15":"first","16":"instock","17":"shipping-taxable","18":"product-type-simple"},"_links":{"self":[{"href":"https:\/\/effafood.com\/tr\/wp-json\/wp\/v2\/product\/21633","targetHints":{"allow":["GET"]}}],"collection":[{"href":"https:\/\/effafood.com\/tr\/wp-json\/wp\/v2\/product"}],"about":[{"href":"https:\/\/effafood.com\/tr\/wp-json\/wp\/v2\/types\/product"}],"version-history":[{"count":2,"href":"https:\/\/effafood.com\/tr\/wp-json\/wp\/v2\/product\/21633\/revisions"}],"predecessor-version":[{"id":21996,"href":"https:\/\/effafood.com\/tr\/wp-json\/wp\/v2\/product\/21633\/revisions\/21996"}],"wp:featuredmedia":[{"embeddable":true,"href":"https:\/\/effafood.com\/tr\/wp-json\/wp\/v2\/media\/21572"}],"wp:attachment":[{"href":"https:\/\/effafood.com\/tr\/wp-json\/wp\/v2\/media?parent=21633"}],"wp:term":[{"taxonomy":"product_brand","embeddable":true,"href":"https:\/\/effafood.com\/tr\/wp-json\/wp\/v2\/product_brand?post=21633"},{"taxonomy":"product_cat","embeddable":true,"href":"https:\/\/effafood.com\/tr\/wp-json\/wp\/v2\/product_cat?post=21633"},{"taxonomy":"product_tag","embeddable":true,"href":"https:\/\/effafood.com\/tr\/wp-json\/wp\/v2\/product_tag?post=21633"}],"curies":[{"name":"wp","href":"https:\/\/api.w.org\/{rel}","templated":true}]}}