{"id":21630,"date":"2025-01-18T14:38:57","date_gmt":"2025-01-18T14:38:57","guid":{"rendered":"https:\/\/effafood.com\/product\/renkli-bulutlar-marshmallow\/"},"modified":"2025-01-19T12:20:44","modified_gmt":"2025-01-19T12:20:44","slug":"renkli-bulutlar-marshmallow","status":"publish","type":"product","link":"https:\/\/effafood.com\/tr\/product\/renkli-bulutlar-marshmallow\/","title":{"rendered":"Renkli Bulutlar Marshmallow"},"content":{"rendered":"","protected":false},"excerpt":{"rendered":"<p>FINI HELAL RENKL\u0130 BULUT MARSHMALLOW<\/p>\n<p>FINI HELAL Renkli Bulut Marshmallow ile pofuduk bir tatl\u0131l\u0131k d\u00fcnyas\u0131na ad\u0131m at\u0131n! Bu havadar, pastel renkli marshmallowlar yaln\u0131zca damak tad\u0131n\u0131za hitap etmekle kalmaz, ayn\u0131 zamanda g\u00f6rsel bir zevktir. Bir bulut kadar hafif olan bu marshmallowlar a\u011fz\u0131n\u0131zda zahmetsizce erir ve yumu\u015fak, \u00e7i\u011fnenebilir dokusuyla daha fazlas\u0131n\u0131 istemenize neden olur.<\/p>\n<p>Canl\u0131 renk kar\u0131\u015f\u0131m\u0131yla her bir marshmallow par\u00e7as\u0131, her ya\u015f i\u00e7in m\u00fckemmel olan e\u011flenceli ve lezzetli bir at\u0131\u015ft\u0131rmal\u0131kt\u0131r. \u0130ster do\u011frudan po\u015fetten \u00e7\u0131kar\u0131n, ister s\u0131cak \u00e7ikolataya ekleyin, ya da tatl\u0131lar\u0131 s\u00fcslemek i\u00e7in kullan\u0131n, FINI HELAL Renkli Bulut Marshmallow her ana e\u011flence ve lezzet katar!<\/p>\n","protected":false},"featured_media":21587,"template":"","meta":[],"product_brand":[2892],"product_cat":[3121],"product_tag":[],"class_list":{"0":"post-21630","1":"product","2":"type-product","3":"status-publish","4":"has-post-thumbnail","6":"product_brand-fini-tr","7":"product_cat-sekerleme","8":"pa_barcode-8410525301100-tr","9":"pa_brand-fini-tr","10":"pa_inbox-12-tr","11":"pa_pallet-918","12":"pa_shelf-life-12-ay","13":"pa_weight-2-75-gr-tr","15":"first","16":"instock","17":"shipping-taxable","18":"product-type-simple"},"_links":{"self":[{"href":"https:\/\/effafood.com\/tr\/wp-json\/wp\/v2\/product\/21630","targetHints":{"allow":["GET"]}}],"collection":[{"href":"https:\/\/effafood.com\/tr\/wp-json\/wp\/v2\/product"}],"about":[{"href":"https:\/\/effafood.com\/tr\/wp-json\/wp\/v2\/types\/product"}],"version-history":[{"count":1,"href":"https:\/\/effafood.com\/tr\/wp-json\/wp\/v2\/product\/21630\/revisions"}],"predecessor-version":[{"id":21765,"href":"https:\/\/effafood.com\/tr\/wp-json\/wp\/v2\/product\/21630\/revisions\/21765"}],"wp:featuredmedia":[{"embeddable":true,"href":"https:\/\/effafood.com\/tr\/wp-json\/wp\/v2\/media\/21587"}],"wp:attachment":[{"href":"https:\/\/effafood.com\/tr\/wp-json\/wp\/v2\/media?parent=21630"}],"wp:term":[{"taxonomy":"product_brand","embeddable":true,"href":"https:\/\/effafood.com\/tr\/wp-json\/wp\/v2\/product_brand?post=21630"},{"taxonomy":"product_cat","embeddable":true,"href":"https:\/\/effafood.com\/tr\/wp-json\/wp\/v2\/product_cat?post=21630"},{"taxonomy":"product_tag","embeddable":true,"href":"https:\/\/effafood.com\/tr\/wp-json\/wp\/v2\/product_tag?post=21630"}],"curies":[{"name":"wp","href":"https:\/\/api.w.org\/{rel}","templated":true}]}}