{"id":21629,"date":"2025-01-18T14:29:31","date_gmt":"2025-01-18T14:29:31","guid":{"rendered":"https:\/\/effafood.com\/product\/korsan-kafataslari-jolesi\/"},"modified":"2025-01-19T12:22:25","modified_gmt":"2025-01-19T12:22:25","slug":"korsan-kafataslari-jolesi","status":"publish","type":"product","link":"https:\/\/effafood.com\/tr\/product\/korsan-kafataslari-jolesi\/","title":{"rendered":"Korsan Kafatas\u0131 Jelly"},"content":{"rendered":"","protected":false},"excerpt":{"rendered":"<div class=\"flex-shrink-0 flex flex-col relative items-end\">\n<div>\n<div class=\"pt-0\">\n<div class=\"gizmo-bot-avatar flex h-8 w-8 items-center justify-center overflow-hidden rounded-full\">\n<div class=\"relative p-1 rounded-sm flex items-center justify-center bg-token-main-surface-primary text-token-text-primary h-8 w-8\">FINI KORSAN KAFATASI<\/div>\n<\/div>\n<\/div>\n<\/div>\n<\/div>\n<div class=\"group\/conversation-turn relative flex w-full min-w-0 flex-col agent-turn\">\n<div class=\"flex-col gap-1 md:gap-3\">\n<div class=\"flex max-w-full flex-col flex-grow\">\n<div class=\"min-h-8 text-message flex w-full flex-col items-end gap-2 whitespace-normal break-words text-start [.text-message+&amp;]:mt-5\" dir=\"auto\" data-message-author-role=\"assistant\" data-message-id=\"22c5a241-9987-4c6f-ab17-3d7705f994ad\" data-message-model-slug=\"gpt-4o-mini\">\n<div class=\"flex w-full flex-col gap-1 empty:hidden first:pt-[3px]\">\n<div class=\"markdown prose w-full break-words dark:prose-invert light\">\n<p>\u015eeker severler, dikkat! FINI KORSAN KAFATASI ile heyecan dolu bir lezzet maceras\u0131na \u00e7\u0131kmaya haz\u0131r olun! Canl\u0131 renkleri ve dolgulu sak\u0131zl\u0131 kafatas\u0131 \u015feklindeki bu e\u011flenceli tatlar, her \u0131s\u0131r\u0131kta meyveli bir ke\u015fif sunar. E\u015fsiz \u015fekilleriyle g\u00f6z al\u0131c\u0131, lezzetleriyle ise unutulmaz bir deneyim ya\u015fatan bu korsan kafalar\u0131, \u015feker d\u00fcnyas\u0131nda bir hazine!<\/p>\n<p>Meyveli tatlar\u0131n m\u00fckemmel dengesini bar\u0131nd\u0131ran bu tatlar, her durumda m\u00fckemmel bir at\u0131\u015ft\u0131rmal\u0131k sunar. \u0130ster bir Cad\u0131lar Bayram\u0131 partisi, ister bir \u00e7ocuk do\u011fum g\u00fcn\u00fc, isterse de g\u00fcn\u00fcn herhangi bir saati i\u00e7in tatl\u0131 bir ikram olsun, FINI KORSAN KAFATASI her an\u0131 \u00f6zel k\u0131lacakt\u0131r.<\/p>\n<\/div>\n<\/div>\n<\/div>\n<\/div>\n<\/div>\n<\/div>\n","protected":false},"featured_media":21577,"template":"","meta":[],"product_brand":[2892],"product_cat":[3121],"product_tag":[],"class_list":{"0":"post-21629","1":"product","2":"type-product","3":"status-publish","4":"has-post-thumbnail","6":"product_brand-fini-tr","7":"product_cat-sekerleme","8":"pa_barcode-8410525151743-tr","9":"pa_brand-fini-tr","10":"pa_inbox-12-tr","11":"pa_pallet-378-tr","12":"pa_shelf-life-24-ay","13":"pa_weight-2-75-gr-tr","15":"first","16":"instock","17":"shipping-taxable","18":"product-type-simple"},"_links":{"self":[{"href":"https:\/\/effafood.com\/tr\/wp-json\/wp\/v2\/product\/21629","targetHints":{"allow":["GET"]}}],"collection":[{"href":"https:\/\/effafood.com\/tr\/wp-json\/wp\/v2\/product"}],"about":[{"href":"https:\/\/effafood.com\/tr\/wp-json\/wp\/v2\/types\/product"}],"version-history":[{"count":3,"href":"https:\/\/effafood.com\/tr\/wp-json\/wp\/v2\/product\/21629\/revisions"}],"predecessor-version":[{"id":21995,"href":"https:\/\/effafood.com\/tr\/wp-json\/wp\/v2\/product\/21629\/revisions\/21995"}],"wp:featuredmedia":[{"embeddable":true,"href":"https:\/\/effafood.com\/tr\/wp-json\/wp\/v2\/media\/21577"}],"wp:attachment":[{"href":"https:\/\/effafood.com\/tr\/wp-json\/wp\/v2\/media?parent=21629"}],"wp:term":[{"taxonomy":"product_brand","embeddable":true,"href":"https:\/\/effafood.com\/tr\/wp-json\/wp\/v2\/product_brand?post=21629"},{"taxonomy":"product_cat","embeddable":true,"href":"https:\/\/effafood.com\/tr\/wp-json\/wp\/v2\/product_cat?post=21629"},{"taxonomy":"product_tag","embeddable":true,"href":"https:\/\/effafood.com\/tr\/wp-json\/wp\/v2\/product_tag?post=21629"}],"curies":[{"name":"wp","href":"https:\/\/api.w.org\/{rel}","templated":true}]}}