{"id":21626,"date":"2025-01-18T11:49:59","date_gmt":"2025-01-18T11:49:59","guid":{"rendered":"https:\/\/effafood.com\/product\/burger-sakizi\/"},"modified":"2025-01-18T19:21:16","modified_gmt":"2025-01-18T19:21:16","slug":"burger-sakizi","status":"publish","type":"product","link":"https:\/\/effafood.com\/tr\/product\/burger-sakizi\/","title":{"rendered":"Burger Sak\u0131z"},"content":{"rendered":"","protected":false},"excerpt":{"rendered":"<p>FINI BURGER SAKIZ<\/p>\n<p>Lezzetli FINI BURGER&#8217;i ke\u015ffedin! Bu e\u015fsiz hamburger \u015fekilli meyve aromal\u0131 sak\u0131zlar, hamburger severler i\u00e7in vazge\u00e7ilmez bir at\u0131\u015ft\u0131rmal\u0131kt\u0131r. 6&#215;200 adet olarak sunulan bu sak\u0131zlar, her bir \u0131s\u0131r\u0131kta taze yap\u0131lm\u0131\u015f bir hamburgerin lezzetini tatl\u0131 ve sak\u0131z formunda sunar. Hareket halindeyken at\u0131\u015ft\u0131rmal\u0131k olarak, partiler i\u00e7in veya evde keyifle t\u00fcketmek i\u00e7in m\u00fckemmel bir se\u00e7imdir. Meyveli tatlar\u0131n ve e\u011flenceli \u015feklin tad\u0131n\u0131 \u00e7\u0131kar\u0131n &#8211; FINI BURGER her ya\u015f i\u00e7in ideal bir ikramd\u0131r!<\/p>\n","protected":false},"featured_media":21419,"template":"","meta":[],"product_brand":[2892],"product_cat":[3121],"product_tag":[],"class_list":{"0":"post-21626","1":"product","2":"type-product","3":"status-publish","4":"has-post-thumbnail","6":"product_brand-fini-tr","7":"product_cat-sekerleme","8":"pa_barcode-8410525210303-tr","9":"pa_brand-fini-tr","10":"pa_inbox-6-x-200-tr","11":"pa_pallet-63-tr","12":"pa_shelf-life-24-ay","13":"pa_weight-2-75-gr-tr","15":"first","16":"instock","17":"shipping-taxable","18":"product-type-simple"},"_links":{"self":[{"href":"https:\/\/effafood.com\/tr\/wp-json\/wp\/v2\/product\/21626","targetHints":{"allow":["GET"]}}],"collection":[{"href":"https:\/\/effafood.com\/tr\/wp-json\/wp\/v2\/product"}],"about":[{"href":"https:\/\/effafood.com\/tr\/wp-json\/wp\/v2\/types\/product"}],"version-history":[{"count":1,"href":"https:\/\/effafood.com\/tr\/wp-json\/wp\/v2\/product\/21626\/revisions"}],"predecessor-version":[{"id":21798,"href":"https:\/\/effafood.com\/tr\/wp-json\/wp\/v2\/product\/21626\/revisions\/21798"}],"wp:featuredmedia":[{"embeddable":true,"href":"https:\/\/effafood.com\/tr\/wp-json\/wp\/v2\/media\/21419"}],"wp:attachment":[{"href":"https:\/\/effafood.com\/tr\/wp-json\/wp\/v2\/media?parent=21626"}],"wp:term":[{"taxonomy":"product_brand","embeddable":true,"href":"https:\/\/effafood.com\/tr\/wp-json\/wp\/v2\/product_brand?post=21626"},{"taxonomy":"product_cat","embeddable":true,"href":"https:\/\/effafood.com\/tr\/wp-json\/wp\/v2\/product_cat?post=21626"},{"taxonomy":"product_tag","embeddable":true,"href":"https:\/\/effafood.com\/tr\/wp-json\/wp\/v2\/product_tag?post=21626"}],"curies":[{"name":"wp","href":"https:\/\/api.w.org\/{rel}","templated":true}]}}