{"id":21625,"date":"2025-01-18T14:33:54","date_gmt":"2025-01-18T14:33:54","guid":{"rendered":"https:\/\/effafood.com\/product\/yagli-dis-jolesi\/"},"modified":"2025-01-19T12:21:25","modified_gmt":"2025-01-19T12:21:25","slug":"yagli-dis-jolesi","status":"publish","type":"product","link":"https:\/\/effafood.com\/tr\/product\/yagli-dis-jolesi\/","title":{"rendered":"Ya\u011fl\u0131 Di\u015f Jelly"},"content":{"rendered":"","protected":false},"excerpt":{"rendered":"<p>FINI JELLY D\u0130\u015e<\/p>\n<p>\u00c7ocuklar ve yeti\u015fkinler i\u00e7in en tatl\u0131 ve e\u011flenceli at\u0131\u015ft\u0131rmal\u0131k FINI HELAL JELLY D\u0130\u015e ile e\u011flencenin kap\u0131lar\u0131n\u0131 aralay\u0131n! Bu enfes jelibon di\u015fler, sadece dayan\u0131lmaz derecede lezzetli olmakla kalmaz, ayn\u0131 zamanda e\u011flenceli di\u015f \u015fekilleriyle y\u00fcz\u00fcn\u00fczde bir g\u00fcl\u00fcmseme b\u0131rak\u0131r.<\/p>\n<p>Her bir FINI JELLY D\u0130\u015e lokmas\u0131, meyveli tatlarla dolu bir lezzet patlamas\u0131 sunar, bu da onlar\u0131 her \u015feker sever i\u00e7in m\u00fckemmel bir ikram haline getirir. \u0130ster bir partiye ev sahipli\u011fi yap\u0131yor olun, ister bir film gecesinin keyfini \u00e7\u0131kar\u0131n ya da sadece tatl\u0131 bir at\u0131\u015ft\u0131rmal\u0131k isteyin, FINI JELLY D\u0130\u015e her an\u0131n\u0131za e\u011flence katacakt\u0131r.<\/p>\n","protected":false},"featured_media":21582,"template":"","meta":[],"product_brand":[2892],"product_cat":[3121],"product_tag":[],"class_list":{"0":"post-21625","1":"product","2":"type-product","3":"status-publish","4":"has-post-thumbnail","6":"product_brand-fini-tr","7":"product_cat-sekerleme","8":"pa_barcode-8410525122903-tr","9":"pa_brand-fini-tr","10":"pa_inbox-12-tr","11":"pa_pallet-378-tr","12":"pa_shelf-life-24-ay","13":"pa_weight-2-75-gr-tr","15":"first","16":"instock","17":"shipping-taxable","18":"product-type-simple"},"_links":{"self":[{"href":"https:\/\/effafood.com\/tr\/wp-json\/wp\/v2\/product\/21625","targetHints":{"allow":["GET"]}}],"collection":[{"href":"https:\/\/effafood.com\/tr\/wp-json\/wp\/v2\/product"}],"about":[{"href":"https:\/\/effafood.com\/tr\/wp-json\/wp\/v2\/types\/product"}],"version-history":[{"count":4,"href":"https:\/\/effafood.com\/tr\/wp-json\/wp\/v2\/product\/21625\/revisions"}],"predecessor-version":[{"id":21994,"href":"https:\/\/effafood.com\/tr\/wp-json\/wp\/v2\/product\/21625\/revisions\/21994"}],"wp:featuredmedia":[{"embeddable":true,"href":"https:\/\/effafood.com\/tr\/wp-json\/wp\/v2\/media\/21582"}],"wp:attachment":[{"href":"https:\/\/effafood.com\/tr\/wp-json\/wp\/v2\/media?parent=21625"}],"wp:term":[{"taxonomy":"product_brand","embeddable":true,"href":"https:\/\/effafood.com\/tr\/wp-json\/wp\/v2\/product_brand?post=21625"},{"taxonomy":"product_cat","embeddable":true,"href":"https:\/\/effafood.com\/tr\/wp-json\/wp\/v2\/product_cat?post=21625"},{"taxonomy":"product_tag","embeddable":true,"href":"https:\/\/effafood.com\/tr\/wp-json\/wp\/v2\/product_tag?post=21625"}],"curies":[{"name":"wp","href":"https:\/\/api.w.org\/{rel}","templated":true}]}}