{"id":21623,"date":"2025-01-18T11:45:39","date_gmt":"2025-01-18T11:45:39","guid":{"rendered":"https:\/\/effafood.com\/product\/vampir-sakizi\/"},"modified":"2025-01-18T19:23:41","modified_gmt":"2025-01-18T19:23:41","slug":"vampir-sakizi","status":"publish","type":"product","link":"https:\/\/effafood.com\/tr\/product\/vampir-sakizi\/","title":{"rendered":"Vampir Sak\u0131z"},"content":{"rendered":"","protected":false},"excerpt":{"rendered":"<p>FINI VAMP\u0130R SAKIZ<\/p>\n<p>6&#215;200 adet FINI VAMP\u0130R SAKIZ&#8217;\u0131n heyecan verici d\u00fcnyas\u0131na ho\u015f geldiniz! Bu lezzetli \u00e7i\u011fneme \u015fekerleri, vampir ya\u015fam tarz\u0131n\u0131n macera ve heyecan\u0131n\u0131 seven herkes i\u00e7in m\u00fckemmeldir. E\u015fsiz lezzetleri ve farkl\u0131 \u015fekilleri ile hem \u00e7ocuklar\u0131 hem de yeti\u015fkinleri memnun edece\u011finden emin olabilirsiniz.<\/p>\n","protected":false},"featured_media":21409,"template":"","meta":[],"product_brand":[2892],"product_cat":[3121],"product_tag":[],"class_list":{"0":"post-21623","1":"product","2":"type-product","3":"status-publish","4":"has-post-thumbnail","6":"product_brand-fini-tr","7":"product_cat-sekerleme","8":"pa_barcode-8410525215094-tr","9":"pa_brand-fini-tr","10":"pa_inbox-6-x-200-tr","11":"pa_pallet-63-tr","12":"pa_shelf-life-24-ay","13":"pa_weight-2-75-gr-tr","15":"first","16":"instock","17":"shipping-taxable","18":"product-type-simple"},"_links":{"self":[{"href":"https:\/\/effafood.com\/tr\/wp-json\/wp\/v2\/product\/21623","targetHints":{"allow":["GET"]}}],"collection":[{"href":"https:\/\/effafood.com\/tr\/wp-json\/wp\/v2\/product"}],"about":[{"href":"https:\/\/effafood.com\/tr\/wp-json\/wp\/v2\/types\/product"}],"version-history":[{"count":1,"href":"https:\/\/effafood.com\/tr\/wp-json\/wp\/v2\/product\/21623\/revisions"}],"predecessor-version":[{"id":21800,"href":"https:\/\/effafood.com\/tr\/wp-json\/wp\/v2\/product\/21623\/revisions\/21800"}],"wp:featuredmedia":[{"embeddable":true,"href":"https:\/\/effafood.com\/tr\/wp-json\/wp\/v2\/media\/21409"}],"wp:attachment":[{"href":"https:\/\/effafood.com\/tr\/wp-json\/wp\/v2\/media?parent=21623"}],"wp:term":[{"taxonomy":"product_brand","embeddable":true,"href":"https:\/\/effafood.com\/tr\/wp-json\/wp\/v2\/product_brand?post=21623"},{"taxonomy":"product_cat","embeddable":true,"href":"https:\/\/effafood.com\/tr\/wp-json\/wp\/v2\/product_cat?post=21623"},{"taxonomy":"product_tag","embeddable":true,"href":"https:\/\/effafood.com\/tr\/wp-json\/wp\/v2\/product_tag?post=21623"}],"curies":[{"name":"wp","href":"https:\/\/api.w.org\/{rel}","templated":true}]}}