{"id":21621,"date":"2025-01-18T11:40:22","date_gmt":"2025-01-18T11:40:22","guid":{"rendered":"https:\/\/effafood.com\/product\/yok-edici-sakiz\/"},"modified":"2025-01-18T19:27:13","modified_gmt":"2025-01-18T19:27:13","slug":"yok-edici-sakiz","status":"publish","type":"product","link":"https:\/\/effafood.com\/tr\/product\/yok-edici-sakiz\/","title":{"rendered":"Destroyer Sak\u0131z"},"content":{"rendered":"","protected":false},"excerpt":{"rendered":"<p>FINI DESTROYER SAKIZ<\/p>\n<p>Destroyer Ek\u015fi Sak\u0131z Toplar\u0131n\u0131n heyecan verici d\u00fcnyas\u0131n\u0131 ke\u015ffedin! 6\u00d7200 adetlik her pakette, damak tad\u0131n\u0131z\u0131 b\u00fcy\u00fcleyecek bir lezzet patlamas\u0131 bekleyebilirsiniz. Bu heyecan verici, ek\u015fi sak\u0131z toplar\u0131 unutulmaz bir tat deneyimi arayan herkes i\u00e7in m\u00fckemmeldir. Her \u0131s\u0131r\u0131k, tatl\u0131 ve ek\u015fi aras\u0131nda uyumlu bir denge sunar ve b\u00fcy\u00fck keyif verir. Partiler, do\u011fum g\u00fcn\u00fc kutlamalar\u0131 veya sadece arada at\u0131\u015ft\u0131rmak i\u00e7in idealdir!<\/p>\n","protected":false},"featured_media":21399,"template":"","meta":[],"product_brand":[2892],"product_cat":[3121],"product_tag":[],"class_list":{"0":"post-21621","1":"product","2":"type-product","3":"status-publish","4":"has-post-thumbnail","6":"product_brand-fini-tr","7":"product_cat-sekerleme","8":"pa_barcode-8410525193583-tr","9":"pa_brand-fini-tr","10":"pa_inbox-6-x-200-tr","11":"pa_pallet-63-tr","12":"pa_shelf-life-24-ay","13":"pa_weight-2-75-gr-tr","15":"first","16":"instock","17":"shipping-taxable","18":"product-type-simple"},"_links":{"self":[{"href":"https:\/\/effafood.com\/tr\/wp-json\/wp\/v2\/product\/21621","targetHints":{"allow":["GET"]}}],"collection":[{"href":"https:\/\/effafood.com\/tr\/wp-json\/wp\/v2\/product"}],"about":[{"href":"https:\/\/effafood.com\/tr\/wp-json\/wp\/v2\/types\/product"}],"version-history":[{"count":1,"href":"https:\/\/effafood.com\/tr\/wp-json\/wp\/v2\/product\/21621\/revisions"}],"predecessor-version":[{"id":21802,"href":"https:\/\/effafood.com\/tr\/wp-json\/wp\/v2\/product\/21621\/revisions\/21802"}],"wp:featuredmedia":[{"embeddable":true,"href":"https:\/\/effafood.com\/tr\/wp-json\/wp\/v2\/media\/21399"}],"wp:attachment":[{"href":"https:\/\/effafood.com\/tr\/wp-json\/wp\/v2\/media?parent=21621"}],"wp:term":[{"taxonomy":"product_brand","embeddable":true,"href":"https:\/\/effafood.com\/tr\/wp-json\/wp\/v2\/product_brand?post=21621"},{"taxonomy":"product_cat","embeddable":true,"href":"https:\/\/effafood.com\/tr\/wp-json\/wp\/v2\/product_cat?post=21621"},{"taxonomy":"product_tag","embeddable":true,"href":"https:\/\/effafood.com\/tr\/wp-json\/wp\/v2\/product_tag?post=21621"}],"curies":[{"name":"wp","href":"https:\/\/api.w.org\/{rel}","templated":true}]}}