{"id":21619,"date":"2025-01-18T11:35:00","date_gmt":"2025-01-18T11:35:00","guid":{"rendered":"https:\/\/effafood.com\/product\/korsan-ficilari-mojito-aromali\/"},"modified":"2025-01-18T19:31:15","modified_gmt":"2025-01-18T19:31:15","slug":"korsan-ficilari-mojito-aromali","status":"publish","type":"product","link":"https:\/\/effafood.com\/tr\/product\/korsan-ficilari-mojito-aromali\/","title":{"rendered":"Korsan F\u0131\u00e7\u0131s\u0131 Mojito Aromal\u0131 Sak\u0131z"},"content":{"rendered":"","protected":false},"excerpt":{"rendered":"<p>FINI KORSAN FI\u00c7ISI MOJ\u0130TO AROMALI SAKIZ<\/p>\n<p>6X200 adet Lezzetli f\u0131\u00e7\u0131 \u015feklinde mojito aromal\u0131 sak\u0131z. Korsanlar\u0131n i\u00e7ece\u011finin otantik lezzeti. FINI Pirate Barrels&#8217;\u0131n heyecan verici d\u00fcnyas\u0131na ho\u015f geldiniz! Mojito aromal\u0131, f\u0131\u00e7\u0131 \u015feklindeki lezzetli sak\u0131zlar\u0131m\u0131z sizi lezzet ve keyif dolu bir maceraya \u00e7\u0131karacak. Kendinizi a\u00e7\u0131k denizlerde, korsanlarla ve taze yap\u0131lm\u0131\u015f mojitolar\u0131n tatl\u0131 kokusuyla \u00e7evrili olarak hayal edin.<\/p>\n<p>Her \u0131s\u0131r\u0131kta, bu pop\u00fcler kokteylin otantik lezzetini ya\u015fars\u0131n\u0131z &#8211; ferahlat\u0131c\u0131, gazl\u0131 ve tek kelimeyle kar\u015f\u0131 konulmaz! FINI Pirate Barrels sadece damak tad\u0131n\u0131za hitap etmekle kalmaz, ayn\u0131 zamanda her ya\u015f i\u00e7in e\u011flencelidir. Partiler, kutlamalar veya her zaman i\u00e7in tatl\u0131 bir \u00f6d\u00fcl olarak m\u00fckemmeldir.<\/p>\n","protected":false},"featured_media":21389,"template":"","meta":[],"product_brand":[2892],"product_cat":[3121],"product_tag":[],"class_list":{"0":"post-21619","1":"product","2":"type-product","3":"status-publish","4":"has-post-thumbnail","6":"product_brand-fini-tr","7":"product_cat-sekerleme","8":"pa_barcode-8410525200236-tr","9":"pa_brand-fini-tr","10":"pa_inbox-6-x-200-tr","11":"pa_pallet-63-tr","12":"pa_shelf-life-24-ay","13":"pa_weight-2-75-gr-tr","15":"first","16":"instock","17":"shipping-taxable","18":"product-type-simple"},"_links":{"self":[{"href":"https:\/\/effafood.com\/tr\/wp-json\/wp\/v2\/product\/21619","targetHints":{"allow":["GET"]}}],"collection":[{"href":"https:\/\/effafood.com\/tr\/wp-json\/wp\/v2\/product"}],"about":[{"href":"https:\/\/effafood.com\/tr\/wp-json\/wp\/v2\/types\/product"}],"version-history":[{"count":1,"href":"https:\/\/effafood.com\/tr\/wp-json\/wp\/v2\/product\/21619\/revisions"}],"predecessor-version":[{"id":21804,"href":"https:\/\/effafood.com\/tr\/wp-json\/wp\/v2\/product\/21619\/revisions\/21804"}],"wp:featuredmedia":[{"embeddable":true,"href":"https:\/\/effafood.com\/tr\/wp-json\/wp\/v2\/media\/21389"}],"wp:attachment":[{"href":"https:\/\/effafood.com\/tr\/wp-json\/wp\/v2\/media?parent=21619"}],"wp:term":[{"taxonomy":"product_brand","embeddable":true,"href":"https:\/\/effafood.com\/tr\/wp-json\/wp\/v2\/product_brand?post=21619"},{"taxonomy":"product_cat","embeddable":true,"href":"https:\/\/effafood.com\/tr\/wp-json\/wp\/v2\/product_cat?post=21619"},{"taxonomy":"product_tag","embeddable":true,"href":"https:\/\/effafood.com\/tr\/wp-json\/wp\/v2\/product_tag?post=21619"}],"curies":[{"name":"wp","href":"https:\/\/api.w.org\/{rel}","templated":true}]}}