{"id":21618,"date":"2025-01-18T11:13:07","date_gmt":"2025-01-18T11:13:07","guid":{"rendered":"https:\/\/effafood.com\/product\/banana-split-sakiz\/"},"modified":"2025-01-18T19:43:10","modified_gmt":"2025-01-18T19:43:10","slug":"banana-split-sakiz","status":"publish","type":"product","link":"https:\/\/effafood.com\/tr\/product\/banana-split-sakiz\/","title":{"rendered":"Muz Kabu\u011fu Sak\u0131z"},"content":{"rendered":"","protected":false},"excerpt":{"rendered":"<p>FINI MUZ KABU\u011eU SAKIZ<\/p>\n<p>6X200 adet FINI MUZ KABU\u011eU SAKIZ&#8217;\u0131n dayan\u0131lmaz lezzetini ke\u015ffedin! Bu lezzetli, muz aromal\u0131 sak\u0131zlar hem \u00e7ocuklar\u0131 hem de yeti\u015fkinleri memnun eden benzersiz bir tat deneyimi sunar. Her pakette 200 adet taze ve \u00e7\u0131t\u0131r sak\u0131z bulunur, hareket halindeyken veya evde keyif i\u00e7in m\u00fckemmeldir. FINI MUZ KABU\u011eU SAKIZ, m\u00fc\u015fterilerine \u00f6zel bir \u015fey sunmak isteyen toptanc\u0131lar ve perakendeciler i\u00e7in ideal olan 6 x 200 adet&#8217;lik kullan\u0131\u015fl\u0131 bir pakette gelir. MUZ KABU\u011eU Sak\u0131zlar\u0131m\u0131z sadece lezzetli de\u011fil, ayn\u0131 zamanda g\u00f6z al\u0131c\u0131d\u0131r ve her ana iyi hisler katar.<\/p>\n","protected":false},"featured_media":21356,"template":"","meta":[],"product_brand":[2892],"product_cat":[3121],"product_tag":[],"class_list":{"0":"post-21618","1":"product","2":"type-product","3":"status-publish","4":"has-post-thumbnail","6":"product_brand-fini-tr","7":"product_cat-sekerleme","8":"pa_barcode-8410525198816-tr","9":"pa_brand-fini-tr","10":"pa_inbox-6-x-200-tr","11":"pa_pallet-63-tr","12":"pa_shelf-life-24-ay","13":"pa_weight-2-75-gr-tr","15":"first","16":"instock","17":"shipping-taxable","18":"product-type-simple"},"_links":{"self":[{"href":"https:\/\/effafood.com\/tr\/wp-json\/wp\/v2\/product\/21618","targetHints":{"allow":["GET"]}}],"collection":[{"href":"https:\/\/effafood.com\/tr\/wp-json\/wp\/v2\/product"}],"about":[{"href":"https:\/\/effafood.com\/tr\/wp-json\/wp\/v2\/types\/product"}],"version-history":[{"count":2,"href":"https:\/\/effafood.com\/tr\/wp-json\/wp\/v2\/product\/21618\/revisions"}],"predecessor-version":[{"id":21812,"href":"https:\/\/effafood.com\/tr\/wp-json\/wp\/v2\/product\/21618\/revisions\/21812"}],"wp:featuredmedia":[{"embeddable":true,"href":"https:\/\/effafood.com\/tr\/wp-json\/wp\/v2\/media\/21356"}],"wp:attachment":[{"href":"https:\/\/effafood.com\/tr\/wp-json\/wp\/v2\/media?parent=21618"}],"wp:term":[{"taxonomy":"product_brand","embeddable":true,"href":"https:\/\/effafood.com\/tr\/wp-json\/wp\/v2\/product_brand?post=21618"},{"taxonomy":"product_cat","embeddable":true,"href":"https:\/\/effafood.com\/tr\/wp-json\/wp\/v2\/product_cat?post=21618"},{"taxonomy":"product_tag","embeddable":true,"href":"https:\/\/effafood.com\/tr\/wp-json\/wp\/v2\/product_tag?post=21618"}],"curies":[{"name":"wp","href":"https:\/\/api.w.org\/{rel}","templated":true}]}}