{"id":21615,"date":"2025-01-18T11:32:35","date_gmt":"2025-01-18T11:32:35","guid":{"rendered":"https:\/\/effafood.com\/product\/kola-sisesi-sakizi\/"},"modified":"2025-01-18T19:32:54","modified_gmt":"2025-01-18T19:32:54","slug":"kola-sisesi-sakizi","status":"publish","type":"product","link":"https:\/\/effafood.com\/tr\/product\/kola-sisesi-sakizi\/","title":{"rendered":"Kola \u015ei\u015fesi Sak\u0131z"},"content":{"rendered":"","protected":false},"excerpt":{"rendered":"<p>FINI KOLA AROMALI SAKIZ<\/p>\n<p>6X200 adet Ekstra ek\u015fi kolal\u0131 sert \u015feker topu. D\u0131\u015f\u0131 ek\u015fi ve i\u00e7i s\u00fcper gazl\u0131. Buna ne kadar dayanabilirsiniz? FINI KOLA AROMALI SAKIZ&#8217;\u0131 ke\u015ffedin! 6\u00d7200 adet ekstra ek\u015fi kolal\u0131 akide \u015fekeri ile d\u0131\u015f\u0131 ek\u015fi, i\u00e7i s\u00fcper gazl\u0131.<\/p>\n<p>Ne kadar dayanabilirsiniz? Bu k\u00fc\u00e7\u00fck ikramlar, damak tad\u0131n\u0131z\u0131 dans ettirecek ger\u00e7ek bir lezzet deneyimi sunuyor! Hareket halindeyken veya arkada\u015flar\u0131n\u0131zla payla\u015fmak i\u00e7in m\u00fckemmel bir at\u0131\u015ft\u0131rmal\u0131k. Ek\u015fi tatl\u0131l\u0131\u011f\u0131n ve gazl\u0131 keyfin b\u00fcy\u00fcleyici birle\u015fimiyle b\u00fcy\u00fclenmenize izin verin. Deneyin ve e\u011flenceyi ya\u015fay\u0131n!<\/p>\n","protected":false},"featured_media":21384,"template":"","meta":[],"product_brand":[2892],"product_cat":[3121],"product_tag":[],"class_list":{"0":"post-21615","1":"product","2":"type-product","3":"status-publish","4":"has-post-thumbnail","6":"product_brand-fini-tr","7":"product_cat-sekerleme","8":"pa_barcode-8410525200298-tr","9":"pa_brand-fini-tr","10":"pa_inbox-6-x-200-tr","11":"pa_pallet-63-tr","12":"pa_shelf-life-24-ay","13":"pa_weight-2-75-gr-tr","15":"first","16":"instock","17":"shipping-taxable","18":"product-type-simple"},"_links":{"self":[{"href":"https:\/\/effafood.com\/tr\/wp-json\/wp\/v2\/product\/21615","targetHints":{"allow":["GET"]}}],"collection":[{"href":"https:\/\/effafood.com\/tr\/wp-json\/wp\/v2\/product"}],"about":[{"href":"https:\/\/effafood.com\/tr\/wp-json\/wp\/v2\/types\/product"}],"version-history":[{"count":1,"href":"https:\/\/effafood.com\/tr\/wp-json\/wp\/v2\/product\/21615\/revisions"}],"predecessor-version":[{"id":21805,"href":"https:\/\/effafood.com\/tr\/wp-json\/wp\/v2\/product\/21615\/revisions\/21805"}],"wp:featuredmedia":[{"embeddable":true,"href":"https:\/\/effafood.com\/tr\/wp-json\/wp\/v2\/media\/21384"}],"wp:attachment":[{"href":"https:\/\/effafood.com\/tr\/wp-json\/wp\/v2\/media?parent=21615"}],"wp:term":[{"taxonomy":"product_brand","embeddable":true,"href":"https:\/\/effafood.com\/tr\/wp-json\/wp\/v2\/product_brand?post=21615"},{"taxonomy":"product_cat","embeddable":true,"href":"https:\/\/effafood.com\/tr\/wp-json\/wp\/v2\/product_cat?post=21615"},{"taxonomy":"product_tag","embeddable":true,"href":"https:\/\/effafood.com\/tr\/wp-json\/wp\/v2\/product_tag?post=21615"}],"curies":[{"name":"wp","href":"https:\/\/api.w.org\/{rel}","templated":true}]}}