{"id":21614,"date":"2025-01-18T11:04:57","date_gmt":"2025-01-18T11:04:57","guid":{"rendered":"https:\/\/effafood.com\/product\/zombi-sakizi\/"},"modified":"2025-01-18T19:44:15","modified_gmt":"2025-01-18T19:44:15","slug":"zombi-sakizi","status":"publish","type":"product","link":"https:\/\/effafood.com\/tr\/product\/zombi-sakizi\/","title":{"rendered":"Zombi Sak\u0131z"},"content":{"rendered":"","protected":false},"excerpt":{"rendered":"<p>FINI ZOMBIE SAKIZ<\/p>\n<p>6\u00d7200 adet FINI ZOMBIE SAKIZ&#8217;\u0131n \u00fcrpertici d\u00fcnyas\u0131n\u0131 ke\u015ffedin! Her pakette, tatl\u0131 keyfi macera dokunu\u015fuyla birle\u015ftiren benzersiz fikirden ilham alan 200 sak\u0131zdan olu\u015fan 6 \u00fcr\u00fcn \u00e7e\u015fidine sahip olacaks\u0131n\u0131z. FINI ZOMBIE GUM ile tat tomurcuklar\u0131n\u0131z canlans\u0131n ve y\u00fcz\u00fcn\u00fczde \u00fcrk\u00fct\u00fcc\u00fc bir g\u00fcl\u00fcmseme olu\u015fsun! Bu \u00fcrk\u00fct\u00fcc\u00fc ve e\u011flenceli dil boyayan sert \u015fekerler sadece lezzetli de\u011fil, ayn\u0131 zamanda unutulmaz bir e\u011flence sunuyor! Her \u0131s\u0131r\u0131kta, sizi ve arkada\u015flar\u0131n\u0131z\u0131 ger\u00e7ek zombilere d\u00f6n\u00fc\u015ft\u00fcren \u00fcrpertici lezzeti ya\u015fars\u0131n\u0131z. Cad\u0131lar Bayram\u0131, partiler veya e\u011flenmeyi seven herkes i\u00e7in m\u00fckemmel!<\/p>\n","protected":false},"featured_media":21350,"template":"","meta":[],"product_brand":[2892],"product_cat":[3121],"product_tag":[],"class_list":{"0":"post-21614","1":"product","2":"type-product","3":"status-publish","4":"has-post-thumbnail","6":"product_brand-fini-tr","7":"product_cat-sekerleme","8":"pa_barcode-8410525224089-tr","9":"pa_brand-fini-tr","10":"pa_inbox-6-x-200-tr","11":"pa_pallet-63-tr","12":"pa_shelf-life-24-ay","13":"pa_weight-2-75-gr-tr","15":"first","16":"instock","17":"shipping-taxable","18":"product-type-simple"},"_links":{"self":[{"href":"https:\/\/effafood.com\/tr\/wp-json\/wp\/v2\/product\/21614","targetHints":{"allow":["GET"]}}],"collection":[{"href":"https:\/\/effafood.com\/tr\/wp-json\/wp\/v2\/product"}],"about":[{"href":"https:\/\/effafood.com\/tr\/wp-json\/wp\/v2\/types\/product"}],"version-history":[{"count":1,"href":"https:\/\/effafood.com\/tr\/wp-json\/wp\/v2\/product\/21614\/revisions"}],"predecessor-version":[{"id":21813,"href":"https:\/\/effafood.com\/tr\/wp-json\/wp\/v2\/product\/21614\/revisions\/21813"}],"wp:featuredmedia":[{"embeddable":true,"href":"https:\/\/effafood.com\/tr\/wp-json\/wp\/v2\/media\/21350"}],"wp:attachment":[{"href":"https:\/\/effafood.com\/tr\/wp-json\/wp\/v2\/media?parent=21614"}],"wp:term":[{"taxonomy":"product_brand","embeddable":true,"href":"https:\/\/effafood.com\/tr\/wp-json\/wp\/v2\/product_brand?post=21614"},{"taxonomy":"product_cat","embeddable":true,"href":"https:\/\/effafood.com\/tr\/wp-json\/wp\/v2\/product_cat?post=21614"},{"taxonomy":"product_tag","embeddable":true,"href":"https:\/\/effafood.com\/tr\/wp-json\/wp\/v2\/product_tag?post=21614"}],"curies":[{"name":"wp","href":"https:\/\/api.w.org\/{rel}","templated":true}]}}