{"id":21611,"date":"2025-01-18T11:29:35","date_gmt":"2025-01-18T11:29:35","guid":{"rendered":"https:\/\/effafood.com\/product\/fuze-patlamasi-sakizi\/"},"modified":"2025-01-18T19:34:15","modified_gmt":"2025-01-18T19:34:15","slug":"fuze-patlamasi-sakizi","status":"publish","type":"product","link":"https:\/\/effafood.com\/tr\/product\/fuze-patlamasi-sakizi\/","title":{"rendered":"F\u00fcze Patlamas\u0131 Sak\u0131z"},"content":{"rendered":"","protected":false},"excerpt":{"rendered":"<p>FINI F\u00dcZE PATLAMASI SAKIZ<\/p>\n<p>6X200 adet Dil boyay\u0131c\u0131 s\u0131v\u0131 dolgulu sak\u0131z. Mavi ve K\u0131rm\u0131z\u0131 renkleri mevcuttur. Hangisini se\u00e7eceksiniz? Heyecan verici FINI F\u00fcze Patlamas\u0131 sak\u0131zlar\u0131n\u0131 ke\u015ffedin! Paket ba\u015f\u0131na 200 adet olan bu lezzetli sak\u0131zlar Mavi ve K\u0131rm\u0131z\u0131 renklerde mevcuttur. Siz hangisini se\u00e7eceksiniz? Hangi rengi se\u00e7erseniz se\u00e7in, her \u0131s\u0131r\u0131k bir lezzet ve e\u011flence patlamas\u0131d\u0131r! Bu tatl\u0131 deneyimi ka\u00e7\u0131rmay\u0131n!<\/p>\n","protected":false},"featured_media":21379,"template":"","meta":[],"product_brand":[2892],"product_cat":[3121],"product_tag":[],"class_list":{"0":"post-21611","1":"product","2":"type-product","3":"status-publish","4":"has-post-thumbnail","6":"product_brand-fini-tr","7":"product_cat-sekerleme","8":"pa_barcode-8410525243660-tr","9":"pa_brand-fini-tr","10":"pa_inbox-6-x-200-tr","11":"pa_pallet-63-tr","12":"pa_shelf-life-24-ay","13":"pa_weight-2-75-gr-tr","15":"first","16":"instock","17":"shipping-taxable","18":"product-type-simple"},"_links":{"self":[{"href":"https:\/\/effafood.com\/tr\/wp-json\/wp\/v2\/product\/21611","targetHints":{"allow":["GET"]}}],"collection":[{"href":"https:\/\/effafood.com\/tr\/wp-json\/wp\/v2\/product"}],"about":[{"href":"https:\/\/effafood.com\/tr\/wp-json\/wp\/v2\/types\/product"}],"version-history":[{"count":2,"href":"https:\/\/effafood.com\/tr\/wp-json\/wp\/v2\/product\/21611\/revisions"}],"predecessor-version":[{"id":21807,"href":"https:\/\/effafood.com\/tr\/wp-json\/wp\/v2\/product\/21611\/revisions\/21807"}],"wp:featuredmedia":[{"embeddable":true,"href":"https:\/\/effafood.com\/tr\/wp-json\/wp\/v2\/media\/21379"}],"wp:attachment":[{"href":"https:\/\/effafood.com\/tr\/wp-json\/wp\/v2\/media?parent=21611"}],"wp:term":[{"taxonomy":"product_brand","embeddable":true,"href":"https:\/\/effafood.com\/tr\/wp-json\/wp\/v2\/product_brand?post=21611"},{"taxonomy":"product_cat","embeddable":true,"href":"https:\/\/effafood.com\/tr\/wp-json\/wp\/v2\/product_cat?post=21611"},{"taxonomy":"product_tag","embeddable":true,"href":"https:\/\/effafood.com\/tr\/wp-json\/wp\/v2\/product_tag?post=21611"}],"curies":[{"name":"wp","href":"https:\/\/api.w.org\/{rel}","templated":true}]}}