{"id":21609,"date":"2025-01-18T11:02:00","date_gmt":"2025-01-18T11:02:00","guid":{"rendered":"https:\/\/effafood.com\/product\/camel-ball-sakiz\/"},"modified":"2025-01-18T19:46:09","modified_gmt":"2025-01-18T19:46:09","slug":"camel-ball-sakiz","status":"publish","type":"product","link":"https:\/\/effafood.com\/tr\/product\/camel-ball-sakiz\/","title":{"rendered":"Deve Yumurtas\u0131 Sak\u0131z"},"content":{"rendered":"","protected":false},"excerpt":{"rendered":"<p>FINI DEVE YUMURTASI SAKIZ<\/p>\n<p>6X200 adet Deve Yumurtas\u0131 sak\u0131z. Lezzetli bir s\u0131v\u0131 ile doldurulmu\u015f en \u00e7\u0131lg\u0131n sak\u0131z. E\u015fsiz Deve Yumurtas\u0131 Sak\u0131z\u0131m\u0131z ile Fini&#8217;nin heyecan verici d\u00fcnyas\u0131n\u0131 ke\u015ffedin! Bu ola\u011fan\u00fcst\u00fc sak\u0131zlar, her \u0131s\u0131r\u0131\u011f\u0131 unutulmaz bir deneyim haline getiren lezzetli bir s\u0131v\u0131 ile doldurulmu\u015ftur. \u00dcr\u00fcn\u00fcm\u00fcz, perakende sat\u0131\u015f i\u00e7in m\u00fckemmel olan 200 adetlik \u00e7ekici bir te\u015fhirde gelir.<\/p>\n<p>Ayr\u0131ca kolay saklama ve da\u011f\u0131t\u0131m i\u00e7in 6 x 200 adetlik bir kutu paketi de sunuyoruz. Sadece Fini Deve Yumurtas\u0131 Sak\u0131z\u0131n\u0131n sunabilece\u011fi unutulmaz lezzet patlamas\u0131yla heyecanlanman\u0131za izin verin! Her ya\u015ftan \u015feker severler i\u00e7in m\u00fckemmel ve her ma\u011fazada ger\u00e7ek bir hit. \u015eimdi deneyin!<\/p>\n","protected":false},"featured_media":21345,"template":"","meta":[],"product_brand":[2892],"product_cat":[3121],"product_tag":[],"class_list":{"0":"post-21609","1":"product","2":"type-product","3":"status-publish","4":"has-post-thumbnail","6":"product_brand-fini-tr","7":"product_cat-sekerleme","8":"pa_barcode-8410525184819-tr","9":"pa_brand-fini-tr","10":"pa_inbox-6-x-200-tr","11":"pa_pallet-63-tr","12":"pa_shelf-life-24-ay","13":"pa_weight-2-75-gr-tr","15":"first","16":"instock","17":"shipping-taxable","18":"product-type-simple"},"_links":{"self":[{"href":"https:\/\/effafood.com\/tr\/wp-json\/wp\/v2\/product\/21609","targetHints":{"allow":["GET"]}}],"collection":[{"href":"https:\/\/effafood.com\/tr\/wp-json\/wp\/v2\/product"}],"about":[{"href":"https:\/\/effafood.com\/tr\/wp-json\/wp\/v2\/types\/product"}],"version-history":[{"count":1,"href":"https:\/\/effafood.com\/tr\/wp-json\/wp\/v2\/product\/21609\/revisions"}],"predecessor-version":[{"id":21814,"href":"https:\/\/effafood.com\/tr\/wp-json\/wp\/v2\/product\/21609\/revisions\/21814"}],"wp:featuredmedia":[{"embeddable":true,"href":"https:\/\/effafood.com\/tr\/wp-json\/wp\/v2\/media\/21345"}],"wp:attachment":[{"href":"https:\/\/effafood.com\/tr\/wp-json\/wp\/v2\/media?parent=21609"}],"wp:term":[{"taxonomy":"product_brand","embeddable":true,"href":"https:\/\/effafood.com\/tr\/wp-json\/wp\/v2\/product_brand?post=21609"},{"taxonomy":"product_cat","embeddable":true,"href":"https:\/\/effafood.com\/tr\/wp-json\/wp\/v2\/product_cat?post=21609"},{"taxonomy":"product_tag","embeddable":true,"href":"https:\/\/effafood.com\/tr\/wp-json\/wp\/v2\/product_tag?post=21609"}],"curies":[{"name":"wp","href":"https:\/\/api.w.org\/{rel}","templated":true}]}}