{"id":21607,"date":"2025-01-18T10:49:30","date_gmt":"2025-01-18T10:49:30","guid":{"rendered":"https:\/\/effafood.com\/product\/tenis-topu-sakizi\/"},"modified":"2025-01-18T19:52:33","modified_gmt":"2025-01-18T19:52:33","slug":"tenis-topu-sakizi","status":"publish","type":"product","link":"https:\/\/effafood.com\/tr\/product\/tenis-topu-sakizi\/","title":{"rendered":"Tenis Topu Sak\u0131z\u0131"},"content":{"rendered":"","protected":false},"excerpt":{"rendered":"<p>FINI TEN\u0130S TOPU SAKIZ<\/p>\n<p>6X200 adet Ek\u015fi Tenis Sak\u0131z Toplar\u0131. Bu dolgulu tenis topu sak\u0131zlar\u0131 seti kazanman\u0131z\u0131 sa\u011flayacak. FINI Tenis Topu Sak\u0131z Toplar\u0131 ile oyununuzu serbest b\u0131rak\u0131n! Bu tatl\u0131 ikramlar sadece damak tad\u0131n\u0131za hitap etmekle kalmaz, ayn\u0131 zamanda her tenis kortuna e\u011flenceli bir dokunu\u015f getirir.<\/p>\n<p>Tenis topu \u015feklindeki Ek\u015fi Tenis Topu Sak\u0131zlar\u0131, rakiplerinizi \u015fa\u015fk\u0131na \u00e7evirecek e\u015fsiz bir lezzet deneyimi sunar. Meyvemsi, ek\u015fi aromas\u0131yla her \u0131s\u0131r\u0131k bir zevktir ve bir sonraki ma\u00e7\u0131 kazan\u0131yormu\u015f gibi hissedeceksiniz!<\/p>\n","protected":false},"featured_media":21330,"template":"","meta":[],"product_brand":[2892],"product_cat":[3121],"product_tag":[],"class_list":{"0":"post-21607","1":"product","2":"type-product","3":"status-publish","4":"has-post-thumbnail","6":"product_brand-fini-tr","7":"product_cat-sekerleme","8":"pa_barcode-8410525175039-tr","9":"pa_brand-fini-tr","10":"pa_inbox-6-x-200-tr","11":"pa_pallet-63-tr","12":"pa_shelf-life-24-ay","13":"pa_weight-2-75-gr-tr","15":"first","16":"instock","17":"shipping-taxable","18":"product-type-simple"},"_links":{"self":[{"href":"https:\/\/effafood.com\/tr\/wp-json\/wp\/v2\/product\/21607","targetHints":{"allow":["GET"]}}],"collection":[{"href":"https:\/\/effafood.com\/tr\/wp-json\/wp\/v2\/product"}],"about":[{"href":"https:\/\/effafood.com\/tr\/wp-json\/wp\/v2\/types\/product"}],"version-history":[{"count":1,"href":"https:\/\/effafood.com\/tr\/wp-json\/wp\/v2\/product\/21607\/revisions"}],"predecessor-version":[{"id":21818,"href":"https:\/\/effafood.com\/tr\/wp-json\/wp\/v2\/product\/21607\/revisions\/21818"}],"wp:featuredmedia":[{"embeddable":true,"href":"https:\/\/effafood.com\/tr\/wp-json\/wp\/v2\/media\/21330"}],"wp:attachment":[{"href":"https:\/\/effafood.com\/tr\/wp-json\/wp\/v2\/media?parent=21607"}],"wp:term":[{"taxonomy":"product_brand","embeddable":true,"href":"https:\/\/effafood.com\/tr\/wp-json\/wp\/v2\/product_brand?post=21607"},{"taxonomy":"product_cat","embeddable":true,"href":"https:\/\/effafood.com\/tr\/wp-json\/wp\/v2\/product_cat?post=21607"},{"taxonomy":"product_tag","embeddable":true,"href":"https:\/\/effafood.com\/tr\/wp-json\/wp\/v2\/product_tag?post=21607"}],"curies":[{"name":"wp","href":"https:\/\/api.w.org\/{rel}","templated":true}]}}