{"id":21605,"date":"2025-01-18T10:59:27","date_gmt":"2025-01-18T10:59:27","guid":{"rendered":"https:\/\/effafood.com\/product\/unicorn-toplari-sakiz\/"},"modified":"2025-01-18T19:49:44","modified_gmt":"2025-01-18T19:49:44","slug":"unicorn-toplari-sakiz","status":"publish","type":"product","link":"https:\/\/effafood.com\/tr\/product\/unicorn-toplari-sakiz\/","title":{"rendered":"Unicorn Sak\u0131z"},"content":{"rendered":"","protected":false},"excerpt":{"rendered":"<p>FINI UNICORN SAKIZ<\/p>\n<p>6X200 adet Sihirli toz ile doldurulmu\u015f ek\u015fi sert \u015feker topu. \u00c7ok renkli tek boynuzlu at boynuzlar\u0131na benzer. B\u00fcy\u00fcleyici FINI Unicorn Sak\u0131zlar\u0131n\u0131 ke\u015ffedin! Bu enfes, tek tek paketlenmi\u015f sak\u0131zlar sadece bir ikram de\u011fil, ayn\u0131 zamanda b\u00fcy\u00fcl\u00fc bir deneyimdir. Her bir sak\u0131z, tat deneyiminizi yepyeni bir seviyeye y\u00fckselten gizli sihirli tozumuzla doldurulmu\u015f ek\u015fi, sert bir \u015feker topudur.<\/p>\n<p>Canl\u0131 renkler, tek boynuzlu atlar\u0131n par\u0131ldayan boynuzlar\u0131n\u0131 and\u0131r\u0131r ve her par\u00e7aya ne\u015fe ve e\u011flence katar. Partiler i\u00e7in, \u00f6zel bir hediye olarak veya sadece keyif i\u00e7in m\u00fckemmeldir. Toptan paket boyutu: 6 x 200 adet &#8211; m\u00fc\u015fterilerine ger\u00e7ekten \u00f6zel bir \u015fey sunmak isteyen ma\u011fazalar i\u00e7in ideal. FINI Unicorn Sak\u0131zlar ile \u00fcr\u00fcn yelpazenize sihirli bir dokunu\u015f kat\u0131n!<\/p>\n","protected":false},"featured_media":21340,"template":"","meta":[],"product_brand":[2892],"product_cat":[3121],"product_tag":[],"class_list":{"0":"post-21605","1":"product","2":"type-product","3":"status-publish","4":"has-post-thumbnail","6":"product_brand-fini-tr","7":"product_cat-sekerleme","8":"pa_barcode-8410525238031-tr","9":"pa_brand-fini-tr","10":"pa_inbox-6-x-200-tr","11":"pa_pallet-63-tr","12":"pa_shelf-life-24-ay","13":"pa_weight-2-75-gr-tr","15":"first","16":"instock","17":"shipping-taxable","18":"product-type-simple"},"_links":{"self":[{"href":"https:\/\/effafood.com\/tr\/wp-json\/wp\/v2\/product\/21605","targetHints":{"allow":["GET"]}}],"collection":[{"href":"https:\/\/effafood.com\/tr\/wp-json\/wp\/v2\/product"}],"about":[{"href":"https:\/\/effafood.com\/tr\/wp-json\/wp\/v2\/types\/product"}],"version-history":[{"count":1,"href":"https:\/\/effafood.com\/tr\/wp-json\/wp\/v2\/product\/21605\/revisions"}],"predecessor-version":[{"id":21816,"href":"https:\/\/effafood.com\/tr\/wp-json\/wp\/v2\/product\/21605\/revisions\/21816"}],"wp:featuredmedia":[{"embeddable":true,"href":"https:\/\/effafood.com\/tr\/wp-json\/wp\/v2\/media\/21340"}],"wp:attachment":[{"href":"https:\/\/effafood.com\/tr\/wp-json\/wp\/v2\/media?parent=21605"}],"wp:term":[{"taxonomy":"product_brand","embeddable":true,"href":"https:\/\/effafood.com\/tr\/wp-json\/wp\/v2\/product_brand?post=21605"},{"taxonomy":"product_cat","embeddable":true,"href":"https:\/\/effafood.com\/tr\/wp-json\/wp\/v2\/product_cat?post=21605"},{"taxonomy":"product_tag","embeddable":true,"href":"https:\/\/effafood.com\/tr\/wp-json\/wp\/v2\/product_tag?post=21605"}],"curies":[{"name":"wp","href":"https:\/\/api.w.org\/{rel}","templated":true}]}}