{"id":21601,"date":"2025-01-18T10:54:55","date_gmt":"2025-01-18T10:54:55","guid":{"rendered":"https:\/\/effafood.com\/product\/dino-yumurta-sakizi\/"},"modified":"2025-01-18T19:51:35","modified_gmt":"2025-01-18T19:51:35","slug":"dino-yumurta-sakizi","status":"publish","type":"product","link":"https:\/\/effafood.com\/tr\/product\/dino-yumurta-sakizi\/","title":{"rendered":"Dinazor Yumurtas\u0131 Sak\u0131z\u0131"},"content":{"rendered":"","protected":false},"excerpt":{"rendered":"<p>FINI D\u0130NAZOR YUMURTASI SAKIZI<\/p>\n<p>6X200 adet Dino Yumurta sak\u0131z\u0131. \u0130\u00e7inde bir dinozor bulamayabilirsiniz ama \u00e7ok lezzetliler. 6\u00d7200 adetlik kullan\u0131\u015fl\u0131 toptan pakette lezzetli FINI D\u0130NAZOR YUMURTASI SAKIZ&#8217;\u0131 ke\u015ffedin! Bu renkli dino yumurtalar\u0131 sadece damak tad\u0131n\u0131za hitap etmekle kalmaz, ayn\u0131 zamanda \u00e7ok da e\u011flencelidir.<\/p>\n<p>\u0130\u00e7inde bir dino bulamayabilirsiniz, ancak tatl\u0131 sak\u0131z \u00e7e\u015fidi sizi kesinlikle memnun edecek! Sat\u0131\u015f veya hediye i\u00e7in m\u00fckemmel &#8211; D\u0130NAZOR YUMURTASI SAKIZI deneyin ve e\u015fsiz lezzetlerinin sizi b\u00fcy\u00fclemesine izin verin. Her durum i\u00e7in ideal!<\/p>\n","protected":false},"featured_media":21335,"template":"","meta":[],"product_brand":[2892],"product_cat":[3121],"product_tag":[],"class_list":{"0":"post-21601","1":"product","2":"type-product","3":"status-publish","4":"has-post-thumbnail","6":"product_brand-fini-tr","7":"product_cat-sekerleme","8":"pa_barcode-8410525155963-tr","9":"pa_brand-fini-tr","10":"pa_inbox-6-x-200-tr","11":"pa_pallet-63-tr","12":"pa_shelf-life-24-ay","13":"pa_weight-2-75-gr-tr","15":"first","16":"instock","17":"shipping-taxable","18":"product-type-simple"},"_links":{"self":[{"href":"https:\/\/effafood.com\/tr\/wp-json\/wp\/v2\/product\/21601","targetHints":{"allow":["GET"]}}],"collection":[{"href":"https:\/\/effafood.com\/tr\/wp-json\/wp\/v2\/product"}],"about":[{"href":"https:\/\/effafood.com\/tr\/wp-json\/wp\/v2\/types\/product"}],"version-history":[{"count":1,"href":"https:\/\/effafood.com\/tr\/wp-json\/wp\/v2\/product\/21601\/revisions"}],"predecessor-version":[{"id":21817,"href":"https:\/\/effafood.com\/tr\/wp-json\/wp\/v2\/product\/21601\/revisions\/21817"}],"wp:featuredmedia":[{"embeddable":true,"href":"https:\/\/effafood.com\/tr\/wp-json\/wp\/v2\/media\/21335"}],"wp:attachment":[{"href":"https:\/\/effafood.com\/tr\/wp-json\/wp\/v2\/media?parent=21601"}],"wp:term":[{"taxonomy":"product_brand","embeddable":true,"href":"https:\/\/effafood.com\/tr\/wp-json\/wp\/v2\/product_brand?post=21601"},{"taxonomy":"product_cat","embeddable":true,"href":"https:\/\/effafood.com\/tr\/wp-json\/wp\/v2\/product_cat?post=21601"},{"taxonomy":"product_tag","embeddable":true,"href":"https:\/\/effafood.com\/tr\/wp-json\/wp\/v2\/product_tag?post=21601"}],"curies":[{"name":"wp","href":"https:\/\/api.w.org\/{rel}","templated":true}]}}