{"id":21600,"date":"2025-01-18T11:37:54","date_gmt":"2025-01-18T11:37:54","guid":{"rendered":"https:\/\/effafood.com\/product\/boom-cilekli-sakiz\/"},"modified":"2025-01-18T19:28:53","modified_gmt":"2025-01-18T19:28:53","slug":"boom-cilekli-sakiz","status":"publish","type":"product","link":"https:\/\/effafood.com\/tr\/product\/boom-cilekli-sakiz\/","title":{"rendered":"Boom \u00c7ilekli Sak\u0131z"},"content":{"rendered":"","protected":false},"excerpt":{"rendered":"<p>FINI BOOM \u00c7\u0130LEKL\u0130 SAKIZ<\/p>\n<p>6X200 adet Ekstra ek\u015fi \u00e7ilekli sert \u015feker topu. D\u0131\u015f\u0131 ek\u015fi ve i\u00e7i s\u00fcper gazl\u0131. Buna ne kadar dayanabilirsiniz? FINI BOOM \u00c7\u0130LEK AROMALI SAKIZ&#8217;\u0131n heyecan verici d\u00fcnyas\u0131n\u0131 ke\u015ffedin! Bu ekstra ek\u015fi \u00e7ilekli sert \u015fekerlerin d\u0131\u015f\u0131 ek\u015fi ve i\u00e7i s\u00fcper gazl\u0131 lezzetle doludur. Ne kadar dayanabilirsiniz? Yo\u011fun tatlar\u0131 ve e\u011flenceyi sevenler i\u00e7in m\u00fckemmel bir ikram!<\/p>\n","protected":false},"featured_media":21394,"template":"","meta":[],"product_brand":[2892],"product_cat":[3121],"product_tag":[],"class_list":{"0":"post-21600","1":"product","2":"type-product","3":"status-publish","4":"has-post-thumbnail","6":"product_brand-fini-tr","7":"product_cat-sekerleme","8":"pa_barcode-8410525181986-tr","9":"pa_brand-fini-tr","10":"pa_inbox-6-x-200-tr","11":"pa_pallet-63-tr","12":"pa_shelf-life-24-ay","13":"pa_weight-2-75-gr-tr","15":"first","16":"instock","17":"shipping-taxable","18":"product-type-simple"},"_links":{"self":[{"href":"https:\/\/effafood.com\/tr\/wp-json\/wp\/v2\/product\/21600","targetHints":{"allow":["GET"]}}],"collection":[{"href":"https:\/\/effafood.com\/tr\/wp-json\/wp\/v2\/product"}],"about":[{"href":"https:\/\/effafood.com\/tr\/wp-json\/wp\/v2\/types\/product"}],"version-history":[{"count":1,"href":"https:\/\/effafood.com\/tr\/wp-json\/wp\/v2\/product\/21600\/revisions"}],"predecessor-version":[{"id":21803,"href":"https:\/\/effafood.com\/tr\/wp-json\/wp\/v2\/product\/21600\/revisions\/21803"}],"wp:featuredmedia":[{"embeddable":true,"href":"https:\/\/effafood.com\/tr\/wp-json\/wp\/v2\/media\/21394"}],"wp:attachment":[{"href":"https:\/\/effafood.com\/tr\/wp-json\/wp\/v2\/media?parent=21600"}],"wp:term":[{"taxonomy":"product_brand","embeddable":true,"href":"https:\/\/effafood.com\/tr\/wp-json\/wp\/v2\/product_brand?post=21600"},{"taxonomy":"product_cat","embeddable":true,"href":"https:\/\/effafood.com\/tr\/wp-json\/wp\/v2\/product_cat?post=21600"},{"taxonomy":"product_tag","embeddable":true,"href":"https:\/\/effafood.com\/tr\/wp-json\/wp\/v2\/product_tag?post=21600"}],"curies":[{"name":"wp","href":"https:\/\/api.w.org\/{rel}","templated":true}]}}