{"id":21595,"date":"2025-01-18T11:43:10","date_gmt":"2025-01-18T11:43:10","guid":{"rendered":"https:\/\/effafood.com\/product\/spinner-savas-sakizi\/"},"modified":"2025-01-18T19:25:33","modified_gmt":"2025-01-18T19:25:33","slug":"spinner-savas-sakizi","status":"publish","type":"product","link":"https:\/\/effafood.com\/tr\/product\/spinner-savas-sakizi\/","title":{"rendered":"Spinner Sava\u015f Sak\u0131z\u0131"},"content":{"rendered":"","protected":false},"excerpt":{"rendered":"<p>FINI SPINNER SAVA\u015e SAKIZ<\/p>\n<p>200 ADET Tat alma duyunuzu harekete ge\u00e7iren heyecan verici bir \u015feker deneyimi! FINI SPINNER SAVA\u015e SAKIZ&#8217;\u0131n heyecan verici d\u00fcnyas\u0131na ad\u0131m at\u0131n! 200 adetlik her bir paketle, daha \u00f6nce hi\u00e7 ya\u015famad\u0131\u011f\u0131n\u0131z tatl\u0131 ve ek\u015fi bir lezzet sava\u015f\u0131n\u0131 deneyimleyeceksiniz. Bu d\u00f6nen, e\u011flenceli \u015fekilli \u015fekerler, daha fazlas\u0131 i\u00e7in geri gelmenizi sa\u011flayacak lezzetli bir lezzet patlamas\u0131 sunmak \u00fczere tasarlanm\u0131\u015ft\u0131r.<\/p>\n<p>\u0130ster arkada\u015flar\u0131n\u0131zla payla\u015f\u0131n ister tek ba\u015f\u0131n\u0131za tad\u0131n\u0131 \u00e7\u0131kar\u0131n, her bir \u015feker e\u011flenceli ve benzersiz bir lezzet maceras\u0131 sunar. Partiler, etkinlikler veya sadece g\u00fcn\u00fcn\u00fcze biraz e\u011flence katmak i\u00e7in m\u00fckemmel olan FINI SPINNER SAVA\u015e SAKIZ, her ya\u015ftan \u015feker severin be\u011fenisini kazanacak. Lezzet sava\u015f\u0131 ba\u015flas\u0131n!<\/p>\n","protected":false},"featured_media":21404,"template":"","meta":[],"product_brand":[2892],"product_cat":[3121],"product_tag":[],"class_list":{"0":"post-21595","1":"product","2":"type-product","3":"status-publish","4":"has-post-thumbnail","6":"product_brand-fini-tr","7":"product_cat-sekerleme","8":"pa_barcode-8410525254925-tr","9":"pa_brand-fini-tr","10":"pa_inbox-6-x-200-tr","11":"pa_pallet-63-tr","12":"pa_shelf-life-24-ay","13":"pa_weight-2-75-gr-tr","15":"first","16":"instock","17":"shipping-taxable","18":"product-type-simple"},"_links":{"self":[{"href":"https:\/\/effafood.com\/tr\/wp-json\/wp\/v2\/product\/21595","targetHints":{"allow":["GET"]}}],"collection":[{"href":"https:\/\/effafood.com\/tr\/wp-json\/wp\/v2\/product"}],"about":[{"href":"https:\/\/effafood.com\/tr\/wp-json\/wp\/v2\/types\/product"}],"version-history":[{"count":1,"href":"https:\/\/effafood.com\/tr\/wp-json\/wp\/v2\/product\/21595\/revisions"}],"predecessor-version":[{"id":21801,"href":"https:\/\/effafood.com\/tr\/wp-json\/wp\/v2\/product\/21595\/revisions\/21801"}],"wp:featuredmedia":[{"embeddable":true,"href":"https:\/\/effafood.com\/tr\/wp-json\/wp\/v2\/media\/21404"}],"wp:attachment":[{"href":"https:\/\/effafood.com\/tr\/wp-json\/wp\/v2\/media?parent=21595"}],"wp:term":[{"taxonomy":"product_brand","embeddable":true,"href":"https:\/\/effafood.com\/tr\/wp-json\/wp\/v2\/product_brand?post=21595"},{"taxonomy":"product_cat","embeddable":true,"href":"https:\/\/effafood.com\/tr\/wp-json\/wp\/v2\/product_cat?post=21595"},{"taxonomy":"product_tag","embeddable":true,"href":"https:\/\/effafood.com\/tr\/wp-json\/wp\/v2\/product_tag?post=21595"}],"curies":[{"name":"wp","href":"https:\/\/api.w.org\/{rel}","templated":true}]}}