{"id":21594,"date":"2025-01-18T11:16:53","date_gmt":"2025-01-18T11:16:53","guid":{"rendered":"https:\/\/effafood.com\/product\/toro-balls-sakiz\/"},"modified":"2025-01-18T19:48:21","modified_gmt":"2025-01-18T19:48:21","slug":"toro-balls-sakiz","status":"publish","type":"product","link":"https:\/\/effafood.com\/tr\/product\/toro-balls-sakiz\/","title":{"rendered":"Bo\u011fa Yumurtas\u0131 Sak\u0131z"},"content":{"rendered":"","protected":false},"excerpt":{"rendered":"<p>FINI BO\u011eA YUMURTASI SAKIZ<\/p>\n<p>6X200 adet Bull Eggs sak\u0131z. Lezzetli bir s\u0131v\u0131 ile doldurulmu\u015f en \u00e7\u0131lg\u0131n sak\u0131z! FINI BO\u011eA YUMURTASI SAKIZ`\u0131n heyecan verici d\u00fcnyas\u0131n\u0131 ke\u015ffedin! Bu harika Bo\u011fa Eggs sak\u0131zlar\u0131 sadece tatl\u0131 de\u011fil, ayn\u0131 zamanda unutulmaz bir tat deneyimi sunan lezzetli bir s\u0131v\u0131 ile doludur.<\/p>\n<p>Sak\u0131z severler ve \u00f6zel bir \u015feyler arayan herkes i\u00e7in m\u00fckemmeldir. Her bir top ile en \u00e7\u0131lg\u0131n sak\u0131z\u0131n tad\u0131n\u0131 \u00e7\u0131kar\u0131n! Partiler, at\u0131\u015ft\u0131rmal\u0131klar veya e\u011flenceli anlar i\u00e7in ideal olan FINI O\u011eA YUMURTASI SAKIZ, \u00e7\u0131t\u0131r \u00e7\u0131t\u0131r sak\u0131z ve s\u0131v\u0131 aroman\u0131n heyecan verici birle\u015fimiyle b\u00fcy\u00fclenmenizi sa\u011flayacak. E\u011flenceli ve damak tad\u0131n\u0131z\u0131 g\u0131d\u0131klayan ger\u00e7ek bir lezzet!<\/p>\n","protected":false},"featured_media":21361,"template":"","meta":[],"product_brand":[2892],"product_cat":[3121],"product_tag":[],"class_list":{"0":"post-21594","1":"product","2":"type-product","3":"status-publish","4":"has-post-thumbnail","6":"product_brand-fini-tr","7":"product_cat-sekerleme","8":"pa_barcode-8410525233890-tr","9":"pa_brand-fini-tr","10":"pa_inbox-6-x-200-tr","11":"pa_pallet-63-tr","12":"pa_shelf-life-24-ay","13":"pa_weight-2-75-gr-tr","15":"first","16":"instock","17":"shipping-taxable","18":"product-type-simple"},"_links":{"self":[{"href":"https:\/\/effafood.com\/tr\/wp-json\/wp\/v2\/product\/21594","targetHints":{"allow":["GET"]}}],"collection":[{"href":"https:\/\/effafood.com\/tr\/wp-json\/wp\/v2\/product"}],"about":[{"href":"https:\/\/effafood.com\/tr\/wp-json\/wp\/v2\/types\/product"}],"version-history":[{"count":2,"href":"https:\/\/effafood.com\/tr\/wp-json\/wp\/v2\/product\/21594\/revisions"}],"predecessor-version":[{"id":21815,"href":"https:\/\/effafood.com\/tr\/wp-json\/wp\/v2\/product\/21594\/revisions\/21815"}],"wp:featuredmedia":[{"embeddable":true,"href":"https:\/\/effafood.com\/tr\/wp-json\/wp\/v2\/media\/21361"}],"wp:attachment":[{"href":"https:\/\/effafood.com\/tr\/wp-json\/wp\/v2\/media?parent=21594"}],"wp:term":[{"taxonomy":"product_brand","embeddable":true,"href":"https:\/\/effafood.com\/tr\/wp-json\/wp\/v2\/product_brand?post=21594"},{"taxonomy":"product_cat","embeddable":true,"href":"https:\/\/effafood.com\/tr\/wp-json\/wp\/v2\/product_cat?post=21594"},{"taxonomy":"product_tag","embeddable":true,"href":"https:\/\/effafood.com\/tr\/wp-json\/wp\/v2\/product_tag?post=21594"}],"curies":[{"name":"wp","href":"https:\/\/api.w.org\/{rel}","templated":true}]}}