{"id":21590,"date":"2025-01-18T11:19:41","date_gmt":"2025-01-18T11:19:41","guid":{"rendered":"https:\/\/effafood.com\/product\/panna-fragola-sakizi\/"},"modified":"2025-01-18T19:36:57","modified_gmt":"2025-01-18T19:36:57","slug":"panna-fragola-sakizi","status":"publish","type":"product","link":"https:\/\/effafood.com\/tr\/product\/panna-fragola-sakizi\/","title":{"rendered":"Panna Fragola Sak\u0131z"},"content":{"rendered":"","protected":false},"excerpt":{"rendered":"<p>FINI PANNA FRAGOLA SAKIZ<\/p>\n<p>6X200 Stk \u00c7ilek ve krema aromal\u0131 sak\u0131z. I\u015f\u0131ldayan etkisini ve s\u0131v\u0131 dolgusunu seveceksiniz. FINI PANNA FRAGOLA SAKIZ\u2019\u0131n lezzetli d\u00fcnyas\u0131n\u0131 ke\u015ffedin! \u00c7ilek ve krema tad\u0131ndaki bu irmikli sak\u0131zlar, t\u00fcm tatl\u0131 severler i\u00e7in m\u00fckemmel bir lezzet deneyimi sunuyor. Her \u0131s\u0131r\u0131k, sizi tatl\u0131 bir \u00e7ilek r\u00fcyas\u0131na g\u00f6t\u00fcren cezbedici bir aroma sunar.<\/p>\n<p>FINI PANNA FRAGOLA SAKIZ ile tatl\u0131 bir keyif ya\u015fay\u0131n ve e\u015fsiz lezzet deneyiminin tad\u0131n\u0131 \u00e7\u0131kar\u0131n. K\u00fc\u00e7\u00fck hediyeler ya da \u015fekerleme bar\u0131n\u0131z i\u00e7in harika bir ekleme!<\/p>\n","protected":false},"featured_media":21367,"template":"","meta":[],"product_brand":[2892],"product_cat":[3121],"product_tag":[],"class_list":{"0":"post-21590","1":"product","2":"type-product","3":"status-publish","4":"has-post-thumbnail","6":"product_brand-fini-tr","7":"product_cat-sekerleme","8":"pa_barcode-8410525194016-tr","9":"pa_brand-fini-tr","10":"pa_inbox-6-x-200-tr","11":"pa_pallet-63-tr","12":"pa_shelf-life-24-ay","13":"pa_weight-2-75-gr-tr","15":"first","16":"instock","17":"shipping-taxable","18":"product-type-simple"},"_links":{"self":[{"href":"https:\/\/effafood.com\/tr\/wp-json\/wp\/v2\/product\/21590","targetHints":{"allow":["GET"]}}],"collection":[{"href":"https:\/\/effafood.com\/tr\/wp-json\/wp\/v2\/product"}],"about":[{"href":"https:\/\/effafood.com\/tr\/wp-json\/wp\/v2\/types\/product"}],"version-history":[{"count":1,"href":"https:\/\/effafood.com\/tr\/wp-json\/wp\/v2\/product\/21590\/revisions"}],"predecessor-version":[{"id":21809,"href":"https:\/\/effafood.com\/tr\/wp-json\/wp\/v2\/product\/21590\/revisions\/21809"}],"wp:featuredmedia":[{"embeddable":true,"href":"https:\/\/effafood.com\/tr\/wp-json\/wp\/v2\/media\/21367"}],"wp:attachment":[{"href":"https:\/\/effafood.com\/tr\/wp-json\/wp\/v2\/media?parent=21590"}],"wp:term":[{"taxonomy":"product_brand","embeddable":true,"href":"https:\/\/effafood.com\/tr\/wp-json\/wp\/v2\/product_brand?post=21590"},{"taxonomy":"product_cat","embeddable":true,"href":"https:\/\/effafood.com\/tr\/wp-json\/wp\/v2\/product_cat?post=21590"},{"taxonomy":"product_tag","embeddable":true,"href":"https:\/\/effafood.com\/tr\/wp-json\/wp\/v2\/product_tag?post=21590"}],"curies":[{"name":"wp","href":"https:\/\/api.w.org\/{rel}","templated":true}]}}