{"id":21325,"date":"2025-01-18T10:42:13","date_gmt":"2025-01-18T10:42:13","guid":{"rendered":"https:\/\/effafood.com\/product\/karpuz-sakizi\/"},"modified":"2025-01-18T19:54:25","modified_gmt":"2025-01-18T19:54:25","slug":"karpuz-sakizi","status":"publish","type":"product","link":"https:\/\/effafood.com\/tr\/product\/karpuz-sakizi\/","title":{"rendered":"Karpuz Sak\u0131z\u0131"},"content":{"rendered":"","protected":false},"excerpt":{"rendered":"<p>FINI KARPUZ AROMALI SAKIZ<\/p>\n<p>Yaz\u0131n ferahlat\u0131c\u0131 tad\u0131n\u0131 FINI Karpuzlu Sak\u0131z ile ya\u015fay\u0131n!<\/p>\n<p>Bu lezzetli, dolgulu karpuz toplar\u0131, damak tad\u0131n\u0131z\u0131 dans ettirecek e\u015fsiz bir lezzet deneyimi sunar. Her \u0131s\u0131r\u0131k, meyvemsi tatl\u0131 bir nota ile ba\u015flar ve ferahlatan, canland\u0131ran keskin ek\u015fi bir lezzete d\u00f6n\u00fc\u015f\u00fcr. FINI Karpuzlu Sak\u0131z ile kendinizi \u015f\u0131mart\u0131n ve g\u00fcnl\u00fck hayat\u0131n\u0131za bir par\u00e7a yaz getirin! Her ya\u015f i\u00e7in m\u00fckemmel olan bu sak\u0131zlar, her durum i\u00e7in m\u00fckemmel bir ikramd\u0131r.<\/p>\n","protected":false},"featured_media":21323,"template":"","meta":[],"product_brand":[2892],"product_cat":[3121],"product_tag":[],"class_list":{"0":"post-21325","1":"product","2":"type-product","3":"status-publish","4":"has-post-thumbnail","6":"product_brand-fini-tr","7":"product_cat-sekerleme","8":"pa_barcode-8410525128288-tr","9":"pa_brand-fini-tr","10":"pa_inbox-6-x-200-tr","11":"pa_pallet-63-tr","12":"pa_shelf-life-24-ay","13":"pa_weight-2-75-gr-tr","15":"first","16":"instock","17":"shipping-taxable","18":"product-type-simple"},"_links":{"self":[{"href":"https:\/\/effafood.com\/tr\/wp-json\/wp\/v2\/product\/21325","targetHints":{"allow":["GET"]}}],"collection":[{"href":"https:\/\/effafood.com\/tr\/wp-json\/wp\/v2\/product"}],"about":[{"href":"https:\/\/effafood.com\/tr\/wp-json\/wp\/v2\/types\/product"}],"version-history":[{"count":2,"href":"https:\/\/effafood.com\/tr\/wp-json\/wp\/v2\/product\/21325\/revisions"}],"predecessor-version":[{"id":21819,"href":"https:\/\/effafood.com\/tr\/wp-json\/wp\/v2\/product\/21325\/revisions\/21819"}],"wp:featuredmedia":[{"embeddable":true,"href":"https:\/\/effafood.com\/tr\/wp-json\/wp\/v2\/media\/21323"}],"wp:attachment":[{"href":"https:\/\/effafood.com\/tr\/wp-json\/wp\/v2\/media?parent=21325"}],"wp:term":[{"taxonomy":"product_brand","embeddable":true,"href":"https:\/\/effafood.com\/tr\/wp-json\/wp\/v2\/product_brand?post=21325"},{"taxonomy":"product_cat","embeddable":true,"href":"https:\/\/effafood.com\/tr\/wp-json\/wp\/v2\/product_cat?post=21325"},{"taxonomy":"product_tag","embeddable":true,"href":"https:\/\/effafood.com\/tr\/wp-json\/wp\/v2\/product_tag?post=21325"}],"curies":[{"name":"wp","href":"https:\/\/api.w.org\/{rel}","templated":true}]}}