{"id":21315,"date":"2025-01-12T15:58:55","date_gmt":"2025-01-12T15:58:55","guid":{"rendered":"https:\/\/effafood.com\/product\/kakao-aromali-woowafers-aile-paketi\/"},"modified":"2025-01-19T12:51:06","modified_gmt":"2025-01-19T12:51:06","slug":"kakao-aromali-woowafers-aile-paketi","status":"publish","type":"product","link":"https:\/\/effafood.com\/tr\/product\/kakao-aromali-woowafers-aile-paketi\/","title":{"rendered":"Kakao Aromal\u0131 Woowafers (Aile Paketi)"},"content":{"rendered":"","protected":false},"excerpt":{"rendered":"<p>WOOWAFERS KAKAO DOLGULU WAFFLE<\/p>\n<p>Kakaolu Woowafers, klasik lezzetleri takdir edenler i\u00e7in m\u00fckemmel, zamans\u0131z bir ikramd\u0131r. Bu waffle&#8217;lar, kar\u015f\u0131 konulmaz bir doku ve tat kombinasyonu yaratan zengin kakao dolgusu katmanlar\u0131 ile tatmin edici bir \u00e7\u0131t\u0131rl\u0131\u011fa sahiptir.<\/p>\n<p>Gevreklik ve p\u00fcr\u00fczs\u00fcz kakao dolgusunun m\u00fckemmel dengesi, her bir \u0131s\u0131r\u0131\u011f\u0131n keyifli bir deneyim sunmas\u0131n\u0131 sa\u011flar. \u0130lk \u0131s\u0131r\u0131ktan itibaren damak tad\u0131n\u0131z\u0131 b\u00fcy\u00fcleyecek lezzetlerin uyumunun keyfini \u00e7\u0131kar\u0131n.<\/p>\n","protected":false},"featured_media":21053,"template":"","meta":[],"product_brand":[2896],"product_cat":[442],"product_tag":[],"class_list":{"0":"post-21315","1":"product","2":"type-product","3":"status-publish","4":"has-post-thumbnail","6":"product_brand-kbf-tr","7":"product_cat-atistirmalik","8":"pa_barcode-4823017509474-tr","9":"pa_brand-kbf-tr","10":"pa_inbox-12-tr","11":"pa_pallet-60-tr","12":"pa_shelf-life-12-ay","13":"pa_weight-2-420-gr-tr","15":"first","16":"instock","17":"shipping-taxable","18":"product-type-simple"},"_links":{"self":[{"href":"https:\/\/effafood.com\/tr\/wp-json\/wp\/v2\/product\/21315","targetHints":{"allow":["GET"]}}],"collection":[{"href":"https:\/\/effafood.com\/tr\/wp-json\/wp\/v2\/product"}],"about":[{"href":"https:\/\/effafood.com\/tr\/wp-json\/wp\/v2\/types\/product"}],"version-history":[{"count":1,"href":"https:\/\/effafood.com\/tr\/wp-json\/wp\/v2\/product\/21315\/revisions"}],"predecessor-version":[{"id":22021,"href":"https:\/\/effafood.com\/tr\/wp-json\/wp\/v2\/product\/21315\/revisions\/22021"}],"wp:featuredmedia":[{"embeddable":true,"href":"https:\/\/effafood.com\/tr\/wp-json\/wp\/v2\/media\/21053"}],"wp:attachment":[{"href":"https:\/\/effafood.com\/tr\/wp-json\/wp\/v2\/media?parent=21315"}],"wp:term":[{"taxonomy":"product_brand","embeddable":true,"href":"https:\/\/effafood.com\/tr\/wp-json\/wp\/v2\/product_brand?post=21315"},{"taxonomy":"product_cat","embeddable":true,"href":"https:\/\/effafood.com\/tr\/wp-json\/wp\/v2\/product_cat?post=21315"},{"taxonomy":"product_tag","embeddable":true,"href":"https:\/\/effafood.com\/tr\/wp-json\/wp\/v2\/product_tag?post=21315"}],"curies":[{"name":"wp","href":"https:\/\/api.w.org\/{rel}","templated":true}]}}