{"id":21313,"date":"2025-01-12T16:12:46","date_gmt":"2025-01-12T16:12:46","guid":{"rendered":"https:\/\/effafood.com\/product\/vanilyali-woowafers-aile-paketi\/"},"modified":"2025-01-19T12:48:28","modified_gmt":"2025-01-19T12:48:28","slug":"vanilyali-woowafers-aile-paketi","status":"publish","type":"product","link":"https:\/\/effafood.com\/tr\/product\/vanilyali-woowafers-aile-paketi\/","title":{"rendered":"Vanilyal\u0131 Woowafers (Aile Paketi)"},"content":{"rendered":"","protected":false},"excerpt":{"rendered":"<p>WOOWAFERS VAN\u0130LYA AROMALI DOLGULU WAFFLE<\/p>\n<p>Woowafers Vanilyal\u0131 waffle&#8217;lar, evinize m\u00fckemmel bir katk\u0131 sa\u011flar ve tekrar tekrar tad\u0131n\u0131 \u00e7\u0131karmak isteyece\u011finiz keyifli bir ikram sunar. Bu waffle&#8217;lar, p\u00fcr\u00fczs\u00fcz, ho\u015f kokulu vanilya aromal\u0131 krema ile doldurulmu\u015f d\u00f6rt kat hafif, gevrek beyaz waffle yapra\u011f\u0131 ile haz\u0131rlanm\u0131\u015ft\u0131r.<\/p>\n<p>Narin dokusu ve rahatlat\u0131c\u0131 vanilya tad\u0131yla bu waffle&#8217;lar\u0131n favoriniz olaca\u011f\u0131 kesin. Kendinizi bir anl\u0131\u011f\u0131na \u015f\u0131mart\u0131n ve Woowafers Vanilla&#8217;n\u0131n unutulmaz keyfini ya\u015fay\u0131n.<\/p>\n","protected":false},"featured_media":21076,"template":"","meta":[],"product_brand":[2896],"product_cat":[442],"product_tag":[],"class_list":{"0":"post-21313","1":"product","2":"type-product","3":"status-publish","4":"has-post-thumbnail","6":"product_brand-kbf-tr","7":"product_cat-atistirmalik","8":"pa_barcode-4823017509481-tr","9":"pa_brand-kbf-tr","10":"pa_inbox-12-tr","11":"pa_pallet-60-tr","12":"pa_shelf-life-12-ay","13":"pa_weight-2-420-gr-tr","15":"first","16":"instock","17":"shipping-taxable","18":"product-type-simple"},"_links":{"self":[{"href":"https:\/\/effafood.com\/tr\/wp-json\/wp\/v2\/product\/21313","targetHints":{"allow":["GET"]}}],"collection":[{"href":"https:\/\/effafood.com\/tr\/wp-json\/wp\/v2\/product"}],"about":[{"href":"https:\/\/effafood.com\/tr\/wp-json\/wp\/v2\/types\/product"}],"version-history":[{"count":1,"href":"https:\/\/effafood.com\/tr\/wp-json\/wp\/v2\/product\/21313\/revisions"}],"predecessor-version":[{"id":22017,"href":"https:\/\/effafood.com\/tr\/wp-json\/wp\/v2\/product\/21313\/revisions\/22017"}],"wp:featuredmedia":[{"embeddable":true,"href":"https:\/\/effafood.com\/tr\/wp-json\/wp\/v2\/media\/21076"}],"wp:attachment":[{"href":"https:\/\/effafood.com\/tr\/wp-json\/wp\/v2\/media?parent=21313"}],"wp:term":[{"taxonomy":"product_brand","embeddable":true,"href":"https:\/\/effafood.com\/tr\/wp-json\/wp\/v2\/product_brand?post=21313"},{"taxonomy":"product_cat","embeddable":true,"href":"https:\/\/effafood.com\/tr\/wp-json\/wp\/v2\/product_cat?post=21313"},{"taxonomy":"product_tag","embeddable":true,"href":"https:\/\/effafood.com\/tr\/wp-json\/wp\/v2\/product_tag?post=21313"}],"curies":[{"name":"wp","href":"https:\/\/api.w.org\/{rel}","templated":true}]}}