{"id":21308,"date":"2025-01-12T15:55:08","date_gmt":"2025-01-12T15:55:08","guid":{"rendered":"https:\/\/effafood.com\/product\/sut-aromali-woowafers\/"},"modified":"2025-01-19T12:51:40","modified_gmt":"2025-01-19T12:51:40","slug":"sut-aromali-woowafers","status":"publish","type":"product","link":"https:\/\/effafood.com\/tr\/product\/sut-aromali-woowafers\/","title":{"rendered":"S\u00fct Aromal\u0131 Woowafers"},"content":{"rendered":"","protected":false},"excerpt":{"rendered":"<p>WOOWAFERS S\u00dcTL\u00dc WAFFLE<\/p>\n<p>S\u00fct aromal\u0131 Woowafers, kakaolu waffle&#8217;\u0131n zengin tad\u0131n\u0131 p\u00fcr\u00fczs\u00fcz, narin s\u00fct dolgusuyla birle\u015ftirerek ger\u00e7ekten e\u015fsiz ve ho\u015fg\u00f6r\u00fcl\u00fc bir deneyim sunar. \u00dc\u00e7 katmanl\u0131 \u00e7\u0131t\u0131r waffle, kremsi dolgu ile e\u015fle\u015ftirildi\u011finde, her arzuyu tatmin edecek m\u00fckemmel bir lezzet dengesi yarat\u0131r. Sevdiklerinizle payla\u015fmak i\u00e7in ideal olan Woowafers, s\u0131cak bir fincan \u00e7ay ile tad\u0131n\u0131 \u00e7\u0131karmak i\u00e7in m\u00fckemmel bir ikramd\u0131r ve birlikte ge\u00e7irilen her ak\u015fam\u0131 \u00f6zel bir f\u0131rsat haline getirir.<\/p>\n","protected":false},"featured_media":21045,"template":"","meta":[],"product_brand":[2896],"product_cat":[442],"product_tag":[],"class_list":{"0":"post-21308","1":"product","2":"type-product","3":"status-publish","4":"has-post-thumbnail","6":"product_brand-kbf-tr","7":"product_cat-atistirmalik","8":"pa_barcode-4823017507715-tr","9":"pa_brand-kbf-tr","10":"pa_inbox-18-tr","11":"pa_pallet-180-tr","12":"pa_shelf-life-12-ay","13":"pa_weight-2-140-gr-tr","15":"first","16":"instock","17":"shipping-taxable","18":"product-type-simple"},"_links":{"self":[{"href":"https:\/\/effafood.com\/tr\/wp-json\/wp\/v2\/product\/21308","targetHints":{"allow":["GET"]}}],"collection":[{"href":"https:\/\/effafood.com\/tr\/wp-json\/wp\/v2\/product"}],"about":[{"href":"https:\/\/effafood.com\/tr\/wp-json\/wp\/v2\/types\/product"}],"version-history":[{"count":1,"href":"https:\/\/effafood.com\/tr\/wp-json\/wp\/v2\/product\/21308\/revisions"}],"predecessor-version":[{"id":22022,"href":"https:\/\/effafood.com\/tr\/wp-json\/wp\/v2\/product\/21308\/revisions\/22022"}],"wp:featuredmedia":[{"embeddable":true,"href":"https:\/\/effafood.com\/tr\/wp-json\/wp\/v2\/media\/21045"}],"wp:attachment":[{"href":"https:\/\/effafood.com\/tr\/wp-json\/wp\/v2\/media?parent=21308"}],"wp:term":[{"taxonomy":"product_brand","embeddable":true,"href":"https:\/\/effafood.com\/tr\/wp-json\/wp\/v2\/product_brand?post=21308"},{"taxonomy":"product_cat","embeddable":true,"href":"https:\/\/effafood.com\/tr\/wp-json\/wp\/v2\/product_cat?post=21308"},{"taxonomy":"product_tag","embeddable":true,"href":"https:\/\/effafood.com\/tr\/wp-json\/wp\/v2\/product_tag?post=21308"}],"curies":[{"name":"wp","href":"https:\/\/api.w.org\/{rel}","templated":true}]}}