{"id":21305,"date":"2025-01-12T15:51:20","date_gmt":"2025-01-12T15:51:20","guid":{"rendered":"https:\/\/effafood.com\/product\/muz-aromali-woowafers\/"},"modified":"2025-01-19T12:52:18","modified_gmt":"2025-01-19T12:52:18","slug":"muz-aromali-woowafers","status":"publish","type":"product","link":"https:\/\/effafood.com\/tr\/product\/muz-aromali-woowafers\/","title":{"rendered":"Muz Aromal\u0131 Woowafers"},"content":{"rendered":"","protected":false},"excerpt":{"rendered":"<p>MUZ AROMALI WOOWAFERS WAFFLE<\/p>\n<p>Muz aromal\u0131 Woowafers, g\u00fcne g\u00fcl\u00fcmseyerek ba\u015flamak i\u00e7in m\u00fckemmel bir yoldur. Bu enfes waffle&#8217;lar, \u00e7\u0131t\u0131r \u00e7\u0131t\u0131r bir dokuyu p\u00fcr\u00fczs\u00fcz, kremsi muz aromal\u0131 bir dolgu ile birle\u015ftirerek tatmin edici bir lezzet dengesi sunar.<\/p>\n<p>\u0130ster tek ba\u015f\u0131na ister s\u0131cak bir i\u00e7ecekle birlikte t\u00fcketilsin, bu waffle&#8217;lar herhangi bir \u00e7ay partisini y\u00fckseltir ve ger\u00e7ek bir kutlamaya d\u00f6n\u00fc\u015ft\u00fcr\u00fcr. Her \u0131s\u0131r\u0131kta ne\u015fe veren tatl\u0131, ho\u015fg\u00f6r\u00fcl\u00fc bir ikram\u0131 takdir edenler i\u00e7in m\u00fckemmeldir.<\/p>\n","protected":false},"featured_media":21037,"template":"","meta":[],"product_brand":[2896],"product_cat":[442],"product_tag":[],"class_list":{"0":"post-21305","1":"product","2":"type-product","3":"status-publish","4":"has-post-thumbnail","6":"product_brand-kbf-tr","7":"product_cat-atistirmalik","8":"pa_barcode-4823017507654-de","9":"pa_brand-kbf-tr","10":"pa_inbox-18-tr","11":"pa_pallet-180-tr","12":"pa_shelf-life-12-ay","13":"pa_weight-2-140-gr-tr","15":"first","16":"instock","17":"shipping-taxable","18":"product-type-simple"},"_links":{"self":[{"href":"https:\/\/effafood.com\/tr\/wp-json\/wp\/v2\/product\/21305","targetHints":{"allow":["GET"]}}],"collection":[{"href":"https:\/\/effafood.com\/tr\/wp-json\/wp\/v2\/product"}],"about":[{"href":"https:\/\/effafood.com\/tr\/wp-json\/wp\/v2\/types\/product"}],"version-history":[{"count":1,"href":"https:\/\/effafood.com\/tr\/wp-json\/wp\/v2\/product\/21305\/revisions"}],"predecessor-version":[{"id":22023,"href":"https:\/\/effafood.com\/tr\/wp-json\/wp\/v2\/product\/21305\/revisions\/22023"}],"wp:featuredmedia":[{"embeddable":true,"href":"https:\/\/effafood.com\/tr\/wp-json\/wp\/v2\/media\/21037"}],"wp:attachment":[{"href":"https:\/\/effafood.com\/tr\/wp-json\/wp\/v2\/media?parent=21305"}],"wp:term":[{"taxonomy":"product_brand","embeddable":true,"href":"https:\/\/effafood.com\/tr\/wp-json\/wp\/v2\/product_brand?post=21305"},{"taxonomy":"product_cat","embeddable":true,"href":"https:\/\/effafood.com\/tr\/wp-json\/wp\/v2\/product_cat?post=21305"},{"taxonomy":"product_tag","embeddable":true,"href":"https:\/\/effafood.com\/tr\/wp-json\/wp\/v2\/product_tag?post=21305"}],"curies":[{"name":"wp","href":"https:\/\/api.w.org\/{rel}","templated":true}]}}