{"id":21303,"date":"2025-01-12T16:03:06","date_gmt":"2025-01-12T16:03:06","guid":{"rendered":"https:\/\/effafood.com\/product\/limon-aromali-woowafers-aile-paketi\/"},"modified":"2025-01-19T12:50:23","modified_gmt":"2025-01-19T12:50:23","slug":"limon-aromali-woowafers-aile-paketi","status":"publish","type":"product","link":"https:\/\/effafood.com\/tr\/product\/limon-aromali-woowafers-aile-paketi\/","title":{"rendered":"Limon Aromal\u0131 Woowafers (Aile Paketi)"},"content":{"rendered":"","protected":false},"excerpt":{"rendered":"<p>WOOWAFERS L\u0130MON AROMALI DOLGULU WAFFLE<\/p>\n<p>Woowafers Limonlu waffle&#8217;lar ferahlat\u0131c\u0131, lezzetli limon aromas\u0131yla e\u015fle\u015ftirilmi\u015f ho\u015f bir \u00e7\u0131t\u0131rl\u0131k sunar. D\u00f6rt kat \u00e7\u0131t\u0131r waffle yapra\u011f\u0131 ile haz\u0131rlanan bu waffle&#8217;lar, parlak ve canland\u0131r\u0131c\u0131 bir tat deneyimi sa\u011flayan ho\u015f kokulu, limon aromal\u0131 bir krema ile doldurulmu\u015ftur.<\/p>\n<p>Canl\u0131 ve \u015f\u0131k ambalaj\u0131, waffle&#8217;lar\u0131n cesur, narenciye aromas\u0131n\u0131 m\u00fckemmel bir \u015fekilde tamamlar ve her durum i\u00e7in g\u00f6ze \u00e7arpan bir se\u00e7im haline getirir. Ailenizle payla\u015fmak veya tek ba\u015f\u0131n\u0131za tad\u0131n\u0131 \u00e7\u0131karmak i\u00e7in ideal olan Woowafers Lemon, herkes i\u00e7in lezzetli ve ferahlat\u0131c\u0131 bir ikramd\u0131r.<\/p>\n","protected":false},"featured_media":21061,"template":"","meta":[],"product_brand":[2896],"product_cat":[442],"product_tag":[],"class_list":{"0":"post-21303","1":"product","2":"type-product","3":"status-publish","4":"has-post-thumbnail","6":"product_brand-kbf-tr","7":"product_cat-atistirmalik","8":"pa_barcode-4823017509467-tr","9":"pa_brand-kbf-tr","10":"pa_inbox-12-tr","11":"pa_pallet-60-tr","12":"pa_shelf-life-12-ay","13":"pa_weight-2-420-gr-tr","15":"first","16":"instock","17":"shipping-taxable","18":"product-type-simple"},"_links":{"self":[{"href":"https:\/\/effafood.com\/tr\/wp-json\/wp\/v2\/product\/21303","targetHints":{"allow":["GET"]}}],"collection":[{"href":"https:\/\/effafood.com\/tr\/wp-json\/wp\/v2\/product"}],"about":[{"href":"https:\/\/effafood.com\/tr\/wp-json\/wp\/v2\/types\/product"}],"version-history":[{"count":1,"href":"https:\/\/effafood.com\/tr\/wp-json\/wp\/v2\/product\/21303\/revisions"}],"predecessor-version":[{"id":22020,"href":"https:\/\/effafood.com\/tr\/wp-json\/wp\/v2\/product\/21303\/revisions\/22020"}],"wp:featuredmedia":[{"embeddable":true,"href":"https:\/\/effafood.com\/tr\/wp-json\/wp\/v2\/media\/21061"}],"wp:attachment":[{"href":"https:\/\/effafood.com\/tr\/wp-json\/wp\/v2\/media?parent=21303"}],"wp:term":[{"taxonomy":"product_brand","embeddable":true,"href":"https:\/\/effafood.com\/tr\/wp-json\/wp\/v2\/product_brand?post=21303"},{"taxonomy":"product_cat","embeddable":true,"href":"https:\/\/effafood.com\/tr\/wp-json\/wp\/v2\/product_cat?post=21303"},{"taxonomy":"product_tag","embeddable":true,"href":"https:\/\/effafood.com\/tr\/wp-json\/wp\/v2\/product_tag?post=21303"}],"curies":[{"name":"wp","href":"https:\/\/api.w.org\/{rel}","templated":true}]}}