{"id":21301,"date":"2025-01-12T15:47:11","date_gmt":"2025-01-12T15:47:11","guid":{"rendered":"https:\/\/effafood.com\/product\/kakaolu-woowafers\/"},"modified":"2025-01-19T12:53:02","modified_gmt":"2025-01-19T12:53:02","slug":"kakaolu-woowafers","status":"publish","type":"product","link":"https:\/\/effafood.com\/tr\/product\/kakaolu-woowafers\/","title":{"rendered":"Kakaolu Woowafers"},"content":{"rendered":"","protected":false},"excerpt":{"rendered":"<p>WOOWAFERS S\u00dcT DOLGULU WAFFLE<\/p>\n<p>S\u00fct aromal\u0131 Woowafers, tatlar\u0131n ve dokular\u0131n m\u00fckemmel bir kar\u0131\u015f\u0131m\u0131n\u0131 i\u00e7eren ola\u011fan\u00fcst\u00fc bir ikram sunar. Bu nefis waffle&#8217;lar, p\u00fcr\u00fczs\u00fcz ve kremsi s\u00fct dolgusu ile doldurulmu\u015f \u00fc\u00e7 kat zengin kakaolu waffle tabakas\u0131ndan olu\u015fur.<\/p>\n<p>Sevdiklerinizle payla\u015fmak i\u00e7in ideal olan Woowafers, dinlendirici bir ak\u015fam i\u00e7in m\u00fckemmel bir e\u015flik\u00e7idir. Ger\u00e7ek bir \u015f\u0131mart\u0131c\u0131 deneyim i\u00e7in bunlar\u0131 s\u0131cak bir fincan \u00e7ay ile e\u015fle\u015ftirin.<\/p>\n","protected":false},"featured_media":21041,"template":"","meta":[],"product_brand":[2896],"product_cat":[442],"product_tag":[],"class_list":{"0":"post-21301","1":"product","2":"type-product","3":"status-publish","4":"has-post-thumbnail","6":"product_brand-kbf-tr","7":"product_cat-atistirmalik","8":"pa_barcode-4823017507579-tr","9":"pa_brand-kbf-tr","10":"pa_inbox-18-tr","11":"pa_pallet-180-tr","12":"pa_shelf-life-12-ay","13":"pa_weight-2-140-gr-tr","15":"first","16":"instock","17":"shipping-taxable","18":"product-type-simple"},"_links":{"self":[{"href":"https:\/\/effafood.com\/tr\/wp-json\/wp\/v2\/product\/21301","targetHints":{"allow":["GET"]}}],"collection":[{"href":"https:\/\/effafood.com\/tr\/wp-json\/wp\/v2\/product"}],"about":[{"href":"https:\/\/effafood.com\/tr\/wp-json\/wp\/v2\/types\/product"}],"version-history":[{"count":1,"href":"https:\/\/effafood.com\/tr\/wp-json\/wp\/v2\/product\/21301\/revisions"}],"predecessor-version":[{"id":22024,"href":"https:\/\/effafood.com\/tr\/wp-json\/wp\/v2\/product\/21301\/revisions\/22024"}],"wp:featuredmedia":[{"embeddable":true,"href":"https:\/\/effafood.com\/tr\/wp-json\/wp\/v2\/media\/21041"}],"wp:attachment":[{"href":"https:\/\/effafood.com\/tr\/wp-json\/wp\/v2\/media?parent=21301"}],"wp:term":[{"taxonomy":"product_brand","embeddable":true,"href":"https:\/\/effafood.com\/tr\/wp-json\/wp\/v2\/product_brand?post=21301"},{"taxonomy":"product_cat","embeddable":true,"href":"https:\/\/effafood.com\/tr\/wp-json\/wp\/v2\/product_cat?post=21301"},{"taxonomy":"product_tag","embeddable":true,"href":"https:\/\/effafood.com\/tr\/wp-json\/wp\/v2\/product_tag?post=21301"}],"curies":[{"name":"wp","href":"https:\/\/api.w.org\/{rel}","templated":true}]}}