{"id":21298,"date":"2025-01-12T15:31:10","date_gmt":"2025-01-12T15:31:10","guid":{"rendered":"https:\/\/effafood.com\/product\/tiramisu-aromali-sonata-sunger-rulo\/"},"modified":"2025-01-19T12:56:02","modified_gmt":"2025-01-19T12:56:02","slug":"tiramisu-aromali-sonata-sunger-rulo","status":"publish","type":"product","link":"https:\/\/effafood.com\/tr\/product\/tiramisu-aromali-sonata-sunger-rulo\/","title":{"rendered":"Tiramisu Aromal\u0131 Sonata S\u00fcnger Rulo Kek"},"content":{"rendered":"","protected":false},"excerpt":{"rendered":"<div class=\"flex-shrink-0 flex flex-col relative items-end\">\n<div>\n<div class=\"pt-0\">\n<div class=\"gizmo-bot-avatar flex h-8 w-8 items-center justify-center overflow-hidden rounded-full\">\n<div class=\"relative p-1 rounded-sm flex items-center justify-center bg-token-main-surface-primary text-token-text-primary h-8 w-8\">T\u0130RAM\u0130SU AROMALI SONATA SPONGE ROLL KEK<\/div>\n<\/div>\n<\/div>\n<\/div>\n<\/div>\n<div class=\"group\/conversation-turn relative flex w-full min-w-0 flex-col agent-turn\">\n<div class=\"flex-col gap-1 md:gap-3\">\n<div class=\"flex max-w-full flex-col flex-grow\">\n<div class=\"min-h-8 text-message flex w-full flex-col items-end gap-2 whitespace-normal break-words text-start [.text-message+&amp;]:mt-5\" dir=\"auto\" data-message-author-role=\"assistant\" data-message-id=\"748e83a4-1b0e-435c-9b6a-d2b0d04dee10\" data-message-model-slug=\"gpt-4o-mini\">\n<div class=\"flex w-full flex-col gap-1 empty:hidden first:pt-[3px]\">\n<div class=\"markdown prose w-full break-words dark:prose-invert light\">\n<p>Tiramisu aromal\u0131 Sonata S\u00fcnger Rulo Kek, tiramisunun zenginli\u011fini s\u00fcnger rulonun hafifli\u011fiyle birle\u015ftiren l\u00fcks bir tatl\u0131d\u0131r. Tatl\u0131 \u015furupla \u0131slat\u0131lm\u0131\u015f rulo, kremsi s\u00fct dolgusu ve zengin tiramisu dolgusu ile katmanlanarak m\u00fckemmel bir lezzet dengesi sunar.<\/p>\n<p>Rulo Kek, hem g\u00f6rsel \u00e7ekicili\u011fini hem de lezzetini art\u0131ran dekoratif kakaolu \u015fekerleme s\u0131r ile zarif bir \u015fekilde tamamlanm\u0131\u015ft\u0131r. Bu enfes ikram, rafine ve lezzetli bir tatl\u0131 deneyimini takdir edenler i\u00e7in idealdir.<\/p>\n<\/div>\n<\/div>\n<\/div>\n<\/div>\n<\/div>\n<\/div>\n","protected":false},"featured_media":21011,"template":"","meta":[],"product_brand":[2896],"product_cat":[442],"product_tag":[],"class_list":{"0":"post-21298","1":"product","2":"type-product","3":"status-publish","4":"has-post-thumbnail","6":"product_brand-kbf-tr","7":"product_cat-atistirmalik","8":"pa_barcode-4823017508637-de","9":"pa_brand-kbf-tr","10":"pa_inbox-18-tr","11":"pa_pallet-108-de","12":"pa_shelf-life-12-ay","13":"pa_weight-2-150-gr-tr","15":"first","16":"instock","17":"shipping-taxable","18":"product-type-simple"},"_links":{"self":[{"href":"https:\/\/effafood.com\/tr\/wp-json\/wp\/v2\/product\/21298","targetHints":{"allow":["GET"]}}],"collection":[{"href":"https:\/\/effafood.com\/tr\/wp-json\/wp\/v2\/product"}],"about":[{"href":"https:\/\/effafood.com\/tr\/wp-json\/wp\/v2\/types\/product"}],"version-history":[{"count":1,"href":"https:\/\/effafood.com\/tr\/wp-json\/wp\/v2\/product\/21298\/revisions"}],"predecessor-version":[{"id":22028,"href":"https:\/\/effafood.com\/tr\/wp-json\/wp\/v2\/product\/21298\/revisions\/22028"}],"wp:featuredmedia":[{"embeddable":true,"href":"https:\/\/effafood.com\/tr\/wp-json\/wp\/v2\/media\/21011"}],"wp:attachment":[{"href":"https:\/\/effafood.com\/tr\/wp-json\/wp\/v2\/media?parent=21298"}],"wp:term":[{"taxonomy":"product_brand","embeddable":true,"href":"https:\/\/effafood.com\/tr\/wp-json\/wp\/v2\/product_brand?post=21298"},{"taxonomy":"product_cat","embeddable":true,"href":"https:\/\/effafood.com\/tr\/wp-json\/wp\/v2\/product_cat?post=21298"},{"taxonomy":"product_tag","embeddable":true,"href":"https:\/\/effafood.com\/tr\/wp-json\/wp\/v2\/product_tag?post=21298"}],"curies":[{"name":"wp","href":"https:\/\/api.w.org\/{rel}","templated":true}]}}