{"id":21297,"date":"2025-01-12T15:25:17","date_gmt":"2025-01-12T15:25:17","guid":{"rendered":"https:\/\/effafood.com\/product\/sonata-kakaolu-sunger-rulo\/"},"modified":"2025-01-19T12:58:09","modified_gmt":"2025-01-19T12:58:09","slug":"sonata-kakaolu-sunger-rulo","status":"publish","type":"product","link":"https:\/\/effafood.com\/tr\/product\/sonata-kakaolu-sunger-rulo\/","title":{"rendered":"Sonata Kakaolu S\u00fcnger Rulo Kek"},"content":{"rendered":"","protected":false},"excerpt":{"rendered":"<p>SONATA KAKAOLU S\u00dcNGER RULO KEK<\/p>\n<p>Sonata Kakaolu S\u00fcnger Rulo Kek, ger\u00e7ek \u00e7ikolata tutkunlar\u0131 i\u00e7in tasarlanm\u0131\u015f enfes bir tatl\u0131d\u0131r. Bu hafif, havadar pandispanya, tatl\u0131 \u015furupla hassas bir \u015fekilde \u0131slat\u0131larak nemi art\u0131r\u0131l\u0131rken, kremal\u0131 s\u00fct dolgusu zengin tatlar\u0131n m\u00fckemmel bir dengesini olu\u015fturur.<\/p>\n<p>Rulo Kek, sadece zarif g\u00f6r\u00fcn\u00fcm\u00fcn\u00fc geli\u015ftirmekle kalmay\u0131p ayn\u0131 zamanda enfes tad\u0131n\u0131 da tamamlayan p\u00fcr\u00fczs\u00fcz bir glaze ile g\u00fczelce s\u00fcslenmi\u015ftir. Sofistike bir ho\u015fg\u00f6r\u00fc arayanlar i\u00e7in ideal olan Sonata s\u00fcnger rulo, ger\u00e7ekten unutulmaz bir deneyim vaat ediyor.<\/p>\n","protected":false},"featured_media":21001,"template":"","meta":[],"product_brand":[2896],"product_cat":[442],"product_tag":[],"class_list":{"0":"post-21297","1":"product","2":"type-product","3":"status-publish","4":"has-post-thumbnail","6":"product_brand-kbf-tr","7":"product_cat-atistirmalik","8":"pa_barcode-4823017508651-tr","9":"pa_brand-kbf-tr","10":"pa_inbox-18-tr","11":"pa_pallet-108-de","12":"pa_shelf-life-12-ay","13":"pa_weight-2-150-gr-tr","15":"first","16":"instock","17":"shipping-taxable","18":"product-type-simple"},"_links":{"self":[{"href":"https:\/\/effafood.com\/tr\/wp-json\/wp\/v2\/product\/21297","targetHints":{"allow":["GET"]}}],"collection":[{"href":"https:\/\/effafood.com\/tr\/wp-json\/wp\/v2\/product"}],"about":[{"href":"https:\/\/effafood.com\/tr\/wp-json\/wp\/v2\/types\/product"}],"version-history":[{"count":1,"href":"https:\/\/effafood.com\/tr\/wp-json\/wp\/v2\/product\/21297\/revisions"}],"predecessor-version":[{"id":22030,"href":"https:\/\/effafood.com\/tr\/wp-json\/wp\/v2\/product\/21297\/revisions\/22030"}],"wp:featuredmedia":[{"embeddable":true,"href":"https:\/\/effafood.com\/tr\/wp-json\/wp\/v2\/media\/21001"}],"wp:attachment":[{"href":"https:\/\/effafood.com\/tr\/wp-json\/wp\/v2\/media?parent=21297"}],"wp:term":[{"taxonomy":"product_brand","embeddable":true,"href":"https:\/\/effafood.com\/tr\/wp-json\/wp\/v2\/product_brand?post=21297"},{"taxonomy":"product_cat","embeddable":true,"href":"https:\/\/effafood.com\/tr\/wp-json\/wp\/v2\/product_cat?post=21297"},{"taxonomy":"product_tag","embeddable":true,"href":"https:\/\/effafood.com\/tr\/wp-json\/wp\/v2\/product_tag?post=21297"}],"curies":[{"name":"wp","href":"https:\/\/api.w.org\/{rel}","templated":true}]}}