{"id":21294,"date":"2025-01-12T15:35:10","date_gmt":"2025-01-12T15:35:10","guid":{"rendered":"https:\/\/effafood.com\/product\/kakaolu-mindy-swiss-roll\/"},"modified":"2025-01-19T12:54:57","modified_gmt":"2025-01-19T12:54:57","slug":"kakaolu-mindy-swiss-roll","status":"publish","type":"product","link":"https:\/\/effafood.com\/tr\/product\/kakaolu-mindy-swiss-roll\/","title":{"rendered":"Kakaolu Mindy Swiss Roll"},"content":{"rendered":"","protected":false},"excerpt":{"rendered":"<p>KAKAOLU MINDY SWISS ROLL<\/p>\n<p>Kakaolu Mindy Swiss Roll, \u00e7ikolata tutkunlar\u0131 i\u00e7in haz\u0131rlanm\u0131\u015f sofistike bir tatl\u0131d\u0131r. Bu hafif, havadar pandispanya tatl\u0131 bir \u015furupla \u0131slat\u0131larak nem ve sululuk katarken, p\u00fcr\u00fczs\u00fcz s\u00fct dolgusu uyumlu bir lezzet dengesi yarat\u0131r.<\/p>\n<p>Parlak bir glaze ile zarif bir \u015fekilde tamamlanan rulo, sadece zarif bir g\u00f6r\u00fcn\u00fcm sunmakla kalmaz, ayn\u0131 zamanda genel lezzet deneyimini de geli\u015ftirir. Keyif i\u00e7in m\u00fckemmel olan Kakaolu Mindy Swiss Roll, ger\u00e7ekten tatmin edici bir ikram vaat ediyor.<\/p>\n","protected":false},"featured_media":21016,"template":"","meta":[],"product_brand":[2896],"product_cat":[442],"product_tag":[],"class_list":{"0":"post-21294","1":"product","2":"type-product","3":"status-publish","4":"has-post-thumbnail","6":"product_brand-kbf-tr","7":"product_cat-atistirmalik","8":"pa_barcode-4823017509092-tr","9":"pa_brand-kbf-tr","10":"pa_inbox-12-tr","11":"pa_pallet-88-tr","12":"pa_shelf-life-12-ay","13":"pa_weight-2-250-gr-tr","15":"first","16":"instock","17":"shipping-taxable","18":"product-type-simple"},"_links":{"self":[{"href":"https:\/\/effafood.com\/tr\/wp-json\/wp\/v2\/product\/21294","targetHints":{"allow":["GET"]}}],"collection":[{"href":"https:\/\/effafood.com\/tr\/wp-json\/wp\/v2\/product"}],"about":[{"href":"https:\/\/effafood.com\/tr\/wp-json\/wp\/v2\/types\/product"}],"version-history":[{"count":1,"href":"https:\/\/effafood.com\/tr\/wp-json\/wp\/v2\/product\/21294\/revisions"}],"predecessor-version":[{"id":22027,"href":"https:\/\/effafood.com\/tr\/wp-json\/wp\/v2\/product\/21294\/revisions\/22027"}],"wp:featuredmedia":[{"embeddable":true,"href":"https:\/\/effafood.com\/tr\/wp-json\/wp\/v2\/media\/21016"}],"wp:attachment":[{"href":"https:\/\/effafood.com\/tr\/wp-json\/wp\/v2\/media?parent=21294"}],"wp:term":[{"taxonomy":"product_brand","embeddable":true,"href":"https:\/\/effafood.com\/tr\/wp-json\/wp\/v2\/product_brand?post=21294"},{"taxonomy":"product_cat","embeddable":true,"href":"https:\/\/effafood.com\/tr\/wp-json\/wp\/v2\/product_cat?post=21294"},{"taxonomy":"product_tag","embeddable":true,"href":"https:\/\/effafood.com\/tr\/wp-json\/wp\/v2\/product_tag?post=21294"}],"curies":[{"name":"wp","href":"https:\/\/api.w.org\/{rel}","templated":true}]}}