{"id":21290,"date":"2025-01-12T15:37:38","date_gmt":"2025-01-12T15:37:38","guid":{"rendered":"https:\/\/effafood.com\/product\/sut-aromali-mindy-swiss-roll\/"},"modified":"2025-01-19T12:54:19","modified_gmt":"2025-01-19T12:54:19","slug":"sut-aromali-mindy-swiss-roll","status":"publish","type":"product","link":"https:\/\/effafood.com\/tr\/product\/sut-aromali-mindy-swiss-roll\/","title":{"rendered":"S\u00fct Aromal\u0131 Mindy Swiss Roll"},"content":{"rendered":"","protected":false},"excerpt":{"rendered":"<p>S\u00dcT AROMALI MINDY SWISS ROLL<\/p>\n<p>S\u00fct aromal\u0131 Mindy Swiss Roll, ilk \u0131s\u0131r\u0131ktan itibaren b\u00fcy\u00fcleyen bir tatl\u0131d\u0131r. Bu hafif ve havadar pandispanya, herkese hitap edecek narin, rafine bir s\u00fct aromas\u0131yla tamamlanmaktad\u0131r.<\/p>\n<p>Rulo, \u015f\u0131k bir dokunu\u015f katan ve genel cazibesini art\u0131ran p\u00fcr\u00fczs\u00fcz bir pasta kremas\u0131 ile g\u00fczel bir \u015fekilde dekore edilmi\u015ftir. Her durum i\u00e7in m\u00fckemmel olan Mindy Swiss Roll, ince ama zengin bir lezzetten ho\u015flanan herkes i\u00e7in keyifli ve ho\u015fg\u00f6r\u00fcl\u00fc bir deneyim sunar.<\/p>\n","protected":false},"featured_media":21021,"template":"","meta":[],"product_brand":[2896],"product_cat":[442],"product_tag":[],"class_list":{"0":"post-21290","1":"product","2":"type-product","3":"status-publish","4":"has-post-thumbnail","6":"product_brand-kbf-tr","7":"product_cat-atistirmalik","8":"pa_barcode-4823017509108-tr","9":"pa_brand-kbf-tr","10":"pa_inbox-12-tr","11":"pa_pallet-88-tr","12":"pa_shelf-life-12-ay","13":"pa_weight-2-250-gr-tr","15":"first","16":"instock","17":"shipping-taxable","18":"product-type-simple"},"_links":{"self":[{"href":"https:\/\/effafood.com\/tr\/wp-json\/wp\/v2\/product\/21290","targetHints":{"allow":["GET"]}}],"collection":[{"href":"https:\/\/effafood.com\/tr\/wp-json\/wp\/v2\/product"}],"about":[{"href":"https:\/\/effafood.com\/tr\/wp-json\/wp\/v2\/types\/product"}],"version-history":[{"count":1,"href":"https:\/\/effafood.com\/tr\/wp-json\/wp\/v2\/product\/21290\/revisions"}],"predecessor-version":[{"id":22026,"href":"https:\/\/effafood.com\/tr\/wp-json\/wp\/v2\/product\/21290\/revisions\/22026"}],"wp:featuredmedia":[{"embeddable":true,"href":"https:\/\/effafood.com\/tr\/wp-json\/wp\/v2\/media\/21021"}],"wp:attachment":[{"href":"https:\/\/effafood.com\/tr\/wp-json\/wp\/v2\/media?parent=21290"}],"wp:term":[{"taxonomy":"product_brand","embeddable":true,"href":"https:\/\/effafood.com\/tr\/wp-json\/wp\/v2\/product_brand?post=21290"},{"taxonomy":"product_cat","embeddable":true,"href":"https:\/\/effafood.com\/tr\/wp-json\/wp\/v2\/product_cat?post=21290"},{"taxonomy":"product_tag","embeddable":true,"href":"https:\/\/effafood.com\/tr\/wp-json\/wp\/v2\/product_tag?post=21290"}],"curies":[{"name":"wp","href":"https:\/\/api.w.org\/{rel}","templated":true}]}}