{"id":21289,"date":"2025-01-12T14:57:04","date_gmt":"2025-01-12T14:57:04","guid":{"rendered":"https:\/\/effafood.com\/product\/mindy-puff-pinko\/"},"modified":"2025-01-19T13:07:24","modified_gmt":"2025-01-19T13:07:24","slug":"mindy-puff-pinko","status":"publish","type":"product","link":"https:\/\/effafood.com\/tr\/product\/mindy-puff-pinko\/","title":{"rendered":"Mindy Puff Pinko Marshmallow Kek"},"content":{"rendered":"","protected":false},"excerpt":{"rendered":"<p>MINDY PUFF PINKO MARSHMALLOW KEK<\/p>\n<p>Puff Pinko, \u00e7ay partinizi ger\u00e7ekten etkileyecek sofistike bir tatl\u0131yla zenginle\u015ftirmek i\u00e7in m\u00fckemmel bir se\u00e7imdir. Bu yuvarlak \u015fekilli \u015fekerli keklerin \u00fczeri, olgun \u00e7ileklerin tatl\u0131 ve canl\u0131 aromas\u0131yla a\u015f\u0131lanm\u0131\u015f marshmallow ile kaplanm\u0131\u015ft\u0131r.<\/p>\n<p>Tatl\u0131, kutlaman\u0131za hem \u00e7ekicilik hem de lezzet katan ince bir pembe toz ile zarif bir \u015fekilde tamamlanm\u0131\u015ft\u0131r. Doku ve tatlar\u0131n keyifli bir birle\u015fimi olan Puff Pinkonun misafirlerinizi b\u00fcy\u00fcleyece\u011fi ve \u00e7ay deneyiminizi y\u00fckseltece\u011fi kesindir.<\/p>\n","protected":false},"featured_media":20957,"template":"","meta":[],"product_brand":[2896],"product_cat":[442],"product_tag":[],"class_list":{"0":"post-21289","1":"product","2":"type-product","3":"status-publish","4":"has-post-thumbnail","6":"product_brand-kbf-tr","7":"product_cat-atistirmalik","8":"pa_barcode-4823017509146-tr","9":"pa_brand-kbf-tr","10":"pa_inbox-14-tr","11":"pa_pallet-80-tr","12":"pa_shelf-life-12-ay","13":"pa_weight-2-120-gr-tr","15":"first","16":"instock","17":"shipping-taxable","18":"product-type-simple"},"_links":{"self":[{"href":"https:\/\/effafood.com\/tr\/wp-json\/wp\/v2\/product\/21289","targetHints":{"allow":["GET"]}}],"collection":[{"href":"https:\/\/effafood.com\/tr\/wp-json\/wp\/v2\/product"}],"about":[{"href":"https:\/\/effafood.com\/tr\/wp-json\/wp\/v2\/types\/product"}],"version-history":[{"count":2,"href":"https:\/\/effafood.com\/tr\/wp-json\/wp\/v2\/product\/21289\/revisions"}],"predecessor-version":[{"id":22039,"href":"https:\/\/effafood.com\/tr\/wp-json\/wp\/v2\/product\/21289\/revisions\/22039"}],"wp:featuredmedia":[{"embeddable":true,"href":"https:\/\/effafood.com\/tr\/wp-json\/wp\/v2\/media\/20957"}],"wp:attachment":[{"href":"https:\/\/effafood.com\/tr\/wp-json\/wp\/v2\/media?parent=21289"}],"wp:term":[{"taxonomy":"product_brand","embeddable":true,"href":"https:\/\/effafood.com\/tr\/wp-json\/wp\/v2\/product_brand?post=21289"},{"taxonomy":"product_cat","embeddable":true,"href":"https:\/\/effafood.com\/tr\/wp-json\/wp\/v2\/product_cat?post=21289"},{"taxonomy":"product_tag","embeddable":true,"href":"https:\/\/effafood.com\/tr\/wp-json\/wp\/v2\/product_tag?post=21289"}],"curies":[{"name":"wp","href":"https:\/\/api.w.org\/{rel}","templated":true}]}}