{"id":21285,"date":"2025-01-12T15:00:43","date_gmt":"2025-01-12T15:00:43","guid":{"rendered":"https:\/\/effafood.com\/product\/mindy-puf-gokkusagi\/"},"modified":"2025-01-19T13:05:02","modified_gmt":"2025-01-19T13:05:02","slug":"mindy-puf-gokkusagi","status":"publish","type":"product","link":"https:\/\/effafood.com\/tr\/product\/mindy-puf-gokkusagi\/","title":{"rendered":"Mindy Puf G\u00f6kku\u015fa\u011f\u0131 Marshmallow Kek"},"content":{"rendered":"","protected":false},"excerpt":{"rendered":"<p>PUF G\u00d6KKU\u015eA\u011eI MARSHMALLOW KEK<\/p>\n<p>Hafif vanilya aromas\u0131yla havadar Puff Rainbow&#8217;dan daha narin bir tatl\u0131 hayal etmek zor. Bu ikramda yumu\u015fak \u015fekerli kurabiyelerin \u00fczeri kabar\u0131k vanilya aromal\u0131 marshmallowlarla kaplanm\u0131\u015f ve hepsi renkli serpintilerle g\u00fczelce s\u00fcslenmi\u015ftir.<\/p>\n<p>Tat ve dokunun uyumlu dengesi, her \u0131s\u0131r\u0131\u011f\u0131 ger\u00e7ekten keyifli bir deneyim haline getirir. \u00c7ay partileri i\u00e7in m\u00fckemmel olan Puff Rainbow, \u015f\u0131k bir dokunu\u015f ve lezzet patlamas\u0131 katarak tekrar tekrar tad\u0131n\u0131 \u00e7\u0131karmak isteyece\u011finiz unutulmaz bir an yarat\u0131r.<\/p>\n","protected":false},"featured_media":20962,"template":"","meta":[],"product_brand":[2896],"product_cat":[442],"product_tag":[],"class_list":{"0":"post-21285","1":"product","2":"type-product","3":"status-publish","4":"has-post-thumbnail","6":"product_brand-kbf-tr","7":"product_cat-atistirmalik","8":"pa_barcode-4823017509139-tr","9":"pa_brand-kbf-tr","10":"pa_inbox-14-tr","11":"pa_pallet-80-tr","12":"pa_shelf-life-12-ay","13":"pa_weight-2-120-gr-tr","15":"first","16":"instock","17":"shipping-taxable","18":"product-type-simple"},"_links":{"self":[{"href":"https:\/\/effafood.com\/tr\/wp-json\/wp\/v2\/product\/21285","targetHints":{"allow":["GET"]}}],"collection":[{"href":"https:\/\/effafood.com\/tr\/wp-json\/wp\/v2\/product"}],"about":[{"href":"https:\/\/effafood.com\/tr\/wp-json\/wp\/v2\/types\/product"}],"version-history":[{"count":1,"href":"https:\/\/effafood.com\/tr\/wp-json\/wp\/v2\/product\/21285\/revisions"}],"predecessor-version":[{"id":22037,"href":"https:\/\/effafood.com\/tr\/wp-json\/wp\/v2\/product\/21285\/revisions\/22037"}],"wp:featuredmedia":[{"embeddable":true,"href":"https:\/\/effafood.com\/tr\/wp-json\/wp\/v2\/media\/20962"}],"wp:attachment":[{"href":"https:\/\/effafood.com\/tr\/wp-json\/wp\/v2\/media?parent=21285"}],"wp:term":[{"taxonomy":"product_brand","embeddable":true,"href":"https:\/\/effafood.com\/tr\/wp-json\/wp\/v2\/product_brand?post=21285"},{"taxonomy":"product_cat","embeddable":true,"href":"https:\/\/effafood.com\/tr\/wp-json\/wp\/v2\/product_cat?post=21285"},{"taxonomy":"product_tag","embeddable":true,"href":"https:\/\/effafood.com\/tr\/wp-json\/wp\/v2\/product_tag?post=21285"}],"curies":[{"name":"wp","href":"https:\/\/api.w.org\/{rel}","templated":true}]}}