{"id":21282,"date":"2025-01-12T14:44:04","date_gmt":"2025-01-12T14:44:04","guid":{"rendered":"https:\/\/effafood.com\/product\/mindy-puf-cikolatali\/"},"modified":"2025-01-19T13:08:27","modified_gmt":"2025-01-19T13:08:27","slug":"mindy-puf-cikolatali","status":"publish","type":"product","link":"https:\/\/effafood.com\/tr\/product\/mindy-puf-cikolatali\/","title":{"rendered":"Mindy Puf \u00c7ikolatal\u0131 Marshmallow Kek"},"content":{"rendered":"","protected":false},"excerpt":{"rendered":"<p>MINDY PUFF \u00c7\u0130KOLATALI MARSHMALLOW KEK<\/p>\n<p>Puff \u00c7ikolatal\u0131, yumu\u015fak marshmallow ile doldurulmu\u015f ve rafine vanilya aromas\u0131 ile a\u015f\u0131lanm\u0131\u015f narin \u015fekerli keklerden haz\u0131rlanm\u0131\u015f nefis bir ikramd\u0131r. Tatl\u0131n\u0131n \u00fczerine hafif bir kakao serpilerek tatl\u0131l\u0131k ve lezzet aras\u0131nda ho\u015f bir denge sa\u011flanm\u0131\u015ft\u0131r.<\/p>\n<p>En sevdi\u011finiz \u00e7ay ile e\u015fle\u015ftirmek i\u00e7in ideal olan Puff \u00c7ikolatal\u0131, g\u00fcnl\u00fck anlar\u0131n\u0131z\u0131 ho\u015f bir dokunu\u015fla y\u00fckseltmeyi vaat ediyor.<\/p>\n","protected":false},"featured_media":20952,"template":"","meta":[],"product_brand":[2896],"product_cat":[442],"product_tag":[],"class_list":{"0":"post-21282","1":"product","2":"type-product","3":"status-publish","4":"has-post-thumbnail","6":"product_brand-kbf-tr","7":"product_cat-atistirmalik","8":"pa_barcode-4823017509122-tr","9":"pa_brand-kbf-tr","10":"pa_inbox-14-tr","11":"pa_pallet-80-tr","12":"pa_shelf-life-12-ay","13":"pa_weight-2-120-gr-tr","15":"first","16":"instock","17":"shipping-taxable","18":"product-type-simple"},"_links":{"self":[{"href":"https:\/\/effafood.com\/tr\/wp-json\/wp\/v2\/product\/21282","targetHints":{"allow":["GET"]}}],"collection":[{"href":"https:\/\/effafood.com\/tr\/wp-json\/wp\/v2\/product"}],"about":[{"href":"https:\/\/effafood.com\/tr\/wp-json\/wp\/v2\/types\/product"}],"version-history":[{"count":1,"href":"https:\/\/effafood.com\/tr\/wp-json\/wp\/v2\/product\/21282\/revisions"}],"predecessor-version":[{"id":22040,"href":"https:\/\/effafood.com\/tr\/wp-json\/wp\/v2\/product\/21282\/revisions\/22040"}],"wp:featuredmedia":[{"embeddable":true,"href":"https:\/\/effafood.com\/tr\/wp-json\/wp\/v2\/media\/20952"}],"wp:attachment":[{"href":"https:\/\/effafood.com\/tr\/wp-json\/wp\/v2\/media?parent=21282"}],"wp:term":[{"taxonomy":"product_brand","embeddable":true,"href":"https:\/\/effafood.com\/tr\/wp-json\/wp\/v2\/product_brand?post=21282"},{"taxonomy":"product_cat","embeddable":true,"href":"https:\/\/effafood.com\/tr\/wp-json\/wp\/v2\/product_cat?post=21282"},{"taxonomy":"product_tag","embeddable":true,"href":"https:\/\/effafood.com\/tr\/wp-json\/wp\/v2\/product_tag?post=21282"}],"curies":[{"name":"wp","href":"https:\/\/api.w.org\/{rel}","templated":true}]}}