{"id":21279,"date":"2025-01-12T15:17:35","date_gmt":"2025-01-12T15:17:35","guid":{"rendered":"https:\/\/effafood.com\/product\/mindy-max-sut-aromali-pandispanya\/"},"modified":"2025-01-19T13:00:03","modified_gmt":"2025-01-19T13:00:03","slug":"mindy-max-sut-aromali-pandispanya","status":"publish","type":"product","link":"https:\/\/effafood.com\/tr\/product\/mindy-max-sut-aromali-pandispanya\/","title":{"rendered":"Mindy Max S\u00fct Aromal\u0131 S\u00fcnger Kek"},"content":{"rendered":"","protected":false},"excerpt":{"rendered":"<div class=\"flex-shrink-0 flex flex-col relative items-end\">\n<div>\n<div class=\"pt-0\">\n<div class=\"gizmo-bot-avatar flex h-8 w-8 items-center justify-center overflow-hidden rounded-full\">\n<div class=\"relative p-1 rounded-sm flex items-center justify-center bg-token-main-surface-primary text-token-text-primary h-8 w-8\">MINDY MAX S\u00dcT AROMALI S\u00dcNGER KEK<\/div>\n<\/div>\n<\/div>\n<\/div>\n<\/div>\n<div class=\"group\/conversation-turn relative flex w-full min-w-0 flex-col agent-turn\">\n<div class=\"flex-col gap-1 md:gap-3\">\n<div class=\"flex max-w-full flex-col flex-grow\">\n<div class=\"min-h-8 text-message flex w-full flex-col items-end gap-2 whitespace-normal break-words text-start [.text-message+&amp;]:mt-5\" dir=\"auto\" data-message-author-role=\"assistant\" data-message-id=\"d6aa4f92-0325-45fb-9b86-635cb2f128b7\" data-message-model-slug=\"gpt-4o-mini\">\n<div class=\"flex w-full flex-col gap-1 empty:hidden first:pt-[3px]\">\n<div class=\"markdown prose w-full break-words dark:prose-invert light\">\n<p>Mindy Max S\u00fct Aromal\u0131 S\u00fcnger Kek, di\u011ferlerinden ayr\u0131 bir yerde duran ola\u011fan\u00fcst\u00fc bir tatl\u0131d\u0131r. Yumu\u015fak, havadar pandispanyas\u0131 ve s\u00fctl\u00fc krema dolgusuyla bu ikram, tatl\u0131 severlerin kalbini fethedecektir.<\/p>\n<p>Kekin \u00fczeri, sofistike bir dokunu\u015f katan ve enfes lezzetini art\u0131ran p\u00fcr\u00fczs\u00fcz kakaolu \u015fekerleme glaze ile zarif bir \u015fekilde kaplanm\u0131\u015ft\u0131r. Her durum i\u00e7in m\u00fckemmel olan Mindy Max, ger\u00e7ekten ho\u015fg\u00f6r\u00fcl\u00fc bir deneyim sunar.<\/p>\n<\/div>\n<\/div>\n<\/div>\n<\/div>\n<\/div>\n<\/div>\n","protected":false},"featured_media":20988,"template":"","meta":[],"product_brand":[2896],"product_cat":[442],"product_tag":[],"class_list":{"0":"post-21279","1":"product","2":"type-product","3":"status-publish","4":"has-post-thumbnail","6":"product_brand-kbf-tr","7":"product_cat-atistirmalik","8":"pa_barcode-4823017509078-tr","9":"pa_brand-kbf-tr","10":"pa_inbox-12-tr","11":"pa_pallet-80-tr","12":"pa_shelf-life-12-ay","13":"pa_weight-2-200-gr-tr","15":"first","16":"instock","17":"shipping-taxable","18":"product-type-simple"},"_links":{"self":[{"href":"https:\/\/effafood.com\/tr\/wp-json\/wp\/v2\/product\/21279","targetHints":{"allow":["GET"]}}],"collection":[{"href":"https:\/\/effafood.com\/tr\/wp-json\/wp\/v2\/product"}],"about":[{"href":"https:\/\/effafood.com\/tr\/wp-json\/wp\/v2\/types\/product"}],"version-history":[{"count":1,"href":"https:\/\/effafood.com\/tr\/wp-json\/wp\/v2\/product\/21279\/revisions"}],"predecessor-version":[{"id":22032,"href":"https:\/\/effafood.com\/tr\/wp-json\/wp\/v2\/product\/21279\/revisions\/22032"}],"wp:featuredmedia":[{"embeddable":true,"href":"https:\/\/effafood.com\/tr\/wp-json\/wp\/v2\/media\/20988"}],"wp:attachment":[{"href":"https:\/\/effafood.com\/tr\/wp-json\/wp\/v2\/media?parent=21279"}],"wp:term":[{"taxonomy":"product_brand","embeddable":true,"href":"https:\/\/effafood.com\/tr\/wp-json\/wp\/v2\/product_brand?post=21279"},{"taxonomy":"product_cat","embeddable":true,"href":"https:\/\/effafood.com\/tr\/wp-json\/wp\/v2\/product_cat?post=21279"},{"taxonomy":"product_tag","embeddable":true,"href":"https:\/\/effafood.com\/tr\/wp-json\/wp\/v2\/product_tag?post=21279"}],"curies":[{"name":"wp","href":"https:\/\/api.w.org\/{rel}","templated":true}]}}