{"id":21273,"date":"2025-01-12T15:14:24","date_gmt":"2025-01-12T15:14:24","guid":{"rendered":"https:\/\/effafood.com\/product\/mindy-max-cikolatali-pandispanya\/"},"modified":"2025-01-19T13:00:53","modified_gmt":"2025-01-19T13:00:53","slug":"mindy-max-cikolatali-pandispanya","status":"publish","type":"product","link":"https:\/\/effafood.com\/tr\/product\/mindy-max-cikolatali-pandispanya\/","title":{"rendered":"Mindy Max \u00c7ikolatal\u0131 S\u00fcnger Kek"},"content":{"rendered":"","protected":false},"excerpt":{"rendered":"<p>MINDY MAX KAKAO AROMALI S\u00dcNGER KEK<\/p>\n<p>Kakao aromal\u0131 Mindy Max S\u00fcnger Kek, ilk \u0131s\u0131r\u0131ktan itibaren b\u00fcy\u00fcleyen bir tatl\u0131d\u0131r. Bu hafif, yumu\u015fak kek lezzet bak\u0131m\u0131ndan zengindir ve benzersiz ve ho\u015fg\u00f6r\u00fcl\u00fc bir tat katan p\u00fcr\u00fczs\u00fcz s\u00fct dolgusu ile tamamlan\u0131r.<\/p>\n<p>Kek, hem g\u00f6r\u00fcn\u00fcm\u00fcn\u00fc hem de lezzetini y\u00fckselten parlak kakaolu \u015fekerleme glaz\u00fcr\u00fc ile g\u00fczel bir \u015fekilde tamamlanm\u0131\u015ft\u0131r. Lezzetli ve rafine bir ikram arayanlar i\u00e7in m\u00fckemmel olan Mindy Max, her arzuyu tatmin etmeyi vaat ediyor.<\/p>\n","protected":false},"featured_media":20983,"template":"","meta":[],"product_brand":[2896],"product_cat":[442],"product_tag":[],"class_list":{"0":"post-21273","1":"product","2":"type-product","3":"status-publish","4":"has-post-thumbnail","6":"product_brand-kbf-tr","7":"product_cat-atistirmalik","8":"pa_barcode-4823017509061-tr","9":"pa_brand-kbf-tr","10":"pa_inbox-12-tr","11":"pa_pallet-80-tr","12":"pa_shelf-life-12-ay","13":"pa_weight-2-200-gr-tr","15":"first","16":"instock","17":"shipping-taxable","18":"product-type-simple"},"_links":{"self":[{"href":"https:\/\/effafood.com\/tr\/wp-json\/wp\/v2\/product\/21273","targetHints":{"allow":["GET"]}}],"collection":[{"href":"https:\/\/effafood.com\/tr\/wp-json\/wp\/v2\/product"}],"about":[{"href":"https:\/\/effafood.com\/tr\/wp-json\/wp\/v2\/types\/product"}],"version-history":[{"count":1,"href":"https:\/\/effafood.com\/tr\/wp-json\/wp\/v2\/product\/21273\/revisions"}],"predecessor-version":[{"id":22033,"href":"https:\/\/effafood.com\/tr\/wp-json\/wp\/v2\/product\/21273\/revisions\/22033"}],"wp:featuredmedia":[{"embeddable":true,"href":"https:\/\/effafood.com\/tr\/wp-json\/wp\/v2\/media\/20983"}],"wp:attachment":[{"href":"https:\/\/effafood.com\/tr\/wp-json\/wp\/v2\/media?parent=21273"}],"wp:term":[{"taxonomy":"product_brand","embeddable":true,"href":"https:\/\/effafood.com\/tr\/wp-json\/wp\/v2\/product_brand?post=21273"},{"taxonomy":"product_cat","embeddable":true,"href":"https:\/\/effafood.com\/tr\/wp-json\/wp\/v2\/product_cat?post=21273"},{"taxonomy":"product_tag","embeddable":true,"href":"https:\/\/effafood.com\/tr\/wp-json\/wp\/v2\/product_tag?post=21273"}],"curies":[{"name":"wp","href":"https:\/\/api.w.org\/{rel}","templated":true}]}}