{"id":21217,"date":"2025-01-12T18:29:21","date_gmt":"2025-01-12T18:29:21","guid":{"rendered":"https:\/\/effafood.com\/product\/cehennem-enerjisi-karpuz-aromali\/"},"modified":"2025-01-12T21:30:22","modified_gmt":"2025-01-12T21:30:22","slug":"cehennem-enerjisi-karpuz-aromali","status":"publish","type":"product","link":"https:\/\/effafood.com\/tr\/product\/cehennem-enerjisi-karpuz-aromali\/","title":{"rendered":"Hell Enerji \u0130\u00e7ece\u011fi Karpuz Aromal\u0131"},"content":{"rendered":"","protected":false},"excerpt":{"rendered":"<p><strong>HELL STRONG Karpuz &#8211; G\u00fcn\u00fcn\u00fcz i\u00e7in Nihai Enerji Deste\u011fi<\/strong><\/p>\n<p>HELL STRONG Karpuz, g\u00fcnl\u00fck m\u00fckemmel arkada\u015f\u0131n\u0131z olmak i\u00e7in tasarlanm\u0131\u015ft\u0131r. Her 100 ml&#8217;de 32 mg kafein ve ekstra %20 daha fazla kafein ile en \u00e7ok ihtiya\u00e7 duydu\u011funuz anda g\u00fc\u00e7l\u00fc bir enerji art\u0131\u015f\u0131 sa\u011flar. Be\u015f temel B vitamini ile dolu ve koruyucu i\u00e7ermeyen HELL STRONG Karpuz, hem canland\u0131r\u0131c\u0131 enerji hem de ferahlat\u0131c\u0131 bir lezzet sunar. T\u00fcm bunlar\u0131n geri d\u00f6n\u00fc\u015ft\u00fcr\u00fclebilir bir ambalajda sunulmas\u0131, onu hem performans hem de s\u00fcrd\u00fcr\u00fclebilirlik talep edenler i\u00e7in \u00e7evre dostu bir se\u00e7im haline getirir.<\/p>\n","protected":false},"featured_media":21215,"template":"","meta":[],"product_brand":[2894],"product_cat":[384],"product_tag":[],"class_list":{"0":"post-21217","1":"product","2":"type-product","3":"status-publish","4":"has-post-thumbnail","6":"product_brand-hellenergy-tr","7":"product_cat-icecekler-tr","8":"pa_barcode-5999571054466-tr","9":"pa_brand-hellenergy-tr","10":"pa_inbox-24-tr","11":"pa_pallet-120-tr","12":"pa_shelf-life-12-ay","13":"pa_weight-2-250-ml-tr","15":"first","16":"instock","17":"shipping-taxable","18":"product-type-simple"},"_links":{"self":[{"href":"https:\/\/effafood.com\/tr\/wp-json\/wp\/v2\/product\/21217","targetHints":{"allow":["GET"]}}],"collection":[{"href":"https:\/\/effafood.com\/tr\/wp-json\/wp\/v2\/product"}],"about":[{"href":"https:\/\/effafood.com\/tr\/wp-json\/wp\/v2\/types\/product"}],"version-history":[{"count":2,"href":"https:\/\/effafood.com\/tr\/wp-json\/wp\/v2\/product\/21217\/revisions"}],"predecessor-version":[{"id":21257,"href":"https:\/\/effafood.com\/tr\/wp-json\/wp\/v2\/product\/21217\/revisions\/21257"}],"wp:featuredmedia":[{"embeddable":true,"href":"https:\/\/effafood.com\/tr\/wp-json\/wp\/v2\/media\/21215"}],"wp:attachment":[{"href":"https:\/\/effafood.com\/tr\/wp-json\/wp\/v2\/media?parent=21217"}],"wp:term":[{"taxonomy":"product_brand","embeddable":true,"href":"https:\/\/effafood.com\/tr\/wp-json\/wp\/v2\/product_brand?post=21217"},{"taxonomy":"product_cat","embeddable":true,"href":"https:\/\/effafood.com\/tr\/wp-json\/wp\/v2\/product_cat?post=21217"},{"taxonomy":"product_tag","embeddable":true,"href":"https:\/\/effafood.com\/tr\/wp-json\/wp\/v2\/product_tag?post=21217"}],"curies":[{"name":"wp","href":"https:\/\/api.w.org\/{rel}","templated":true}]}}